{"id":903,"date":"2020-06-04T01:43:59","date_gmt":"2020-06-04T01:43:59","guid":{"rendered":"https:\/\/s-markovic.edu.rs\/hu\/?page_id=903"},"modified":"2020-07-06T09:39:55","modified_gmt":"2020-07-06T09:39:55","slug":"egyuttmukodeseink","status":"publish","type":"page","link":"https:\/\/s-markovic.edu.rs\/hu\/egyuttmukodeseink\/","title":{"rendered":"Egy\u00fcttm\u0171k\u00f6d\u00e9seink"},"content":{"rendered":"<p>[et_pb_section fb_built=&#8221;1&#8243; custom_padding_last_edited=&#8221;on|phone&#8221; _builder_version=&#8221;4.4.2&#8243; background_color=&#8221;#f4f0d7&#8243; custom_padding=&#8221;10px||17px|||&#8221; custom_padding_tablet=&#8221;&#8221; custom_padding_phone=&#8221;0px||8px||false|false&#8221; bottom_divider_style=&#8221;asymmetric4&#8243; bottom_divider_color=&#8221;#6a353b&#8221; bottom_divider_height=&#8221;30px&#8221;][et_pb_row custom_padding_last_edited=&#8221;on|phone&#8221; _builder_version=&#8221;4.4.2&#8243; background_enable_color=&#8221;off&#8221; width=&#8221;92%&#8221; width_last_edited=&#8221;off|desktop&#8221; custom_padding=&#8221;12px|10px|12px|10px|true|true&#8221; custom_padding_tablet=&#8221;&#8221; custom_padding_phone=&#8221;20px||20px||true|true&#8221; border_color_bottom=&#8221;#bc5e00&#8243; border_style_bottom=&#8221;dashed&#8221;][et_pb_column type=&#8221;4_4&#8243; _builder_version=&#8221;4.4.0&#8243;][et_pb_text _builder_version=&#8221;4.4.8&#8243; text_font=&#8221;|700|||||||&#8221; text_text_color=&#8221;#00142d&#8221; text_font_size=&#8221;45px&#8221; text_line_height=&#8221;1em&#8221; text_orientation=&#8221;center&#8221; text_font_size_tablet=&#8221;&#8221; text_font_size_phone=&#8221;30px&#8221; text_font_size_last_edited=&#8221;on|phone&#8221;]<\/p>\n<p>Egy\u00fcttm\u0171k\u00f6d\u00e9seink<\/p>\n<p>[\/et_pb_text][\/et_pb_column][\/et_pb_row][\/et_pb_section][et_pb_section fb_built=&#8221;1&#8243; _builder_version=&#8221;4.4.2&#8243; background_color=&#8221;#f4f0d7&#8243; custom_padding=&#8221;34px||28px|||&#8221;][et_pb_row custom_padding_last_edited=&#8221;on|phone&#8221; _builder_version=&#8221;4.4.2&#8243; width_tablet=&#8221;&#8221; width_phone=&#8221;90%&#8221; width_last_edited=&#8221;on|phone&#8221; custom_padding=&#8221;27px|30px||30px|false|true&#8221; custom_padding_tablet=&#8221;&#8221; custom_padding_phone=&#8221;10px|10px|10px|10px|false|true&#8221; border_width_all=&#8221;1px&#8221; border_color_all=&#8221;rgba(0,0,0,0.3)&#8221;][et_pb_column type=&#8221;4_4&#8243; _builder_version=&#8221;4.4.2&#8243;][et_pb_text _builder_version=&#8221;4.4.9&#8243; text_font=&#8221;||||||||&#8221; text_text_color=&#8221;#00142d&#8221; header_2_font_size=&#8221;23px&#8221; header_2_line_height=&#8221;1.1em&#8221; header_4_text_color=&#8221;#6a353b&#8221; header_4_line_height=&#8221;1.4em&#8221; hover_enabled=&#8221;0&#8243; header_4_text_shadow_style=&#8221;preset4&#8243;]<\/p>\n<h4><strong>Al\u00e1\u00edrt egy\u00fcttm\u0171k\u00f6d\u00e9sek \u00e9s protokollok \u2013 int\u00e9zm\u00e9nyekkel \u00e9s iskol\u00e1kkal:<\/strong><\/h4>\n<ul>\n<li style=\"font-weight: 400;\"><span style=\"font-weight: 400;\">\u00dajvid\u00e9ki Egyetem Konfuciusz Int\u00e9zete a B\u00f6lcs\u00e9szettudom\u00e1nyi Karon<\/span><\/li>\n<li style=\"font-weight: 400;\"><span style=\"font-weight: 400;\">Vajdas\u00e1gi Sz\u00ednh\u00e1zm\u00fazeum<\/span><\/li>\n<li style=\"font-weight: 400;\"><span style=\"font-weight: 400;\">Balettiskola \u00dajvid\u00e9k<\/span><\/li>\n<li style=\"font-weight: 400;\"><span style=\"font-weight: 400;\">Isidor Baji\u0107 Zeneiskola \u00dajvid\u00e9k<\/span><\/li>\n<li style=\"font-weight: 400;\"><span style=\"font-weight: 400;\">Bogdan \u0160uput Ipartm\u0171v\u00e9szeti Iskola \u00dajvid\u00e9k<\/span><\/li>\n<li style=\"font-weight: 400;\"><span style=\"font-weight: 400;\">\u00c1prilis 7. Eg\u00e9szs\u00e9g\u00fcgyi Iskola \u00dajvid\u00e9k<\/span><\/li>\n<li style=\"font-weight: 400;\"><span style=\"font-weight: 400;\">Milo\u0161 Crnjanski \u00c1ltal\u00e1nos Iskola \u00dajvid\u00e9k<\/span><\/li>\n<\/ul>\n<h4><b>Az Inkluz\u00edv oktat\u00e1s region\u00e1lis t\u00e1mogat\u00e1sa elnevez\u00e9s\u0171 projekt keret\u00e9ben a k\u00f6vetkez\u0151 iskol\u00e1kkal:<\/b><\/h4>\n<ul>\n<li style=\"font-weight: 400;\"><span style=\"font-weight: 400;\">M\u0171szaki Iskola, Bor \u00e9s Hetedik Belgr\u00e1di Gimn\u00e1zium, Belgr\u00e1d<\/span><\/li>\n<li style=\"font-weight: 400;\"><span style=\"font-weight: 400;\">Tud\u00e1s \u00e9s K\u00e9szs\u00e9gek Kifejleszt\u00e9s\u00e9nek K\u00f6zpontja, \u00dajvid\u00e9k<\/span><\/li>\n<li style=\"font-weight: 400;\"><span style=\"font-weight: 400;\">Svetozar Markovi\u0107 Gimn\u00e1zium, Szabadka<\/span><\/li>\n<li style=\"font-weight: 400;\"><span style=\"font-weight: 400;\">Svetozar Markovi\u0107 Gimn\u00e1zium, Nis<\/span><\/li>\n<li style=\"font-weight: 400;\"><span style=\"font-weight: 400;\">M\u0171szaki Tudom\u00e1nyok Kara<\/span><\/li>\n<\/ul>\n<h4><b>Nemzetk\u00f6zi egy\u00fcttm\u0171k\u00f6d\u00e9s:<\/b><\/h4>\n<ul>\n<li style=\"font-weight: 400;\"><span style=\"font-weight: 400;\">Iskolak\u00f6zpont, Velenjem Szlov\u00e9nia<\/span><\/li>\n<li style=\"font-weight: 400;\"><span style=\"font-weight: 400;\">Franceta Pre\u0161ern Gimn\u00e1zium, Kranj, Szlov\u00e9nia<\/span><\/li>\n<li style=\"font-weight: 400;\"><span style=\"font-weight: 400;\">E\u00f6tv\u00f6s J\u00f3zsef Gimn\u00e1zium, Szeged, Magyarorsz\u00e1g<\/span><\/li>\n<li style=\"font-weight: 400;\"><span style=\"font-weight: 400;\">Szerb \u00c1ltal\u00e1nos Iskola \u00e9s Gimn\u00e1zium, Budapest, Magyarorsz\u00e1g<\/span><\/li>\n<li style=\"font-weight: 400;\"><span style=\"font-weight: 400;\">\u00c1rp\u00e1d Fejedelem Gimn\u00e1zium, Kistelek, Magyarorsz\u00e1g<\/span><\/li>\n<li style=\"font-weight: 400;\"><span style=\"font-weight: 400;\">L\u0151wei Kl\u00e1ra Gimn\u00e1zium, P\u00e9cs, Magyarorsz\u00e1g<\/span><\/li>\n<li style=\"font-weight: 400;\"><span style=\"font-weight: 400;\">III. L\u00edceum Ili\u00fapoliban, Ath\u00e9n, G\u00f6r\u00f6gorsz\u00e1g<\/span><\/li>\n<\/ul>\n<p>[\/et_pb_text][\/et_pb_column][\/et_pb_row][\/et_pb_section][et_pb_section fb_built=&#8221;1&#8243; _builder_version=&#8221;4.4.2&#8243; background_color=&#8221;#f4f0d7&#8243; custom_padding=&#8221;0px||0px|||&#8221;][et_pb_row use_custom_gutter=&#8221;on&#8221; gutter_width=&#8221;2&#8243; _builder_version=&#8221;4.4.8&#8243; width_tablet=&#8221;&#8221; width_phone=&#8221;90%&#8221; width_last_edited=&#8221;on|phone&#8221; custom_padding=&#8221;5px||0px|||&#8221;][et_pb_column type=&#8221;4_4&#8243; _builder_version=&#8221;4.4.2&#8243;][et_pb_text _builder_version=&#8221;4.4.8&#8243;]<\/p>\n<h2>\u0414\u0435\u0448\u0430\u0432\u0430\u045a\u0430\u00a0<\/h2>\n<p>[\/et_pb_text][et_pb_blog fullwidth=&#8221;off&#8221; posts_number=&#8221;9&#8243; include_categories=&#8221;71&#8243; show_categories=&#8221;off&#8221; show_excerpt=&#8221;off&#8221; masonry_tile_background_color=&#8221;#f4f0d7&#8243; _builder_version=&#8221;4.4.8&#8243; meta_text_color=&#8221;#6a353b&#8221; background_color=&#8221;#f4f0d7&#8243; border_radii=&#8221;on|10px|10px|10px|10px&#8221; border_width_top=&#8221;10px&#8221; border_color_top=&#8221;#6a353b&#8221; border_width_bottom=&#8221;10px&#8221; border_color_bottom=&#8221;#dddddd&#8221; border_style_bottom=&#8221;ridge&#8221; box_shadow_style=&#8221;preset2&#8243; header_text_color__hover_enabled=&#8221;off|hover&#8221; header_text_color__hover=&#8221;#6a353b&#8221; custom_margin__hover_enabled=&#8221;on|hover&#8221; custom_margin__hover=&#8221;||||false|false&#8221; border_color_top__hover_enabled=&#8221;on|desktop&#8221; border_width_top__hover_enabled=&#8221;on|hover&#8221; border_width_bottom__hover_enabled=&#8221;on|desktop&#8221; border_width_bottom__hover=&#8221;10px&#8221; border_color_bottom__hover_enabled=&#8221;on|hover&#8221; border_color_bottom__hover=&#8221;#6a353b&#8221;][\/et_pb_blog][\/et_pb_column][\/et_pb_row][\/et_pb_section]<\/p>\n","protected":false},"excerpt":{"rendered":"<p>Egy\u00fcttm\u0171k\u00f6d\u00e9seinkAl\u00e1\u00edrt egy\u00fcttm\u0171k\u00f6d\u00e9sek \u00e9s protokollok \u2013 int\u00e9zm\u00e9nyekkel \u00e9s iskol\u00e1kkal: \u00dajvid\u00e9ki Egyetem Konfuciusz Int\u00e9zete a B\u00f6lcs\u00e9szettudom\u00e1nyi Karon Vajdas\u00e1gi Sz\u00ednh\u00e1zm\u00fazeum Balettiskola \u00dajvid\u00e9k Isidor Baji\u0107 Zeneiskola \u00dajvid\u00e9k Bogdan \u0160uput Ipartm\u0171v\u00e9szeti Iskola \u00dajvid\u00e9k \u00c1prilis 7. Eg\u00e9szs\u00e9g\u00fcgyi Iskola \u00dajvid\u00e9k Milo\u0161 Crnjanski \u00c1ltal\u00e1nos Iskola \u00dajvid\u00e9k Az Inkluz\u00edv oktat\u00e1s region\u00e1lis t\u00e1mogat\u00e1sa elnevez\u00e9s\u0171 projekt keret\u00e9ben a k\u00f6vetkez\u0151 iskol\u00e1kkal: M\u0171szaki Iskola, Bor \u00e9s Hetedik Belgr\u00e1di [&hellip;]<\/p>\n","protected":false},"author":1,"featured_media":240,"parent":0,"menu_order":0,"comment_status":"closed","ping_status":"closed","template":"","meta":{"_et_pb_use_builder":"on","_et_pb_old_content":"","_et_gb_content_width":"","footnotes":""},"class_list":["post-903","page","type-page","status-publish","has-post-thumbnail","hentry"],"_links":{"self":[{"href":"https:\/\/s-markovic.edu.rs\/hu\/wp-json\/wp\/v2\/pages\/903","targetHints":{"allow":["GET"]}}],"collection":[{"href":"https:\/\/s-markovic.edu.rs\/hu\/wp-json\/wp\/v2\/pages"}],"about":[{"href":"https:\/\/s-markovic.edu.rs\/hu\/wp-json\/wp\/v2\/types\/page"}],"author":[{"embeddable":true,"href":"https:\/\/s-markovic.edu.rs\/hu\/wp-json\/wp\/v2\/users\/1"}],"replies":[{"embeddable":true,"href":"https:\/\/s-markovic.edu.rs\/hu\/wp-json\/wp\/v2\/comments?post=903"}],"version-history":[{"count":9,"href":"https:\/\/s-markovic.edu.rs\/hu\/wp-json\/wp\/v2\/pages\/903\/revisions"}],"predecessor-version":[{"id":2353,"href":"https:\/\/s-markovic.edu.rs\/hu\/wp-json\/wp\/v2\/pages\/903\/revisions\/2353"}],"wp:featuredmedia":[{"embeddable":true,"href":"https:\/\/s-markovic.edu.rs\/hu\/wp-json\/wp\/v2\/media\/240"}],"wp:attachment":[{"href":"https:\/\/s-markovic.edu.rs\/hu\/wp-json\/wp\/v2\/media?parent=903"}],"curies":[{"name":"wp","href":"https:\/\/api.w.org\/{rel}","templated":true}]}}