{"id":592,"date":"2020-05-31T01:32:13","date_gmt":"2020-05-31T01:32:13","guid":{"rendered":"https:\/\/s-markovic.edu.rs\/hu\/?page_id=592"},"modified":"2020-06-29T21:47:25","modified_gmt":"2020-06-29T21:47:25","slug":"ujsagiro-szakkor","status":"publish","type":"page","link":"https:\/\/s-markovic.edu.rs\/hu\/ujsagiro-szakkor\/","title":{"rendered":"\u00dajs\u00e1g\u00edr\u00f3 szakk\u00f6r"},"content":{"rendered":"<p>[et_pb_section fb_built=&#8221;1&#8243; custom_padding_last_edited=&#8221;on|phone&#8221; _builder_version=&#8221;4.4.2&#8243; background_color=&#8221;#f4f0d7&#8243; custom_padding=&#8221;10px||17px|||&#8221; custom_padding_tablet=&#8221;&#8221; custom_padding_phone=&#8221;0px||8px||false|false&#8221; bottom_divider_style=&#8221;asymmetric4&#8243; bottom_divider_color=&#8221;#6a353b&#8221; bottom_divider_height=&#8221;30px&#8221;][et_pb_row custom_padding_last_edited=&#8221;on|phone&#8221; _builder_version=&#8221;4.4.2&#8243; background_enable_color=&#8221;off&#8221; width=&#8221;92%&#8221; width_last_edited=&#8221;off|desktop&#8221; custom_padding=&#8221;12px|10px|12px|10px|true|true&#8221; custom_padding_tablet=&#8221;&#8221; custom_padding_phone=&#8221;20px||20px||true|true&#8221; border_color_bottom=&#8221;#bc5e00&#8243; border_style_bottom=&#8221;dashed&#8221;][et_pb_column type=&#8221;4_4&#8243; _builder_version=&#8221;4.4.0&#8243;][et_pb_text _builder_version=&#8221;4.4.8&#8243; text_font=&#8221;|700|||||||&#8221; text_text_color=&#8221;#00142d&#8221; text_font_size=&#8221;45px&#8221; text_line_height=&#8221;1em&#8221; text_orientation=&#8221;center&#8221; hover_enabled=&#8221;0&#8243; text_font_size_tablet=&#8221;&#8221; text_font_size_phone=&#8221;30px&#8221; text_font_size_last_edited=&#8221;on|phone&#8221;]<\/p>\n<p>\u00dajs\u00e1g\u00edr\u00f3 szakk\u00f6r<\/p>\n<p>[\/et_pb_text][\/et_pb_column][\/et_pb_row][\/et_pb_section][et_pb_section fb_built=&#8221;1&#8243; _builder_version=&#8221;4.4.2&#8243; background_color=&#8221;#f4f0d7&#8243; custom_padding=&#8221;34px||0px|||&#8221;][et_pb_row custom_padding_last_edited=&#8221;on|phone&#8221; _builder_version=&#8221;4.4.2&#8243; width_tablet=&#8221;&#8221; width_phone=&#8221;90%&#8221; width_last_edited=&#8221;on|phone&#8221; custom_padding=&#8221;27px|30px||30px|false|true&#8221; custom_padding_tablet=&#8221;&#8221; custom_padding_phone=&#8221;10px|10px|10px|10px|false|true&#8221; border_width_all=&#8221;1px&#8221; border_color_all=&#8221;rgba(0,0,0,0.3)&#8221;][et_pb_column type=&#8221;4_4&#8243; _builder_version=&#8221;4.4.2&#8243;][et_pb_text _builder_version=&#8221;4.4.7&#8243; text_font=&#8221;||||||||&#8221; text_text_color=&#8221;#00142d&#8221;]<\/p>\n<p><img loading=\"lazy\" decoding=\"async\" src=\"https:\/\/s-markovic.edu.rs\/hu\/wp-content\/uploads\/sites\/2\/2020\/05\/1.-\u0421\u043b\u0438\u043a\u0430-\u0441\u0435\u043a\u0446\u0438\u0458\u0435.png\" width=\"1089\" height=\"704\" alt=\"\" class=\"wp-image-593 alignnone size-full\" srcset=\"https:\/\/s-markovic.edu.rs\/hu\/wp-content\/uploads\/sites\/2\/2020\/05\/1.-\u0421\u043b\u0438\u043a\u0430-\u0441\u0435\u043a\u0446\u0438\u0458\u0435.png 1089w, https:\/\/s-markovic.edu.rs\/hu\/wp-content\/uploads\/sites\/2\/2020\/05\/1.-\u0421\u043b\u0438\u043a\u0430-\u0441\u0435\u043a\u0446\u0438\u0458\u0435-300x194.png 300w, https:\/\/s-markovic.edu.rs\/hu\/wp-content\/uploads\/sites\/2\/2020\/05\/1.-\u0421\u043b\u0438\u043a\u0430-\u0441\u0435\u043a\u0446\u0438\u0458\u0435-1024x662.png 1024w, https:\/\/s-markovic.edu.rs\/hu\/wp-content\/uploads\/sites\/2\/2020\/05\/1.-\u0421\u043b\u0438\u043a\u0430-\u0441\u0435\u043a\u0446\u0438\u0458\u0435-768x496.png 768w, https:\/\/s-markovic.edu.rs\/hu\/wp-content\/uploads\/sites\/2\/2020\/05\/1.-\u0421\u043b\u0438\u043a\u0430-\u0441\u0435\u043a\u0446\u0438\u0458\u0435-1080x698.png 1080w, https:\/\/s-markovic.edu.rs\/hu\/wp-content\/uploads\/sites\/2\/2020\/05\/1.-\u0421\u043b\u0438\u043a\u0430-\u0441\u0435\u043a\u0446\u0438\u0458\u0435-980x634.png 980w, https:\/\/s-markovic.edu.rs\/hu\/wp-content\/uploads\/sites\/2\/2020\/05\/1.-\u0421\u043b\u0438\u043a\u0430-\u0441\u0435\u043a\u0446\u0438\u0458\u0435-480x310.png 480w\" sizes=\"(max-width: 1089px) 100vw, 1089px\" \/><\/p>\n<h3 style=\"text-align: left;\"><strong>&#8212;<\/strong><\/h3>\n<h3 style=\"text-align: left;\"><span style=\"color: #800000;\"><strong>\u0420\u0410\u0414 \u0421\u0410 \u0402\u0410\u0426\u0418\u041c\u0410<\/strong><\/span><\/h3>\n<p>\u0423 \u041d\u043e\u0432\u0438\u043d\u0430\u0440\u0441\u043a\u043e\u0458 \u0441\u0435\u043a\u0446\u0438\u0458\u0438 \u0413\u0438\u043c\u043d\u0430\u0437\u0438\u0458\u0435 \u201e\u0421\u0432\u0435\u0442\u043e\u0437\u0430\u0440 \u041c\u0430\u0440\u043a\u043e\u0432\u0438\u045b\u201c \u0443\u0447\u0435\u043d\u0438\u0446\u0438 \u0441\u0435 \u0431\u0430\u0432\u0435 \u0440\u0430\u0434\u043e\u043c \u0443 \u043e\u043a\u0432\u0438\u0440\u0443 \u0441\u043b\u0435\u0434\u0435\u045b\u0438\u0445 \u043e\u0431\u043b\u0430\u0441\u0442\u0438:<\/p>\n<ul>\n<li>\u043f\u0438\u0441\u0430\u045a\u0435 \u043d\u043e\u0432\u0438\u043d\u0441\u043a\u0438\u0445 \u0442\u0435\u043a\u0441\u0442\u043e\u0432\u0430<\/li>\n<li>\u0433\u0440\u0430\u0444\u0438\u0447\u043a\u043e \u0443\u0440\u0435\u0452\u0435\u045a\u0435 \u0447\u0430\u0441\u043e\u043f\u0438\u0441\u0430 \u0438 \u0431\u0438\u043b\u0442\u0435\u043d\u0430<\/li>\n<li>\u0441\u043d\u0438\u043c\u0430\u045a\u0435 \u0438 \u0443\u0440\u0435\u0452\u0438\u0432\u0430\u045a\u0435 \u0430\u0443\u0434\u0438\u043e-\u0437\u0430\u043f\u0438\u0441\u0430<\/li>\n<li>\u0441\u043d\u0438\u043c\u0430\u045a\u0435 \u0438 \u0443\u0440\u0435\u0452\u0438\u0432\u0430\u045a\u0435 \u0432\u0438\u0434\u0435\u043e-\u043c\u0430\u0442\u0435\u0440\u0438\u0458\u0430\u043b\u0430<\/li>\n<li>\u043f\u0440\u0435\u0437\u0435\u043d\u0442\u0430\u0446\u0438\u0458\u0430 \u0438 \u0432\u043e\u0452\u0435\u045a\u0435 \u043f\u0440\u043e\u0433\u0440\u0430\u043c\u0430<\/li>\n<li>\u0432\u043e\u0452\u0435\u045a\u0435 \u0431\u043b\u043e\u0433\u0430<\/li>\n<li>\u0432\u043e\u0452\u0435\u045a\u0435 \u0441\u0442\u0440\u0430\u043d\u0438\u0446\u0430 \u043d\u0430 \u0434\u0440\u0443\u0448\u0442\u0432\u0435\u043d\u0438\u043c \u043c\u0440\u0435\u0436\u0430\u043c\u0430.<\/li>\n<\/ul>\n<p>\u041e\u0434 \u043e\u0441\u043d\u0438\u0432\u0430\u045a\u0430 \u041d\u043e\u0432\u0438\u043d\u0430\u0440\u0441\u043a\u0435 \u0441\u0435\u043a\u0446\u0438\u0458\u0435 \u0413\u0438\u043c\u043d\u0430\u0437\u0438\u0458\u0435 \u0434\u043e \u0434\u0430\u043d\u0430\u0441 \u0438\u0437\u0434\u0430\u0442\u043e \u0458\u0435 \u0442\u0440\u0438\u0434\u0435\u0441\u0435\u0442 \u0438 \u0434\u0432\u0430 \u0431\u0440\u043e\u0458\u0430 \u0447\u0430\u0441\u043e\u043f\u0438\u0441\u0430 <em>\u0413\u0438\u043c\u043d\u0430\u0437\u0438\u0458\u0430\u043b\u0430\u0446 <\/em>\u0438 \u0434\u0432\u0430\u0434\u0435\u0441\u0435\u0442 \u0438 \u043f\u0435\u0442 <em>\u0411\u0438\u043b\u0442\u0435\u043d\u0430<\/em> \u0428\u043a\u043e\u043b\u0441\u043a\u043e\u0433 \u043f\u043e\u0437\u043e\u0440\u0458\u0430 \u2013 \u043c\u0430\u043d\u0438\u0444\u0435\u0441\u0442\u0430\u0446\u0438\u0458\u0435 \u043d\u0430 \u043a\u043e\u0458\u043e\u0458 \u0441\u0435 \u043e\u0440\u0433\u0430\u043d\u0438\u0437\u0443\u0458\u0435 \u0442\u0430\u043a\u043c\u0438\u0447\u0435\u045a\u0435 \u0443 \u0438\u0437\u0432\u043e\u0452\u0435\u045a\u0443 \u043f\u043e\u0437\u043e\u0440\u0438\u0448\u043d\u0438\u0445 \u043f\u0440\u0435\u0434\u0441\u0442\u0430\u0432\u0430 \u0441\u0440\u0435\u0434\u045a\u0438\u0445 \u0448\u043a\u043e\u043b\u0430 \u0412\u043e\u0458\u0432\u043e\u0434\u0438\u043d\u0435. \u041e\u0434 \u0448\u043a\u043e\u043b\u0441\u043a\u0435 2018\/ 2019. \u0433\u043e\u0434\u0438\u043d\u0435 \u0434\u043e \u0434\u0430\u043d\u0430\u0441, \u0443 \u0441\u0430\u0440\u0430\u0434\u045a\u0438 \u0441\u0430 <em>\u041e\u043c\u043b\u0430\u0434\u0438\u043d\u0441\u043a\u0438\u043c \u0440\u0430\u0434\u0438\u043e\u043c<\/em> \u0441\u043d\u0438\u043c\u0459\u0435\u043d\u043e \u0458\u0435 \u0434\u0435\u0432\u0435\u0442 \u0440\u0430\u0434\u0438\u043e-\u0435\u043c\u0438\u0441\u0438\u0458\u0430 <em>\u041f\u043e\u0441\u043b\u0435 \u0447\u0430\u0441\u0430<\/em>, \u0430 \u0443 \u043e\u043a\u0432\u0438\u0440\u0443 \u043f\u0440\u043e\u0458\u0435\u043a\u0442\u0430 \u0421\u0430\u0432\u0435\u0437\u0430 \u0437\u0430 \u0448\u043a\u043e\u043b\u0441\u043a\u0438 \u0441\u043f\u043e\u0440\u0442 \u0421\u0440\u0431\u0438\u0458\u0435 <em>\u0402\u0430\u043a-\u0440\u0435\u043f\u043e\u0440\u0442\u0435\u0440<\/em> \u0441\u043d\u0438\u043c\u0459\u0435\u043d\u043e \u0458\u0435 \u0432\u0438\u0448\u0435 \u0432\u0438\u0434\u0435\u043e-\u043f\u0440\u0438\u043b\u043e\u0433\u0430 \u043e \u0441\u043f\u043e\u0440\u0442\u0443 \u0438 \u043d\u0430\u043f\u0438\u0441\u0430\u043d\u043e \u0458\u0435 \u0432\u0438\u0448\u0435 \u0442\u0435\u043a\u0441\u0442\u043e\u0432\u0430 \u043a\u043e\u0458\u0438 \u0441\u0443 \u043e\u0431\u0458\u0430\u0432\u0459\u0438\u0432\u0430\u043d\u0438 \u0443 \u0434\u043e\u0434\u0430\u0442\u043a\u0443 \u043d\u043e\u0432\u0438\u043d\u0430 <em>\u0421\u043f\u043e\u0440\u0442\u0441\u043a\u0438 \u0436\u0443\u0440\u043d\u0430\u043b. <\/em><\/p>\n<p>\u0421\u0435\u043a\u0446\u0438\u0458\u0430 \u0458\u0435 \u043e\u0441\u0442\u0432\u0430\u0440\u0438\u043b\u0430 \u0443\u0441\u043f\u0435\u0448\u043d\u0443 \u0441\u0430\u0440\u0430\u0434\u045a\u0443 \u0441\u0430 \u0420\u0422\u0412-\u043e\u043c, \u041e\u0434\u0441\u0435\u043a\u043e\u043c \u0437\u0430 \u043c\u0435\u0434\u0438\u0458\u0441\u043a\u0435 \u0441\u0442\u0443\u0434\u0438\u0458\u0435 \u0424\u0438\u043b\u043e\u0437\u043e\u0444\u0441\u043a\u043e\u0433 \u0444\u0430\u043a\u0443\u043b\u0442\u0435\u0442\u0430 \u0443 \u041d\u043e\u0432\u043e\u043c \u0421\u0430\u0434\u0443, \u041e\u043c\u043b\u0430\u0434\u0438\u043d\u0441\u043a\u0438\u043c \u0440\u0430\u0434\u0438\u043e\u043c \u0438 \u0421\u0430\u0432\u0435\u0437\u043e\u043c \u0437\u0430 \u0448\u043a\u043e\u043b\u0441\u043a\u0438 \u0441\u043f\u043e\u0440\u0442 \u0421\u0440\u0431\u0438\u0458\u0435 (\u043f\u0440\u043e\u0458\u0435\u043a\u0430\u0442 \u0402\u0430\u043a-\u0440\u0435\u043f\u043e\u0440\u0442\u0435\u0440).<\/p>\n<p>\u0421\u0435\u043a\u0446\u0438\u0458\u0443 \u0432\u043e\u0434\u0435 \u043f\u0440\u043e\u0444. \u0441\u0440\u043f\u0441\u043a\u043e\u0433 \u0458\u0435\u0437\u0438\u043a\u0430 \u0438 \u043a\u045a\u0438\u0436\u0435\u0432\u043d\u043e\u0441\u0442\u0438 \u041c\u0438\u043b\u0435\u043d\u0430 \u041c\u0430\u0440\u0438\u0447\u0438\u045b \u0438 \u043f\u0440\u043e\u0444. \u0441\u0440\u043f\u0441\u043a\u043e\u0433 \u0458\u0435\u0437\u0438\u043a\u0430 \u0438 \u043a\u045a\u0438\u0436\u0435\u0432\u043d\u043e\u0441\u0442\u0438 \u0408\u0435\u043b\u0435\u043d\u0430 \u0414\u0430\u0432\u0438\u0434\u043e\u0432\u0438\u045b.<\/p>\n<p><img loading=\"lazy\" decoding=\"async\" src=\"https:\/\/s-markovic.edu.rs\/hu\/wp-content\/uploads\/sites\/2\/2020\/05\/3.-\u0441\u043b\u0438\u043a\u0430-\u0441\u0435\u043a\u0446\u0438\u0458\u0435.jpg\" width=\"685\" height=\"468\" alt=\"\" class=\"wp-image-594 alignnone size-full\" srcset=\"https:\/\/s-markovic.edu.rs\/hu\/wp-content\/uploads\/sites\/2\/2020\/05\/3.-\u0441\u043b\u0438\u043a\u0430-\u0441\u0435\u043a\u0446\u0438\u0458\u0435.jpg 685w, https:\/\/s-markovic.edu.rs\/hu\/wp-content\/uploads\/sites\/2\/2020\/05\/3.-\u0441\u043b\u0438\u043a\u0430-\u0441\u0435\u043a\u0446\u0438\u0458\u0435-300x205.jpg 300w, https:\/\/s-markovic.edu.rs\/hu\/wp-content\/uploads\/sites\/2\/2020\/05\/3.-\u0441\u043b\u0438\u043a\u0430-\u0441\u0435\u043a\u0446\u0438\u0458\u0435-480x328.jpg 480w\" sizes=\"(max-width: 685px) 100vw, 685px\" \/><\/p>\n<p>[\/et_pb_text][\/et_pb_column][\/et_pb_row][et_pb_row use_custom_gutter=&#8221;on&#8221; gutter_width=&#8221;2&#8243; _builder_version=&#8221;4.4.2&#8243; width_tablet=&#8221;&#8221; width_phone=&#8221;90%&#8221; width_last_edited=&#8221;on|phone&#8221; custom_padding=&#8221;||0px|||&#8221;][et_pb_column type=&#8221;4_4&#8243; _builder_version=&#8221;4.4.2&#8243;][et_pb_text _builder_version=&#8221;4.4.7&#8243;]<\/p>\n<h2>\u041d\u0430\u0448\u0438 \u0440\u0430\u0434\u043e\u0432\u0438<\/h2>\n<p>[\/et_pb_text][et_pb_blog fullwidth=&#8221;off&#8221; posts_number=&#8221;12&#8243; include_categories=&#8221;35&#8243; show_categories=&#8221;off&#8221; show_excerpt=&#8221;off&#8221; masonry_tile_background_color=&#8221;#f4f0d7&#8243; _builder_version=&#8221;4.4.7&#8243; meta_text_color=&#8221;#6a353b&#8221; background_color=&#8221;#f4f0d7&#8243; border_radii=&#8221;on|10px|10px|10px|10px&#8221; border_width_top=&#8221;10px&#8221; border_color_top=&#8221;#6a353b&#8221; border_width_bottom=&#8221;0px&#8221; border_color_bottom=&#8221;#6a353b&#8221; border_style_bottom=&#8221;ridge&#8221; box_shadow_style=&#8221;preset2&#8243; header_text_color__hover_enabled=&#8221;off|hover&#8221; header_text_color__hover=&#8221;#6a353b&#8221; custom_margin__hover_enabled=&#8221;on|hover&#8221; custom_margin__hover=&#8221;||||false|false&#8221; border_color_top__hover_enabled=&#8221;on|desktop&#8221; border_width_top__hover_enabled=&#8221;on|hover&#8221; border_width_bottom__hover_enabled=&#8221;on|desktop&#8221; border_width_bottom__hover=&#8221;10px&#8221;][\/et_pb_blog][\/et_pb_column][\/et_pb_row][\/et_pb_section]<\/p>\n","protected":false},"excerpt":{"rendered":"<p>\u00dajs\u00e1g\u00edr\u00f3 szakk\u00f6r &#8212; \u0420\u0410\u0414 \u0421\u0410 \u0402\u0410\u0426\u0418\u041c\u0410 \u0423 \u041d\u043e\u0432\u0438\u043d\u0430\u0440\u0441\u043a\u043e\u0458 \u0441\u0435\u043a\u0446\u0438\u0458\u0438 \u0413\u0438\u043c\u043d\u0430\u0437\u0438\u0458\u0435 \u201e\u0421\u0432\u0435\u0442\u043e\u0437\u0430\u0440 \u041c\u0430\u0440\u043a\u043e\u0432\u0438\u045b\u201c \u0443\u0447\u0435\u043d\u0438\u0446\u0438 \u0441\u0435 \u0431\u0430\u0432\u0435 \u0440\u0430\u0434\u043e\u043c \u0443 \u043e\u043a\u0432\u0438\u0440\u0443 \u0441\u043b\u0435\u0434\u0435\u045b\u0438\u0445 \u043e\u0431\u043b\u0430\u0441\u0442\u0438: \u043f\u0438\u0441\u0430\u045a\u0435 \u043d\u043e\u0432\u0438\u043d\u0441\u043a\u0438\u0445 \u0442\u0435\u043a\u0441\u0442\u043e\u0432\u0430 \u0433\u0440\u0430\u0444\u0438\u0447\u043a\u043e \u0443\u0440\u0435\u0452\u0435\u045a\u0435 \u0447\u0430\u0441\u043e\u043f\u0438\u0441\u0430 \u0438 \u0431\u0438\u043b\u0442\u0435\u043d\u0430 \u0441\u043d\u0438\u043c\u0430\u045a\u0435 \u0438 \u0443\u0440\u0435\u0452\u0438\u0432\u0430\u045a\u0435 \u0430\u0443\u0434\u0438\u043e-\u0437\u0430\u043f\u0438\u0441\u0430 \u0441\u043d\u0438\u043c\u0430\u045a\u0435 \u0438 \u0443\u0440\u0435\u0452\u0438\u0432\u0430\u045a\u0435 \u0432\u0438\u0434\u0435\u043e-\u043c\u0430\u0442\u0435\u0440\u0438\u0458\u0430\u043b\u0430 \u043f\u0440\u0435\u0437\u0435\u043d\u0442\u0430\u0446\u0438\u0458\u0430 \u0438 \u0432\u043e\u0452\u0435\u045a\u0435 \u043f\u0440\u043e\u0433\u0440\u0430\u043c\u0430 \u0432\u043e\u0452\u0435\u045a\u0435 \u0431\u043b\u043e\u0433\u0430 \u0432\u043e\u0452\u0435\u045a\u0435 \u0441\u0442\u0440\u0430\u043d\u0438\u0446\u0430 \u043d\u0430 \u0434\u0440\u0443\u0448\u0442\u0432\u0435\u043d\u0438\u043c \u043c\u0440\u0435\u0436\u0430\u043c\u0430. \u041e\u0434 \u043e\u0441\u043d\u0438\u0432\u0430\u045a\u0430 \u041d\u043e\u0432\u0438\u043d\u0430\u0440\u0441\u043a\u0435 \u0441\u0435\u043a\u0446\u0438\u0458\u0435 \u0413\u0438\u043c\u043d\u0430\u0437\u0438\u0458\u0435 \u0434\u043e \u0434\u0430\u043d\u0430\u0441 \u0438\u0437\u0434\u0430\u0442\u043e [&hellip;]<\/p>\n","protected":false},"author":1,"featured_media":593,"parent":0,"menu_order":0,"comment_status":"closed","ping_status":"closed","template":"","meta":{"_et_pb_use_builder":"on","_et_pb_old_content":"","_et_gb_content_width":"","footnotes":""},"class_list":["post-592","page","type-page","status-publish","has-post-thumbnail","hentry"],"_links":{"self":[{"href":"https:\/\/s-markovic.edu.rs\/hu\/wp-json\/wp\/v2\/pages\/592","targetHints":{"allow":["GET"]}}],"collection":[{"href":"https:\/\/s-markovic.edu.rs\/hu\/wp-json\/wp\/v2\/pages"}],"about":[{"href":"https:\/\/s-markovic.edu.rs\/hu\/wp-json\/wp\/v2\/types\/page"}],"author":[{"embeddable":true,"href":"https:\/\/s-markovic.edu.rs\/hu\/wp-json\/wp\/v2\/users\/1"}],"replies":[{"embeddable":true,"href":"https:\/\/s-markovic.edu.rs\/hu\/wp-json\/wp\/v2\/comments?post=592"}],"version-history":[{"count":7,"href":"https:\/\/s-markovic.edu.rs\/hu\/wp-json\/wp\/v2\/pages\/592\/revisions"}],"predecessor-version":[{"id":2286,"href":"https:\/\/s-markovic.edu.rs\/hu\/wp-json\/wp\/v2\/pages\/592\/revisions\/2286"}],"wp:featuredmedia":[{"embeddable":true,"href":"https:\/\/s-markovic.edu.rs\/hu\/wp-json\/wp\/v2\/media\/593"}],"wp:attachment":[{"href":"https:\/\/s-markovic.edu.rs\/hu\/wp-json\/wp\/v2\/media?parent=592"}],"curies":[{"name":"wp","href":"https:\/\/api.w.org\/{rel}","templated":true}]}}