{"id":540,"date":"2020-05-30T21:34:00","date_gmt":"2020-05-30T21:34:00","guid":{"rendered":"https:\/\/s-markovic.edu.rs\/hu\/?page_id=540"},"modified":"2020-07-06T09:59:04","modified_gmt":"2020-07-06T09:59:04","slug":"szulok-tanacsa","status":"publish","type":"page","link":"https:\/\/s-markovic.edu.rs\/hu\/szulok-tanacsa\/","title":{"rendered":"Sz\u00fcl\u0151k tan\u00e1csa"},"content":{"rendered":"<p>[et_pb_section fb_built=&#8221;1&#8243; custom_padding_last_edited=&#8221;on|phone&#8221; _builder_version=&#8221;4.4.2&#8243; background_color=&#8221;#f4f0d7&#8243; custom_padding=&#8221;10px||17px|||&#8221; custom_padding_tablet=&#8221;&#8221; custom_padding_phone=&#8221;0px||8px||false|false&#8221; bottom_divider_style=&#8221;asymmetric4&#8243; bottom_divider_color=&#8221;#6a353b&#8221; bottom_divider_height=&#8221;30px&#8221;][et_pb_row custom_padding_last_edited=&#8221;on|phone&#8221; _builder_version=&#8221;4.4.2&#8243; background_enable_color=&#8221;off&#8221; width=&#8221;92%&#8221; width_last_edited=&#8221;off|desktop&#8221; custom_padding=&#8221;12px|10px|12px|10px|true|true&#8221; custom_padding_tablet=&#8221;&#8221; custom_padding_phone=&#8221;20px||20px||true|true&#8221; border_color_bottom=&#8221;#bc5e00&#8243; border_style_bottom=&#8221;dashed&#8221;][et_pb_column type=&#8221;4_4&#8243; _builder_version=&#8221;4.4.0&#8243;][et_pb_text _builder_version=&#8221;4.4.8&#8243; text_font=&#8221;|700|||||||&#8221; text_text_color=&#8221;#00142d&#8221; text_font_size=&#8221;45px&#8221; text_line_height=&#8221;1em&#8221; text_orientation=&#8221;center&#8221; text_font_size_tablet=&#8221;&#8221; text_font_size_phone=&#8221;30px&#8221; text_font_size_last_edited=&#8221;on|phone&#8221;]<\/p>\n<p>Sz\u00fcl\u0151k tan\u00e1csa<\/p>\n<p>[\/et_pb_text][\/et_pb_column][\/et_pb_row][\/et_pb_section][et_pb_section fb_built=&#8221;1&#8243; _builder_version=&#8221;4.4.2&#8243; background_color=&#8221;#f4f0d7&#8243; custom_padding=&#8221;34px||38px|||&#8221;][et_pb_row custom_padding_last_edited=&#8221;on|phone&#8221; _builder_version=&#8221;4.4.2&#8243; width_tablet=&#8221;&#8221; width_phone=&#8221;90%&#8221; width_last_edited=&#8221;on|phone&#8221; custom_padding=&#8221;27px|30px||30px|false|true&#8221; custom_padding_tablet=&#8221;&#8221; custom_padding_phone=&#8221;10px|10px|10px|10px|false|true&#8221; border_width_all=&#8221;1px&#8221; border_color_all=&#8221;rgba(0,0,0,0.3)&#8221;][et_pb_column type=&#8221;4_4&#8243; _builder_version=&#8221;4.4.2&#8243;][et_pb_text _builder_version=&#8221;4.4.9&#8243; text_font=&#8221;||||||||&#8221; text_text_color=&#8221;#00142d&#8221; header_2_font_size=&#8221;23px&#8221; header_2_line_height=&#8221;1.1em&#8221; hover_enabled=&#8221;0&#8243;]<\/p>\n<h2><b>A sz\u00fcl\u0151i tan\u00e1cs hat\u00e1sk\u00f6re<\/b><\/h2>\n<p><span style=\"font-weight: 400;\">1) a tanul\u00f3k sz\u00fclei, illetve m\u00e1s t\u00f6rv\u00e9nyes k\u00e9pvisel\u0151i k\u00f6z\u00fcl k\u00e9pvisel\u0151t javasol az iskolai igazgat\u00e1si szerv\u00e9be;<\/span><\/p>\n<p><span style=\"font-weight: 400;\">2) saj\u00e1t k\u00e9pvisel\u0151t javasol az int\u00e9zm\u00e9ny valamennyi k\u00f6telez\u0151 csapat\u00e1ba;<\/span><\/p>\n<p><span style=\"font-weight: 400;\">3) r\u00e9szt vesz a v\u00e1laszthat\u00f3 tartalmak javasl\u00e1t\u00e1nak \u00e9s a tank\u00f6nyvek kiv\u00e1laszt\u00e1s\u00e1nak elj\u00e1r\u00e1s\u00e1ban;<\/span><\/p>\n<p><span style=\"font-weight: 400;\">4) megvitatja az iskolai program, a fejleszt\u00e9si terv, az \u00e9ves munkaterv javaslat\u00e1t;<\/span><\/p>\n<p><span style=\"font-weight: 400;\">5) megvitatja az oktat\u00e1si \u00e9s nevel\u00e9si programok, a fejleszt\u00e9si tervek \u00e9s az \u00e9ves iskolai tervek \u00e9rv\u00e9nyes\u00edt\u00e9s\u00e9r\u0151l, a k\u00fcls\u0151 \u00e9rt\u00e9kel\u00e9sr\u0151l, az \u00f6n\u00e9rt\u00e9kel\u00e9sr\u0151l, a z\u00e1r\u00f3vizsg\u00e1r\u00f3l, a nemzeti \u00e9s nemzetk\u00f6zi tesztel\u00e9si eredm\u00e9nyekr\u0151l \u00e9s az oktat\u00f3-nevel\u0151 munka min\u0151s\u00e9g\u00e9nek biztos\u00edt\u00e1s\u00e1ra \u00e9s el\u0151mozd\u00edt\u00e1s\u00e1ra ir\u00e1nyul\u00f3 int\u00e9zked\u00e9sek v\u00e9grehajt\u00e1s\u00e1r\u00f3l sz\u00f3l\u00f3 jelent\u00e9seket;\u00a0<\/span><\/p>\n<p><span style=\"font-weight: 400;\">6) megvitatja az adom\u00e1nyokb\u00f3l \u00e9s az int\u00e9zm\u00e9ny kib\u0151v\u00edtett tev\u00e9kenys\u00e9g\u00e9b\u0151l megteremtett eszk\u00f6z\u00f6k felhaszn\u00e1l\u00e1s\u00e1nak rendeltet\u00e9s\u00e9t;<\/span><\/p>\n<p><span style=\"font-weight: 400;\">7) az igazgat\u00e1si szervnek javasolja a di\u00e1ksz\u00f6vetkezet munk\u00e1j\u00e1val \u00e9s a sz\u00fcl\u0151kt\u0151l, illetve m\u00e1s t\u00f6rv\u00e9nyes k\u00e9pvisel\u0151t\u0151l begy\u0171jt\u00f6tt eszk\u00f6z\u00f6k felhaszn\u00e1l\u00e1s\u00e1nak rendeltet\u00e9s\u00e9t;<\/span><\/p>\n<p><span style=\"font-weight: 400;\">8) megvitatja \u00e9s figyelemmel k\u00eds\u00e9ri az int\u00e9zm\u00e9ny m\u0171k\u00f6d\u00e9si felt\u00e9teleit, a gyermekek \u00e9s a tanul\u00f3k fejl\u0151d\u00e9s\u00e9nek \u00e9s tanul\u00e1s\u00e1nak, biztons\u00e1g\u00e1nak \u00e9s v\u00e9delm\u00e9nek felt\u00e9teleit;<\/span><\/p>\n<p><span style=\"font-weight: 400;\">9) r\u00e9szt vesz a tanul\u00f3k v\u00e9delm\u00e9re \u00e9s biztons\u00e1g\u00e1ra vonatkoz\u00f3 int\u00e9zked\u00e9sek, m\u00f3dszerek \u00e9s elj\u00e1r\u00e1sok el\u0151\u00edr\u00e1s\u00e1nak elj\u00e1r\u00e1s\u00e1ban az int\u00e9zm\u00e9nyben val\u00f3 tart\u00f3zkod\u00e1s \u00e9s az int\u00e9zm\u00e9ny \u00e1ltal szervezett tev\u00e9kenys\u00e9gek folyam\u00e1n;<\/span><\/p>\n<p><span style=\"font-weight: 400;\">10) j\u00f3v\u00e1hagyja a tanulm\u00e1nyi kir\u00e1ndul\u00e1sok programjait \u00e9s megszervez\u00e9s\u00fcket, tov\u00e1bb\u00e1 megvitatja a megval\u00f3s\u00edt\u00e1sukra vonatkoz\u00f3 jelent\u00e9st;<\/span><\/p>\n<p><span style=\"font-weight: 400;\">11) eln\u00f6k\u00f6t \u00e9s helyettest javasol a k\u00f6zs\u00e9gi sz\u00fcl\u0151i tan\u00e1csba;\u00a0<\/span><\/p>\n<p><span style=\"font-weight: 400;\">12) megvitatja az alapszab\u00e1lyban meg\u00e1llap\u00edtott egy\u00e9b k\u00e9rd\u00e9seket is.<\/span><\/p>\n<p>&nbsp;<\/p>\n<p>&nbsp;<\/p>\n<p>[\/et_pb_text][\/et_pb_column][\/et_pb_row][et_pb_row custom_padding_last_edited=&#8221;on|phone&#8221; _builder_version=&#8221;4.4.7&#8243; width_tablet=&#8221;&#8221; width_phone=&#8221;90%&#8221; width_last_edited=&#8221;on|phone&#8221; custom_padding=&#8221;27px|30px||30px|false|true&#8221; custom_padding_tablet=&#8221;&#8221; custom_padding_phone=&#8221;10px|10px|10px|10px|false|true&#8221; border_width_all=&#8221;1px&#8221; border_color_all=&#8221;rgba(0,0,0,0.3)&#8221;][et_pb_column type=&#8221;4_4&#8243; _builder_version=&#8221;4.4.2&#8243;][et_pb_blurb title=&#8221;\u041f\u0440\u0435\u0434\u043b\u043e\u0433 \u043e\u0434\u043b\u0443\u043a\u0435 \u043e \u0434\u043e\u043f\u0440\u0438\u043d\u043e\u0441\u0443 \u0440\u043e\u0434\u0438\u0442\u0435\u0459\u0430 \u0432\u0438\u0448\u0435\u043c \u043a\u0432\u0430\u043b\u0438\u0442\u0435\u0442\u0443 \u0440\u0430\u0434\u0430 \u0448\u043a\u043e\u043b\u0435 \u0443 \u0448\u043a\u043e\u043b\u0441\u043a\u043e\u0458 2019\/2020. \u0433\u043e\u0434\u0438\u043d\u0438&#8221; url=&#8221;https:\/\/s-markovic.edu.rs\/hu\/wp-content\/uploads\/sites\/2\/2020\/05\/Odluka-SR.pdf&#8221; use_icon=&#8221;on&#8221; font_icon=&#8221;%%72%%&#8221; icon_color=&#8221;#6a353b&#8221; icon_placement=&#8221;left&#8221; content_max_width=&#8221;100%&#8221; _builder_version=&#8221;4.4.7&#8243; header_line_height=&#8221;1.7em&#8221; custom_margin=&#8221;||5px||false|false&#8221; custom_padding=&#8221;||0px||false|false&#8221; link_option_url=&#8221;https:\/\/s-markovic.edu.rs\/hu\/wp-content\/uploads\/sites\/2\/2020\/05\/Odluka-SR.pdf&#8221; header_font_size_tablet=&#8221;&#8221; header_font_size_phone=&#8221;15px&#8221; header_font_size_last_edited=&#8221;on|phone&#8221; header_font_size__hover_enabled=&#8221;on|hover&#8221; header_font_size__hover=&#8221;18px&#8221; header_text_color__hover_enabled=&#8221;on|desktop&#8221; header_text_color__hover=&#8221;#6a353b&#8221;][\/et_pb_blurb][\/et_pb_column][\/et_pb_row][\/et_pb_section]<\/p>\n","protected":false},"excerpt":{"rendered":"<p>Sz\u00fcl\u0151k tan\u00e1csaA sz\u00fcl\u0151i tan\u00e1cs hat\u00e1sk\u00f6re 1) a tanul\u00f3k sz\u00fclei, illetve m\u00e1s t\u00f6rv\u00e9nyes k\u00e9pvisel\u0151i k\u00f6z\u00fcl k\u00e9pvisel\u0151t javasol az iskolai igazgat\u00e1si szerv\u00e9be; 2) saj\u00e1t k\u00e9pvisel\u0151t javasol az int\u00e9zm\u00e9ny valamennyi k\u00f6telez\u0151 csapat\u00e1ba; 3) r\u00e9szt vesz a v\u00e1laszthat\u00f3 tartalmak javasl\u00e1t\u00e1nak \u00e9s a tank\u00f6nyvek kiv\u00e1laszt\u00e1s\u00e1nak elj\u00e1r\u00e1s\u00e1ban; 4) megvitatja az iskolai program, a fejleszt\u00e9si terv, az \u00e9ves munkaterv javaslat\u00e1t; 5) megvitatja [&hellip;]<\/p>\n","protected":false},"author":1,"featured_media":24,"parent":0,"menu_order":0,"comment_status":"closed","ping_status":"closed","template":"","meta":{"_et_pb_use_builder":"on","_et_pb_old_content":"","_et_gb_content_width":"","footnotes":""},"class_list":["post-540","page","type-page","status-publish","has-post-thumbnail","hentry"],"_links":{"self":[{"href":"https:\/\/s-markovic.edu.rs\/hu\/wp-json\/wp\/v2\/pages\/540","targetHints":{"allow":["GET"]}}],"collection":[{"href":"https:\/\/s-markovic.edu.rs\/hu\/wp-json\/wp\/v2\/pages"}],"about":[{"href":"https:\/\/s-markovic.edu.rs\/hu\/wp-json\/wp\/v2\/types\/page"}],"author":[{"embeddable":true,"href":"https:\/\/s-markovic.edu.rs\/hu\/wp-json\/wp\/v2\/users\/1"}],"replies":[{"embeddable":true,"href":"https:\/\/s-markovic.edu.rs\/hu\/wp-json\/wp\/v2\/comments?post=540"}],"version-history":[{"count":12,"href":"https:\/\/s-markovic.edu.rs\/hu\/wp-json\/wp\/v2\/pages\/540\/revisions"}],"predecessor-version":[{"id":2358,"href":"https:\/\/s-markovic.edu.rs\/hu\/wp-json\/wp\/v2\/pages\/540\/revisions\/2358"}],"wp:featuredmedia":[{"embeddable":true,"href":"https:\/\/s-markovic.edu.rs\/hu\/wp-json\/wp\/v2\/media\/24"}],"wp:attachment":[{"href":"https:\/\/s-markovic.edu.rs\/hu\/wp-json\/wp\/v2\/media?parent=540"}],"curies":[{"name":"wp","href":"https:\/\/api.w.org\/{rel}","templated":true}]}}