{"id":473,"date":"2020-05-29T22:27:47","date_gmt":"2020-05-29T22:27:47","guid":{"rendered":"https:\/\/s-markovic.edu.rs\/hu\/?page_id=473"},"modified":"2020-07-06T09:56:00","modified_gmt":"2020-07-06T09:56:00","slug":"szuloknek-egyuttmukodes","status":"publish","type":"page","link":"https:\/\/s-markovic.edu.rs\/hu\/szuloknek-egyuttmukodes\/","title":{"rendered":"SZ\u00dcL\u0150KNEK &#8211; egy\u00fcttm\u0171k\u00f6d\u00e9s"},"content":{"rendered":"<p>[et_pb_section fb_built=&#8221;1&#8243; custom_padding_last_edited=&#8221;on|phone&#8221; _builder_version=&#8221;4.4.2&#8243; background_color=&#8221;#f4f0d7&#8243; custom_padding=&#8221;10px||17px|||&#8221; custom_padding_tablet=&#8221;&#8221; custom_padding_phone=&#8221;0px||8px||false|false&#8221; bottom_divider_style=&#8221;asymmetric4&#8243; bottom_divider_color=&#8221;#6a353b&#8221; bottom_divider_height=&#8221;30px&#8221;][et_pb_row custom_padding_last_edited=&#8221;on|phone&#8221; _builder_version=&#8221;4.4.2&#8243; background_enable_color=&#8221;off&#8221; width=&#8221;92%&#8221; width_last_edited=&#8221;off|desktop&#8221; custom_padding=&#8221;19px|10px|19px|10px|true|true&#8221; custom_padding_tablet=&#8221;&#8221; custom_padding_phone=&#8221;20px||20px||true|true&#8221; border_color_bottom=&#8221;#bc5e00&#8243; border_style_bottom=&#8221;dashed&#8221;][et_pb_column type=&#8221;4_4&#8243; _builder_version=&#8221;4.4.0&#8243;][et_pb_text _builder_version=&#8221;4.4.8&#8243; text_font=&#8221;Comfortaa|700|||||||&#8221; text_text_color=&#8221;#00142d&#8221; text_font_size=&#8221;45px&#8221; text_line_height=&#8221;1em&#8221; text_orientation=&#8221;center&#8221; text_font_size_tablet=&#8221;&#8221; text_font_size_phone=&#8221;30px&#8221; text_font_size_last_edited=&#8221;on|phone&#8221;]<\/p>\n<p>SZ\u00dcL\u0150KNEK &#8211; egy\u00fcttm\u0171k\u00f6d\u00e9s<\/p>\n<p>[\/et_pb_text][\/et_pb_column][\/et_pb_row][\/et_pb_section][et_pb_section fb_built=&#8221;1&#8243; _builder_version=&#8221;4.4.2&#8243; background_color=&#8221;#f4f0d7&#8243; custom_padding=&#8221;34px||22px|||&#8221;][et_pb_row custom_padding_last_edited=&#8221;on|phone&#8221; _builder_version=&#8221;4.4.2&#8243; width_tablet=&#8221;&#8221; width_phone=&#8221;90%&#8221; width_last_edited=&#8221;on|phone&#8221; custom_padding=&#8221;27px|30px||30px|false|true&#8221; custom_padding_tablet=&#8221;&#8221; custom_padding_phone=&#8221;10px|10px|10px|10px|false|true&#8221; border_width_all=&#8221;1px&#8221; border_color_all=&#8221;rgba(0,0,0,0.3)&#8221;][et_pb_column type=&#8221;4_4&#8243; _builder_version=&#8221;4.4.2&#8243;][et_pb_text _builder_version=&#8221;4.4.9&#8243; text_font=&#8221;||||||||&#8221; text_text_color=&#8221;#00142d&#8221; hover_enabled=&#8221;0&#8243; custom_padding=&#8221;2px|||||&#8221;]<\/p>\n<p><span style=\"font-weight: 400;\">Tisztelt Sz\u00fcl\u0151k,<\/span><\/p>\n<p><span style=\"font-weight: 400;\">a tanul\u00f3k \u00e9rett \u00e9s felel\u0151ss\u00e9gteljes szem\u00e9lyis\u00e9g\u00e9nek kialakul\u00e1s\u00e1ban az egyik kulcsfontoss\u00e1g\u00fa t\u00e9nyez\u0151 az \u00f6sszehangolt nevel\u00e9si tev\u00e9kenys\u00e9g. Ahogyan fontos a nevel\u00e9si hat\u00e1sok \u00f6sszehangol\u00e1sa a csal\u00e1don bel\u00fcl, az iskola \u00e9s a csal\u00e1d \u00f6sszehangolt fell\u00e9p\u00e9se ugyan\u00fagy fontos.<\/span><\/p>\n<p><span style=\"font-weight: 400;\">Az iskola \u00f6sszes\u00edtett oktat\u00e1si \u00e9s nevel\u00e9si munk\u00e1j\u00e1nak keret\u00e9ben \u00e9s a tanul\u00f3k sz\u00fcks\u00e9ges t\u00e1mogat\u00e1sa mellett gimn\u00e1ziumunkban k\u00fcl\u00f6n figyelmet ford\u00edtunk a tanul\u00f3k sz\u00fcleivel, illetve gondvisel\u0151ivel val\u00f3 egy\u00fcttm\u0171k\u00f6d\u00e9sre.\u00a0<\/span><\/p>\n<p><b>A tanul\u00f3 egy\u00e9ni sikereit \u00e9s viselked\u00e9s\u00e9t az iskol\u00e1ban az oszt\u00e1lyf\u0151n\u00f6k k\u00f6veti m\u00e1s tan\u00e1rokkal egy\u00fcttm\u0171k\u00f6dve.<\/b><\/p>\n<p><b>A sz\u00fcl\u0151nek lehet\u0151s\u00e9ge van k\u00f6zvetlen\u00fcl kommunik\u00e1lni az oszt\u00e1lyf\u0151n\u00f6kkel a sz\u00fcl\u0151k fogad\u00e1s\u00e1ra el\u0151rel\u00e1tott id\u0151pontban heti szinten (a t\u00e1bl\u00e1zat az almen\u00fcben felt\u00fcntetett).<\/b><\/p>\n<p><b>Amennyiben sz\u00fcks\u00e9gess\u00e9 v\u00e1lik m\u00e1s tan\u00e1rokkal a kapcsolatfelv\u00e9tel, akkor ezt a besz\u00e9lget\u00e9st az oszt\u00e1lyf\u0151n\u00f6k egyezteti, \u00e9s k\u00f6telez\u0151en r\u00e9szt vesz a besz\u00e9lget\u00e9sen.<\/b><\/p>\n<p><b>A munk\u00e1ba az oszt\u00e1lyf\u0151n\u00f6k vagy m\u00e1s tan\u00e1r felm\u00e9r\u00e9se alapj\u00e1n, illetve a sz\u00fcl\u0151 javaslat\u00e1ra az iskola pedag\u00f3gusa, vagy a pszichol\u00f3gus is bekapcsol\u00f3dhat.<\/b><\/p>\n<p><b>Ha tov\u00e1bbra sincs el\u0151rehalad\u00e1s a felmer\u00fclt t\u00e9m\u00e1val\/probl\u00e9m\u00e1val kapcsolatban, akkor a gimn\u00e1zium igazgat\u00f3j\u00e1val ker\u00fcl sor besz\u00e9lget\u00e9sre.<\/b><\/p>\n<h1 style=\"text-align: center;\"><strong>\u2217<\/strong><strong>\u2217<\/strong><strong><\/strong><strong>\u2217<\/strong><\/h1>\n<p><span style=\"font-weight: 400;\">K\u00e9rj\u00fck \u00d6n\u00f6ket, tisztelt Sz\u00fcl\u0151k, hogy tarts\u00e1k tiszteletben ezt az elj\u00e1r\u00e1st, mert ez az eddigi munk\u00e1nkban eredm\u00e9nyesnek bizonyult.<\/span><\/p>\n<h1 style=\"text-align: center;\"><strong>\u2217<\/strong><strong>\u2217<\/strong><strong><\/strong><strong>\u2217<\/strong><\/h1>\n<p><span style=\"font-weight: 400;\">A sz\u00fcl\u0151kkel folytatott egy\u00fcttm\u0171k\u00f6d\u00e9s nem felt\u00e9tlen\u00fcl vonatkozik csak a tanul\u00f3 eredm\u00e9nyeire, hanem egy\u00e9b t\u00e9m\u00e1kra is az iskolai munka min\u0151s\u00e9g\u00e9nek fejleszt\u00e9s\u00e9vel kapcsolatban. A sz\u00fcl\u0151k r\u00e9szt vehetnek az iskolai csapatok, a fejleszt\u00e9stervez\u00e9si szaktest\u00fclet munk\u00e1j\u00e1ban, iskolai projektekben vagy az iskolai k\u00f6z\u00f6ss\u00e9g \u00e1ltal\u00e1nos j\u00f3l\u00e9t\u00e9t szolg\u00e1l\u00f3 egy\u00e9b tev\u00e9kenys\u00e9gekben. A sz\u00fcl\u0151knek sz\u00e1nt szakmai el\u0151ad\u00e1soknak, amelyek a sz\u00fcl\u0151s\u00e9g ismereteir\u0151l \u00e9s szerep\u00e9r\u0151l sz\u00f3lnak, iskol\u00e1nkban t\u00f6bb mint t\u00edz \u00e9ves hagyom\u00e1nya van (A sz\u00fcl\u0151i l\u00e9t iskol\u00e1ja); szakm\u00e1k bemutat\u00e1sa a karrier-tan\u00e1csad\u00e1s keret\u00e9ben, tov\u00e1bb\u00e1 az egyetemi kar v\u00e1laszt\u00e1sa a Di\u00e1kparlamenttel egy\u00fcttm\u0171k\u00f6dve, \u00e9s a munkav\u00e1llal\u00e1s egy\u00e9b fontosnak tartott form\u00e1i lehet\u0151s\u00e9get k\u00edn\u00e1lnak arra, hogy a j\u00f3 egy\u00fcttm\u0171k\u00f6d\u00e9s r\u00e9v\u00e9n k\u00f6z\u00f6s c\u00e9lokat \u00e9rj\u00fcnk el. Ez\u00e9rt legyen kezdem\u00e9nyez\u0151, tegyen javaslatot, \u00e9s kapcsol\u00f3djon be saj\u00e1tos m\u00f3don az iskolai \u00e9letbe!<\/span><\/p>\n<p>[\/et_pb_text][\/et_pb_column][\/et_pb_row][\/et_pb_section]<\/p>\n","protected":false},"excerpt":{"rendered":"<p>SZ\u00dcL\u0150KNEK &#8211; egy\u00fcttm\u0171k\u00f6d\u00e9sTisztelt Sz\u00fcl\u0151k, a tanul\u00f3k \u00e9rett \u00e9s felel\u0151ss\u00e9gteljes szem\u00e9lyis\u00e9g\u00e9nek kialakul\u00e1s\u00e1ban az egyik kulcsfontoss\u00e1g\u00fa t\u00e9nyez\u0151 az \u00f6sszehangolt nevel\u00e9si tev\u00e9kenys\u00e9g. Ahogyan fontos a nevel\u00e9si hat\u00e1sok \u00f6sszehangol\u00e1sa a csal\u00e1don bel\u00fcl, az iskola \u00e9s a csal\u00e1d \u00f6sszehangolt fell\u00e9p\u00e9se ugyan\u00fagy fontos. Az iskola \u00f6sszes\u00edtett oktat\u00e1si \u00e9s nevel\u00e9si munk\u00e1j\u00e1nak keret\u00e9ben \u00e9s a tanul\u00f3k sz\u00fcks\u00e9ges t\u00e1mogat\u00e1sa mellett gimn\u00e1ziumunkban k\u00fcl\u00f6n figyelmet ford\u00edtunk [&hellip;]<\/p>\n","protected":false},"author":1,"featured_media":240,"parent":0,"menu_order":0,"comment_status":"closed","ping_status":"closed","template":"","meta":{"_et_pb_use_builder":"on","_et_pb_old_content":"","_et_gb_content_width":"","footnotes":""},"class_list":["post-473","page","type-page","status-publish","has-post-thumbnail","hentry"],"_links":{"self":[{"href":"https:\/\/s-markovic.edu.rs\/hu\/wp-json\/wp\/v2\/pages\/473","targetHints":{"allow":["GET"]}}],"collection":[{"href":"https:\/\/s-markovic.edu.rs\/hu\/wp-json\/wp\/v2\/pages"}],"about":[{"href":"https:\/\/s-markovic.edu.rs\/hu\/wp-json\/wp\/v2\/types\/page"}],"author":[{"embeddable":true,"href":"https:\/\/s-markovic.edu.rs\/hu\/wp-json\/wp\/v2\/users\/1"}],"replies":[{"embeddable":true,"href":"https:\/\/s-markovic.edu.rs\/hu\/wp-json\/wp\/v2\/comments?post=473"}],"version-history":[{"count":8,"href":"https:\/\/s-markovic.edu.rs\/hu\/wp-json\/wp\/v2\/pages\/473\/revisions"}],"predecessor-version":[{"id":2356,"href":"https:\/\/s-markovic.edu.rs\/hu\/wp-json\/wp\/v2\/pages\/473\/revisions\/2356"}],"wp:featuredmedia":[{"embeddable":true,"href":"https:\/\/s-markovic.edu.rs\/hu\/wp-json\/wp\/v2\/media\/240"}],"wp:attachment":[{"href":"https:\/\/s-markovic.edu.rs\/hu\/wp-json\/wp\/v2\/media?parent=473"}],"curies":[{"name":"wp","href":"https:\/\/api.w.org\/{rel}","templated":true}]}}