{"id":345,"date":"2020-05-28T23:47:46","date_gmt":"2020-05-28T23:47:46","guid":{"rendered":"https:\/\/s-markovic.edu.rs\/hu\/?page_id=345"},"modified":"2020-07-07T12:31:35","modified_gmt":"2020-07-07T12:31:35","slug":"hirdetotabla","status":"publish","type":"page","link":"https:\/\/s-markovic.edu.rs\/hu\/hirdetotabla\/","title":{"rendered":"Hirdet\u0151t\u00e1bla"},"content":{"rendered":"<p>[et_pb_section fb_built=&#8221;1&#8243; custom_padding_last_edited=&#8221;on|phone&#8221; _builder_version=&#8221;4.4.2&#8243; background_color=&#8221;#f4f0d7&#8243; custom_padding=&#8221;10px||17px|||&#8221; custom_padding_tablet=&#8221;&#8221; custom_padding_phone=&#8221;0px||8px||false|false&#8221; bottom_divider_style=&#8221;asymmetric4&#8243; bottom_divider_color=&#8221;#6a353b&#8221; bottom_divider_height=&#8221;30px&#8221;][et_pb_row custom_padding_last_edited=&#8221;on|phone&#8221; _builder_version=&#8221;4.4.2&#8243; background_enable_color=&#8221;off&#8221; width=&#8221;92%&#8221; width_last_edited=&#8221;off|desktop&#8221; custom_padding=&#8221;16px|10px|16px|10px|true|true&#8221; custom_padding_tablet=&#8221;&#8221; custom_padding_phone=&#8221;20px||20px||true|true&#8221; border_color_bottom=&#8221;#bc5e00&#8243; border_style_bottom=&#8221;dashed&#8221;][et_pb_column type=&#8221;4_4&#8243; _builder_version=&#8221;4.4.0&#8243;][et_pb_text _builder_version=&#8221;4.4.9&#8243; text_font=&#8221;Comfortaa|700|||||||&#8221; text_text_color=&#8221;#00142d&#8221; text_font_size=&#8221;45px&#8221; text_line_height=&#8221;1em&#8221; text_font_size_tablet=&#8221;&#8221; text_font_size_phone=&#8221;30px&#8221; text_font_size_last_edited=&#8221;on|phone&#8221;]<\/p>\n<p style=\"text-align: center;\">Hirdet\u0151t\u00e1bla<\/p>\n<p>[\/et_pb_text][\/et_pb_column][\/et_pb_row][\/et_pb_section][et_pb_section fb_built=&#8221;1&#8243; _builder_version=&#8221;4.4.7&#8243; background_color=&#8221;#f4f0d7&#8243; custom_padding=&#8221;34px||31px|||&#8221;][et_pb_row column_structure=&#8221;1_3,1_3,1_3&#8243; use_custom_gutter=&#8221;on&#8221; gutter_width=&#8221;2&#8243; _builder_version=&#8221;4.4.7&#8243; background_image=&#8221;https:\/\/s-markovic.edu.rs\/hu\/wp-content\/uploads\/sites\/2\/2020\/05\/tabla1.jpg&#8221; custom_padding=&#8221;25px|25px|25px|25px|true|true&#8221; border_width_all=&#8221;10px&#8221; border_color_all=&#8221;#6a353b&#8221; box_shadow_style=&#8221;preset1&#8243; box_shadow_blur=&#8221;40px&#8221;][et_pb_column type=&#8221;1_3&#8243; _builder_version=&#8221;4.4.7&#8243;][et_pb_blurb title=&#8221;Az \u00e9retts\u00e9gi munka mint\u00e1ja&#8221; url=&#8221;https:\/\/s-markovic.edu.rs\/hu\/wp-content\/uploads\/sites\/2\/2020\/05\/sablon_za_maturski_rad.doc&#8221; image=&#8221;https:\/\/s-markovic.edu.rs\/hu\/wp-content\/uploads\/sites\/2\/2020\/05\/pin-2.png&#8221; _builder_version=&#8221;4.4.9&#8243; header_font=&#8221;||||on||||&#8221; header_text_align=&#8221;center&#8221; background_color=&#8221;#f4f0d7&#8243; custom_padding=&#8221;5px|5px|5px|5px|true|true&#8221; animation_style=&#8221;roll&#8221; animation_duration=&#8221;550ms&#8221; link_option_url=&#8221;https:\/\/s-markovic.edu.rs\/hu\/wp-content\/uploads\/sites\/2\/2020\/05\/sablon_za_maturski_rad.doc&#8221; hover_enabled=&#8221;0&#8243; header_text_shadow_style=&#8221;preset1&#8243; border_radii=&#8221;on|10px|10px|10px|10px&#8221; border_width_all=&#8221;2px&#8221; border_color_all=&#8221;#6a353b&#8221; border_style_all=&#8221;dashed&#8221;][\/et_pb_blurb][\/et_pb_column][et_pb_column type=&#8221;1_3&#8243; _builder_version=&#8221;4.4.7&#8243;][et_pb_blurb title=&#8221;Utas\u00edt\u00e1s az \u00e9retts\u00e9gi munka kidolgoz\u00e1s\u00e1hoz&#8221; url=&#8221;https:\/\/s-markovic.edu.rs\/hu\/wp-content\/uploads\/sites\/2\/2020\/05\/uputstvo_za_maturski_rad.doc&#8221; image=&#8221;https:\/\/s-markovic.edu.rs\/hu\/wp-content\/uploads\/sites\/2\/2020\/05\/pin-1.png&#8221; _builder_version=&#8221;4.4.9&#8243; header_font=&#8221;||||on||||&#8221; header_text_align=&#8221;center&#8221; background_color=&#8221;#f4f0d7&#8243; custom_padding=&#8221;5px|5px|5px|5px|true|true&#8221; animation_style=&#8221;roll&#8221; link_option_url=&#8221;https:\/\/s-markovic.edu.rs\/hu\/wp-content\/uploads\/sites\/2\/2020\/05\/uputstvo_za_maturski_rad.doc&#8221; hover_enabled=&#8221;0&#8243; header_text_shadow_style=&#8221;preset1&#8243; border_radii=&#8221;on|10px|10px|10px|10px&#8221; border_width_all=&#8221;2px&#8221; border_color_all=&#8221;#6a353b&#8221; border_style_all=&#8221;dashed&#8221;][\/et_pb_blurb][\/et_pb_column][et_pb_column type=&#8221;1_3&#8243; _builder_version=&#8221;4.4.7&#8243;][et_pb_blurb title=&#8221;Tanterv&#8221; url=&#8221;https:\/\/s-markovic.edu.rs\/hu\/wp-content\/uploads\/sites\/2\/2020\/05\/Stari-nastavni-plan.doc&#8221; image=&#8221;https:\/\/s-markovic.edu.rs\/hu\/wp-content\/uploads\/sites\/2\/2020\/05\/pin2.png&#8221; _builder_version=&#8221;4.4.9&#8243; header_font=&#8221;||||on||||&#8221; header_text_align=&#8221;center&#8221; background_color=&#8221;#f4f0d7&#8243; custom_padding=&#8221;5px|5px|5px|5px|true|true&#8221; animation_style=&#8221;roll&#8221; animation_duration=&#8221;1500ms&#8221; link_option_url=&#8221;https:\/\/s-markovic.edu.rs\/hu\/wp-content\/uploads\/sites\/2\/2020\/05\/Stari-nastavni-plan.doc&#8221; hover_enabled=&#8221;0&#8243; header_text_shadow_style=&#8221;preset1&#8243; border_radii=&#8221;on|10px|10px|10px|10px&#8221; border_width_all=&#8221;2px&#8221; border_color_all=&#8221;#6a353b&#8221; border_style_all=&#8221;dashed&#8221;][\/et_pb_blurb][\/et_pb_column][\/et_pb_row][\/et_pb_section]<\/p>\n","protected":false},"excerpt":{"rendered":"<p>Hirdet\u0151t\u00e1bla<\/p>\n","protected":false},"author":1,"featured_media":23,"parent":0,"menu_order":0,"comment_status":"closed","ping_status":"closed","template":"","meta":{"_et_pb_use_builder":"on","_et_pb_old_content":"","_et_gb_content_width":"","footnotes":""},"class_list":["post-345","page","type-page","status-publish","has-post-thumbnail","hentry"],"_links":{"self":[{"href":"https:\/\/s-markovic.edu.rs\/hu\/wp-json\/wp\/v2\/pages\/345","targetHints":{"allow":["GET"]}}],"collection":[{"href":"https:\/\/s-markovic.edu.rs\/hu\/wp-json\/wp\/v2\/pages"}],"about":[{"href":"https:\/\/s-markovic.edu.rs\/hu\/wp-json\/wp\/v2\/types\/page"}],"author":[{"embeddable":true,"href":"https:\/\/s-markovic.edu.rs\/hu\/wp-json\/wp\/v2\/users\/1"}],"replies":[{"embeddable":true,"href":"https:\/\/s-markovic.edu.rs\/hu\/wp-json\/wp\/v2\/comments?post=345"}],"version-history":[{"count":11,"href":"https:\/\/s-markovic.edu.rs\/hu\/wp-json\/wp\/v2\/pages\/345\/revisions"}],"predecessor-version":[{"id":2394,"href":"https:\/\/s-markovic.edu.rs\/hu\/wp-json\/wp\/v2\/pages\/345\/revisions\/2394"}],"wp:featuredmedia":[{"embeddable":true,"href":"https:\/\/s-markovic.edu.rs\/hu\/wp-json\/wp\/v2\/media\/23"}],"wp:attachment":[{"href":"https:\/\/s-markovic.edu.rs\/hu\/wp-json\/wp\/v2\/media?parent=345"}],"curies":[{"name":"wp","href":"https:\/\/api.w.org\/{rel}","templated":true}]}}