{"id":2319,"date":"2020-07-03T22:10:52","date_gmt":"2020-07-03T22:10:52","guid":{"rendered":"https:\/\/s-markovic.edu.rs\/hu\/?page_id=2319"},"modified":"2023-06-28T19:23:00","modified_gmt":"2023-06-28T19:23:00","slug":"iratkozas","status":"publish","type":"page","link":"https:\/\/s-markovic.edu.rs\/hu\/iratkozas\/","title":{"rendered":"Iratkoz\u00e1s"},"content":{"rendered":"<p>[et_pb_section fb_built=&#8221;1&#8243; custom_padding_last_edited=&#8221;on|phone&#8221; _builder_version=&#8221;4.16&#8243; background_color=&#8221;#f4f0d7&#8243; custom_padding=&#8221;10px||17px|||&#8221; custom_padding_tablet=&#8221;&#8221; custom_padding_phone=&#8221;0px||8px||false|false&#8221; bottom_divider_style=&#8221;asymmetric4&#8243; bottom_divider_color=&#8221;#6a353b&#8221; bottom_divider_height=&#8221;30px&#8221; global_colors_info=&#8221;{}&#8221;][et_pb_row custom_padding_last_edited=&#8221;on|phone&#8221; _builder_version=&#8221;4.16&#8243; background_enable_color=&#8221;off&#8221; width=&#8221;92%&#8221; width_last_edited=&#8221;off|desktop&#8221; custom_padding=&#8221;12px|10px|12px|10px|true|true&#8221; custom_padding_tablet=&#8221;&#8221; custom_padding_phone=&#8221;20px||20px||true|true&#8221; border_color_bottom=&#8221;#bc5e00&#8243; border_style_bottom=&#8221;dashed&#8221; global_colors_info=&#8221;{}&#8221;][et_pb_column type=&#8221;4_4&#8243; _builder_version=&#8221;4.16&#8243; global_colors_info=&#8221;{}&#8221;][et_pb_text _builder_version=&#8221;4.21.0&#8243; text_font=&#8221;|700|||||||&#8221; text_text_color=&#8221;#00142d&#8221; text_font_size=&#8221;45px&#8221; text_line_height=&#8221;1em&#8221; text_orientation=&#8221;center&#8221; text_font_size_tablet=&#8221;&#8221; text_font_size_phone=&#8221;30px&#8221; text_font_size_last_edited=&#8221;on|phone&#8221; global_colors_info=&#8221;{}&#8221;]<\/p>\n<p class=\"entry-title\">Iratkoz\u00e1s<\/p>\n<p>[\/et_pb_text][\/et_pb_column][\/et_pb_row][\/et_pb_section][et_pb_section fb_built=&#8221;1&#8243; _builder_version=&#8221;4.16&#8243; background_color=&#8221;#f4f0d7&#8243; custom_padding=&#8221;34px||0px|||&#8221; global_colors_info=&#8221;{}&#8221;][et_pb_row custom_padding_last_edited=&#8221;on|phone&#8221; _builder_version=&#8221;4.16&#8243; width_tablet=&#8221;&#8221; width_phone=&#8221;90%&#8221; width_last_edited=&#8221;on|phone&#8221; custom_padding=&#8221;27px|30px|0px|30px|false|true&#8221; custom_padding_tablet=&#8221;&#8221; custom_padding_phone=&#8221;10px|10px|10px|10px|false|true&#8221; border_width_all=&#8221;1px&#8221; border_color_all=&#8221;rgba(0,0,0,0.3)&#8221; global_colors_info=&#8221;{}&#8221;][et_pb_column type=&#8221;4_4&#8243; _builder_version=&#8221;4.16&#8243; global_colors_info=&#8221;{}&#8221;][et_pb_text _builder_version=&#8221;4.21.0&#8243; text_font=&#8221;||||||||&#8221; text_text_color=&#8221;#00142d&#8221; header_4_text_color=&#8221;#6a353b&#8221; header_4_line_height=&#8221;1.4em&#8221; custom_margin=&#8221;||8px|||&#8221; hover_enabled=&#8221;0&#8243; header_4_text_shadow_style=&#8221;preset4&#8243; global_colors_info=&#8221;{}&#8221; sticky_enabled=&#8221;0&#8243;]<\/p>\n<h4 style=\"text-align: left;\">Iratkoz\u00e1s az els\u0151 oszt\u00e1lyba<br \/>Svetozar Markovi\u0107 Gimn\u00e1zium \u00dajvid\u00e9k<br \/>2023\/2024-es tan\u00e9v<\/h4>\n<p>Az iratkoz\u00e1sra h\u00e9tf\u0151n \u00e9s kedden, 2023. j\u00falius 3-4-\u00e9n 8:00 \u00e9s 15:00 \u00f3ra k\u00f6z\u00f6tt ker\u00fcl sor a<br \/>gimn\u00e1zium k\u00f6nyvt\u00e1r\u00e1ban.<br \/>Iratkozni lehet az eddig ismert hagyom\u00e1nyos m\u00f3don szem\u00e9lyesen az iskol\u00e1ban, illetve<br \/>elektronikus \u00faton az eUprava port\u00e1l oldal\u00e1n is.<br \/>A szem\u00e9lyes iratkoz\u00e1s sor\u00e1n a sz\u00fcl\u0151knek \u00e9s a tanul\u00f3knak arra is lehet\u0151s\u00e9g\u00fck lesz, hogy<br \/>b\u0151vebben t\u00e1j\u00e9koz\u00f3djanak a v\u00e1laszthat\u00f3 programokr\u00f3l prezent\u00e1ci\u00f3k \u00fatj\u00e1n illetve az azokat<br \/>el\u0151ad\u00f3 tan\u00e1rokt\u00f3l. Ugyanakkor a tanul\u00f3 az iskola\u00e9p\u00fclet hangulat\u00e1val is megismerkedik.<br \/>Amennyiben a sz\u00fcl\u0151 \u00e9s a gyerek is elj\u00f6n az iskol\u00e1ba az iratkoz\u00e1sra, k\u00e9rj\u00fck, hogy az iskol\u00e1nk<br \/>\u00f6lt\u00f6zk\u00f6d\u00e9si k\u00f3dex\u00e9nek megfelel\u0151en jelenjenek meg (nem megfelel\u0151 ruh\u00e1zat: p\u00e1ntos bl\u00faz;<br \/>ujjatlan p\u00f3l\u00f3; sorc vagy r\u00f6vidnadr\u00e1g; miniszoknya; papucs).<br \/>Minden tanul\u00f3nak be kell iratkoznia szem\u00e9lyesen vagy elektronikus \u00faton az eUprava port\u00e1l<br \/>oldal\u00e1n kereszt\u00fcl, akit az iskol\u00e1nkba besorolt a rendszer.<br \/>V\u00e1laszthat\u00f3 programok a 2023\/2024-es tan\u00e9vben magyar nyelven indul\u00f3 els\u0151<br \/>oszt\u00e1lyunkban:<br \/>&#8211; Nyelv, m\u00e9dia \u00e9s kult\u00fara<br \/>&#8211; Alkalmazott tudom\u00e1nyok<br \/>&#8211; M\u0171v\u00e9szetek \u00e9s diz\u00e1jn<br \/>\u00c1ltal\u00e1nos t\u00e1j\u00e9koztat\u00f3 a v\u00e1laszthat\u00f3 programokr\u00f3l<br \/>\uf0b7 Munkaszervez\u00e9s: \u00e9vi 37 \u00f3ra \u00f6sszesen, heti 1 \u00f3ra lebont\u00e1sban.<br \/>\uf0b7 A tanul\u00f3 a felk\u00edn\u00e1lt programokb\u00f3l kett\u0151t v\u00e1laszt.<br \/>\uf0b7 A magyar tagozaton a h\u00e1rom felk\u00edn\u00e1lt programb\u00f3l t\u00f6bbs\u00e9gi v\u00e1laszt\u00e1s alapj\u00e1n ind\u00edtunk<br \/>kett\u0151t.<\/p>\n<p>Az iratkoz\u00e1shoz sz\u00fcks\u00e9ges dokumentumok<br \/>1. Beiratkoz\u00e1si lap (az iskol\u00e1ban kapj\u00e1k \u00e9s t\u00f6ltik ki) \/\/Formular za upis HU &#8211; link<br \/>2. A z\u00e1r\u00f3vizsga teljes\u00edt\u00e9s\u00e9r\u0151l sz\u00f3l\u00f3 igazol\u00e1s<br \/>3. Az elv\u00e9gzett alapfok\u00fa oktat\u00e1s \u00e9s nevel\u00e9s eredeti bizony\u00edtv\u00e1nya<br \/>4. Az \u00e1ltal\u00e1nos iskola VI, VII \u00e9s VIII oszt\u00e1ly\u00e1nak befejez\u00e9s\u00e9r\u0151l sz\u00f3l\u00f3 eredeti<br \/>bizony\u00edtv\u00e1nyok<\/p>\n<p>A dokumentumok eredetiek legyenek vagy a m\u00e1solatuk jegyz\u0151 \u00e1ltal hiteles\u00edtett legyen.<br \/>Nem sz\u00fcks\u00e9ges az iratkoz\u00e1s alkalm\u00e1val \u00e1tadni a k\u00f6vetkez\u0151ket:<br \/>1. Sz\u00fclet\u00e9si anyak\u00f6nyvi kivonat<br \/>2. Tart\u00f3zkod\u00e1sr\u00f3l sz\u00f3l\u00f3 igazol\u00e1s<br \/>3. Bizonylat a megfelel\u0151 eg\u00e9szs\u00e9gi \u00e1llapotr\u00f3l<br \/>Let\u00f6lthet\u0151 dokumentumok:<br \/>1. <span style=\"color: #800000;\"><a style=\"color: #800000;\" href=\"https:\/\/s-markovic.edu.rs\/hu\/wp-content\/uploads\/sites\/2\/2023\/06\/Formular-za-upis-HU-23-24.docx\">Beiratkoz\u00e1si lap \/\/Formular za upis HU &#8211; link<\/a><\/span><br \/>2.<span style=\"color: #800000;\"> <a style=\"color: #800000;\" href=\"https:\/\/s-markovic.edu.rs\/hu\/wp-content\/uploads\/sites\/2\/2023\/06\/Pravila-odevanje-HU.docx\">\u00d6lt\u00f6zk\u00f6d\u00e9s szab\u00e1lyzata \/\/ Pravila odevanje HU &#8211; link<\/a><\/span><\/p>\n<p>[\/et_pb_text][\/et_pb_column][\/et_pb_row][\/et_pb_section]<\/p>\n","protected":false},"excerpt":{"rendered":"<p>Iratkoz\u00e1sIratkoz\u00e1s az els\u0151 oszt\u00e1lybaSvetozar Markovi\u0107 Gimn\u00e1zium \u00dajvid\u00e9k2023\/2024-es tan\u00e9v Az iratkoz\u00e1sra h\u00e9tf\u0151n \u00e9s kedden, 2023. j\u00falius 3-4-\u00e9n 8:00 \u00e9s 15:00 \u00f3ra k\u00f6z\u00f6tt ker\u00fcl sor agimn\u00e1zium k\u00f6nyvt\u00e1r\u00e1ban.Iratkozni lehet az eddig ismert hagyom\u00e1nyos m\u00f3don szem\u00e9lyesen az iskol\u00e1ban, illetveelektronikus \u00faton az eUprava port\u00e1l oldal\u00e1n is.A szem\u00e9lyes iratkoz\u00e1s sor\u00e1n a sz\u00fcl\u0151knek \u00e9s a tanul\u00f3knak arra is lehet\u0151s\u00e9g\u00fck lesz, hogyb\u0151vebben t\u00e1j\u00e9koz\u00f3djanak [&hellip;]<\/p>\n","protected":false},"author":1,"featured_media":17,"parent":0,"menu_order":0,"comment_status":"closed","ping_status":"closed","template":"","meta":{"_et_pb_use_builder":"on","_et_pb_old_content":"","_et_gb_content_width":"","footnotes":""},"class_list":["post-2319","page","type-page","status-publish","has-post-thumbnail","hentry"],"_links":{"self":[{"href":"https:\/\/s-markovic.edu.rs\/hu\/wp-json\/wp\/v2\/pages\/2319","targetHints":{"allow":["GET"]}}],"collection":[{"href":"https:\/\/s-markovic.edu.rs\/hu\/wp-json\/wp\/v2\/pages"}],"about":[{"href":"https:\/\/s-markovic.edu.rs\/hu\/wp-json\/wp\/v2\/types\/page"}],"author":[{"embeddable":true,"href":"https:\/\/s-markovic.edu.rs\/hu\/wp-json\/wp\/v2\/users\/1"}],"replies":[{"embeddable":true,"href":"https:\/\/s-markovic.edu.rs\/hu\/wp-json\/wp\/v2\/comments?post=2319"}],"version-history":[{"count":11,"href":"https:\/\/s-markovic.edu.rs\/hu\/wp-json\/wp\/v2\/pages\/2319\/revisions"}],"predecessor-version":[{"id":3938,"href":"https:\/\/s-markovic.edu.rs\/hu\/wp-json\/wp\/v2\/pages\/2319\/revisions\/3938"}],"wp:featuredmedia":[{"embeddable":true,"href":"https:\/\/s-markovic.edu.rs\/hu\/wp-json\/wp\/v2\/media\/17"}],"wp:attachment":[{"href":"https:\/\/s-markovic.edu.rs\/hu\/wp-json\/wp\/v2\/media?parent=2319"}],"curies":[{"name":"wp","href":"https:\/\/api.w.org\/{rel}","templated":true}]}}