{"id":1859,"date":"2020-06-21T21:27:20","date_gmt":"2020-06-21T21:27:20","guid":{"rendered":"https:\/\/s-markovic.edu.rs\/hu\/?page_id=1859"},"modified":"2020-06-29T22:00:26","modified_gmt":"2020-06-29T22:00:26","slug":"u-izradi","status":"publish","type":"page","link":"https:\/\/s-markovic.edu.rs\/hu\/u-izradi\/","title":{"rendered":"Az oldal felt\u00f6lt\u00e9s alatt"},"content":{"rendered":"<p>[et_pb_section fb_built=&#8221;1&#8243; _builder_version=&#8221;4.4.7&#8243; background_color=&#8221;#f4f0d7&#8243; custom_padding=&#8221;||12px|||&#8221;][et_pb_row _builder_version=&#8221;4.4.7&#8243; custom_padding=&#8221;|5px||5px|true|true&#8221; border_width_all=&#8221;1px&#8221; border_color_all=&#8221;#6a353b&#8221;][et_pb_column type=&#8221;4_4&#8243; _builder_version=&#8221;4.4.7&#8243;][et_pb_blurb title=&#8221;Svetozar Markovi\u0107 Gimn\u00e1zium \u00dajvid\u00e9k&#8221; image=&#8221;https:\/\/s-markovic.edu.rs\/hu\/wp-content\/uploads\/sites\/2\/2020\/05\/novo-logo-gimnazija-svetozar-markovic.png&#8221; content_max_width=&#8221;1100px&#8221; _builder_version=&#8221;4.4.8&#8243; header_font=&#8221;Lobster|600|||||||&#8221; header_text_align=&#8221;center&#8221; header_text_color=&#8221;#00142d&#8221; header_font_size=&#8221;23px&#8221; header_line_height=&#8221;1.2em&#8221; body_text_align=&#8221;center&#8221; body_text_color=&#8221;#870d0d&#8221; body_font_size=&#8221;18px&#8221; module_alignment=&#8221;center&#8221; icon_font_size__hover_enabled=&#8221;on|hover&#8221; icon_font_size__hover=&#8221;120px&#8221; icon_color__hover_enabled=&#8221;on|hover&#8221; icon_color__hover=&#8221;#00142d&#8221; header_text_color__hover_enabled=&#8221;on|hover&#8221; header_text_color__hover=&#8221;#6a353b&#8221;]<\/p>\n<p>Az oldal felt\u00f6lt\u00e9s alatt<\/p>\n<p>[\/et_pb_blurb][\/et_pb_column][\/et_pb_row][\/et_pb_section]<\/p>\n","protected":false},"excerpt":{"rendered":"<p>Az oldal felt\u00f6lt\u00e9s alatt<\/p>\n","protected":false},"author":1,"featured_media":0,"parent":0,"menu_order":0,"comment_status":"closed","ping_status":"closed","template":"","meta":{"_et_pb_use_builder":"on","_et_pb_old_content":"","_et_gb_content_width":"","footnotes":""},"class_list":["post-1859","page","type-page","status-publish","hentry"],"_links":{"self":[{"href":"https:\/\/s-markovic.edu.rs\/hu\/wp-json\/wp\/v2\/pages\/1859","targetHints":{"allow":["GET"]}}],"collection":[{"href":"https:\/\/s-markovic.edu.rs\/hu\/wp-json\/wp\/v2\/pages"}],"about":[{"href":"https:\/\/s-markovic.edu.rs\/hu\/wp-json\/wp\/v2\/types\/page"}],"author":[{"embeddable":true,"href":"https:\/\/s-markovic.edu.rs\/hu\/wp-json\/wp\/v2\/users\/1"}],"replies":[{"embeddable":true,"href":"https:\/\/s-markovic.edu.rs\/hu\/wp-json\/wp\/v2\/comments?post=1859"}],"version-history":[{"count":7,"href":"https:\/\/s-markovic.edu.rs\/hu\/wp-json\/wp\/v2\/pages\/1859\/revisions"}],"predecessor-version":[{"id":2305,"href":"https:\/\/s-markovic.edu.rs\/hu\/wp-json\/wp\/v2\/pages\/1859\/revisions\/2305"}],"wp:attachment":[{"href":"https:\/\/s-markovic.edu.rs\/hu\/wp-json\/wp\/v2\/media?parent=1859"}],"curies":[{"name":"wp","href":"https:\/\/api.w.org\/{rel}","templated":true}]}}