{"id":1846,"date":"2020-06-19T14:32:53","date_gmt":"2020-06-19T14:32:53","guid":{"rendered":"https:\/\/s-markovic.edu.rs\/hu\/?page_id=1846"},"modified":"2020-06-26T07:24:49","modified_gmt":"2020-06-26T07:24:49","slug":"tanaraink-szakmai-fejlodese","status":"publish","type":"page","link":"https:\/\/s-markovic.edu.rs\/hu\/tanaraink-szakmai-fejlodese\/","title":{"rendered":"Tan\u00e1raink szakmai fejl\u0151d\u00e9se"},"content":{"rendered":"<p>[et_pb_section fb_built=&#8221;1&#8243; custom_padding_last_edited=&#8221;on|phone&#8221; _builder_version=&#8221;4.4.2&#8243; background_color=&#8221;#f4f0d7&#8243; custom_padding=&#8221;10px||17px|||&#8221; custom_padding_tablet=&#8221;&#8221; custom_padding_phone=&#8221;0px||8px||false|false&#8221; bottom_divider_style=&#8221;asymmetric4&#8243; bottom_divider_color=&#8221;#6a353b&#8221; bottom_divider_height=&#8221;30px&#8221;][et_pb_row custom_padding_last_edited=&#8221;on|phone&#8221; _builder_version=&#8221;4.4.2&#8243; background_enable_color=&#8221;off&#8221; width=&#8221;92%&#8221; width_last_edited=&#8221;off|desktop&#8221; custom_padding=&#8221;12px|10px|12px|10px|true|true&#8221; custom_padding_tablet=&#8221;&#8221; custom_padding_phone=&#8221;20px||20px||true|true&#8221; border_color_bottom=&#8221;#bc5e00&#8243; border_style_bottom=&#8221;dashed&#8221;][et_pb_column type=&#8221;4_4&#8243; _builder_version=&#8221;4.4.0&#8243;][et_pb_text _builder_version=&#8221;4.4.8&#8243; text_font=&#8221;|700|||||||&#8221; text_text_color=&#8221;#00142d&#8221; text_font_size=&#8221;45px&#8221; text_line_height=&#8221;1em&#8221; text_orientation=&#8221;center&#8221; hover_enabled=&#8221;0&#8243; text_font_size_tablet=&#8221;&#8221; text_font_size_phone=&#8221;30px&#8221; text_font_size_last_edited=&#8221;on|phone&#8221;]<\/p>\n<p>Tan\u00e1raink szakmai fejl\u0151d\u00e9se<\/p>\n<p>[\/et_pb_text][\/et_pb_column][\/et_pb_row][\/et_pb_section][et_pb_section fb_built=&#8221;1&#8243; _builder_version=&#8221;4.4.2&#8243; background_color=&#8221;#f4f0d7&#8243; custom_padding=&#8221;34px||38px|||&#8221;][et_pb_row use_custom_gutter=&#8221;on&#8221; gutter_width=&#8221;2&#8243; custom_padding_last_edited=&#8221;on|phone&#8221; _builder_version=&#8221;4.4.8&#8243; width_tablet=&#8221;&#8221; width_phone=&#8221;90%&#8221; width_last_edited=&#8221;on|phone&#8221; custom_padding=&#8221;27px|30px||30px|false|true&#8221; custom_padding_tablet=&#8221;&#8221; custom_padding_phone=&#8221;10px|10px|10px|10px|false|true&#8221; border_width_all=&#8221;1px&#8221; border_color_all=&#8221;rgba(0,0,0,0.3)&#8221;][et_pb_column type=&#8221;4_4&#8243; _builder_version=&#8221;4.4.2&#8243;][et_pb_team_member name=&#8221;\u0434\u0440 \u041c\u0430\u0440\u0438\u0458\u0430 \u0411\u0458\u0435\u0459\u0430\u0446&#8221; position=&#8221;\u043d\u0430\u0441\u0442\u0430\u0432\u043d\u0438\u043a \u0441\u0440\u043f\u0441\u043a\u043e\u0433 \u0458\u0435\u0437\u0438\u043a\u0430 \u0438 \u043a\u045a\u0438\u0436\u0435\u0432\u043d\u043e\u0441\u0442\u0438&#8221; image_url=&#8221;https:\/\/s-markovic.edu.rs\/hu\/wp-content\/uploads\/sites\/2\/2020\/06\/Marija-Bjeljac.jpg&#8221; _builder_version=&#8221;4.4.8&#8243;]<\/p>\n<p>\u0414\u043e\u043a\u0442\u043e\u0440 \u0441\u0430\u043c \u043a\u045a\u0438\u0436\u0435\u0432\u043d\u0438\u0445 \u043d\u0430\u0443\u043a\u0430, \u0441\u0430\u0432\u0435\u0442\u043d\u0438\u043a-\u0441\u043f\u043e\u0459\u043d\u0438 \u0441\u0430\u0440\u0430\u0434\u043d\u0438\u043a \u041c\u0438\u043d\u0438\u0441\u0442\u0430\u0440\u0441\u0442\u0432\u0430 \u043f\u0440\u043e\u0441\u0432\u0435\u0442\u0435, \u043d\u0430\u0443\u043a\u0435 \u0438 \u0442\u0435\u0445\u043d\u043e\u043b\u043e\u0448\u043a\u043e\u0433 \u0440\u0430\u0437\u0432\u043e\u0458\u0430, \u0441\u043f\u043e\u0459\u043d\u0438 \u0441\u0430\u0440\u0430\u0434\u043d\u0438\u043a\u0430 \u0417\u0430\u0432\u043e\u0434\u0430 \u0437\u0430 \u0432\u0440\u0435\u0434\u043d\u043e\u0432\u0430\u045a\u0435 \u043a\u0432\u0430\u043b\u0438\u0442\u0435\u0442\u0430 \u043e\u0431\u0440\u0430\u0437\u043e\u0432\u0430\u045a\u0430 \u0438 \u0432\u0430\u0441\u043f\u0438\u0442\u0430\u045a\u0430,\u00a0 \u0441\u0430\u043c\u043e\u0441\u0442\u0430\u043b\u043d\u0438 \u043f\u0435\u0434\u0430\u0433\u0448\u043a\u0438 \u0441\u0430\u0432\u0435\u0442\u043d\u0438\u043a.<\/p>\n<p>\u0410\u0443\u0442\u043e\u0440 \u0441\u0430\u043c \u0432\u0438\u0448\u0435 \u0441\u0442\u0440\u0443\u0447\u043d\u0438\u0445 \u0438 \u043d\u0430\u0443\u0447\u043d\u0438\u0445 \u0440\u0430\u0434\u043e\u0432\u0430. \u0410\u0443\u0442\u043e\u0440 \u0441\u0430\u043c \u043f\u0440\u0438\u0440\u0443\u0447\u043d\u0438\u043a\u0430 \u0437\u0430 \u0443\u0447\u0438\u0442\u0435\u0459\u0435 \u0438 \u043d\u0430\u0441\u0442\u0430\u0432\u043d\u0438\u043a\u0435<span>\u00a0<\/span><em>\u0428\u043a\u043e\u043b\u0441\u043a\u0430 \u0441\u0446\u0435\u043d\u0430 (\u0434\u0440\u0430\u043c\u0441\u043a\u0430, \u043b\u0443\u0442\u043a\u0430\u0440\u0441\u043a\u0430, \u043d\u043e\u0432\u0438\u043d\u0430\u0440\u0441\u043a\u0430, \u043b\u0438\u0442\u0435\u0440\u0430\u0440\u043d\u0430 \u0438 \u0440\u0435\u0446\u0438\u0442\u0430\u0442\u043e\u0440\u0441\u043a\u0430 \u0441\u0435\u043a\u0446\u0438\u0458\u0430)<\/em>, \u043f\u0440\u0438\u0440\u0443\u0447\u043d\u0438\u043a\u0430 \u0437\u0430 \u0443\u0447\u0438\u0442\u0435\u0459\u0435 \u0438 \u043d\u0430\u0441\u0442\u0430\u0432\u043d\u0438\u043a\u0435. \u041a\u043e\u0430\u0443\u0442\u043e\u0440 \u0441\u0430\u043c<span>\u00a0<\/span><em>\u0417\u0431\u0438\u0440\u043a\u0435 \u0437\u0430\u0434\u0430\u0442\u0430\u043a\u0430 \u0438\u0437 \u0441\u0440\u043f\u0441\u043a\u043e\u0433 \u0458\u0435\u0437\u0438\u043a\u0430 \u0437\u0430 \u043f\u0440\u0438\u043f\u0440\u0435\u043c\u0430\u045a\u0435 \u0437\u0430\u0432\u0440\u0448\u043d\u043e\u0433 \u0438\u0441\u043f\u0438\u0442\u0430 \u043d\u0430 \u043a\u0440\u0430\u0458\u0443 \u043e\u0441\u043d\u043e\u0432\u043d\u043e\u0433 \u043e\u0431\u0440\u0430\u0437\u043e\u0432\u0430\u045a\u0430<\/em>. \u0420\u0435\u0446\u0435\u0437\u0435\u043d\u0442 \u0441\u0430\u043c\u00a0 \u0443\u045f\u0431\u0435\u043d\u0438\u043a\u0430<span>\u00a0<\/span><em>\u0421\u0440\u043f\u0441\u043a\u0438 \u0458\u0435\u0437\u0438\u043a: \u0440\u0430\u0434\u043d\u0430 \u0441\u0432\u0435\u0441\u043a\u0430 \u0437\u0430 \u043f\u0435\u0442\u0438 \u0440\u0430\u0437\u0440\u0435\u0434<\/em><span>\u00a0<\/span>\u0430\u0443\u0442\u043e\u0440\u043a\u0438 \u0421\u043d\u0435\u0436\u0430\u043d \u0411\u0430\u0431\u0443\u043d\u043e\u0432\u0438\u045b \u0438 \u041c\u0430\u0440\u0435\u043b\u0435 \u041c\u0430\u043d\u043e\u0458\u043b\u043e\u0432\u0438\u045b, \u0438\u0437\u0434\u0430\u0432\u0430\u0447\u043a\u0435 \u043a\u0443\u045b\u0435 \u0415\u0434\u0443\u043a\u0430.<\/p>\n<p>\u0420\u0435\u0430\u043b\u0438\u0437\u0430\u0442\u043e\u0440 \u0441\u0430\u043c \u043e\u0431\u0443\u043a\u0430 \u0438 \u0441\u0435\u043c\u0438\u043d\u0430\u0440\u0430, \u043f\u0440\u0435\u0434\u0430\u0432\u0430\u0447 \u0441\u0430\u043c \u043d\u0430 \u043a\u043e\u043d\u0444\u0435\u0440\u0435\u043d\u0446\u0438\u0458\u0430\u043c\u0430, \u0442\u0440\u0438\u0431\u0438\u043d\u0430\u043c\u0430, \u0441\u0442\u0440\u0443\u0447\u043d\u0438\u043c \u0441\u043a\u0443\u043f\u043e\u0432\u0438\u043c\u0430, \u043f\u0440\u043e\u0458\u0435\u043a\u0442\u0438\u043c\u0430, \u043c\u0435\u0452\u0443\u043d\u0430\u0440\u043e\u0434\u043d\u0438\u043c \u0441\u0438\u043c\u043f\u043e\u0437\u0438\u0458\u0443\u043c\u0438\u043c\u0430.<\/p>\n<p>\u0414\u043e\u0431\u0438\u0442\u043d\u0438\u043a \u0441\u0430\u043c \u043f\u0440\u0438\u0437\u043d\u0430\u045a\u0430<span>\u00a0<\/span><em>\u041d\u0430\u0458\u0431\u043e\u0459\u0438 \u043d\u0430\u0441\u0442\u0430\u0432\u043d\u0438\u043a \u0431\u0438\u0432\u0448\u0435 \u0408\u0443\u0433\u043e\u0441\u043b\u0430\u0432\u0438\u0458\u0435<\/em>, \u043c\u043e\u0458\u0430 \u0431\u0438\u043e\u0433\u0440\u0430\u0444\u0438\u0458\u0430 \u0441\u0435 \u043d\u0430\u043b\u0430\u0437\u0438 \u0443<span>\u00a0<\/span><em>\u041b\u0435\u043a\u0441\u0438\u043a\u043e\u043d\u0443 \u0441\u0442\u0432\u0430\u0440\u0430\u043b\u0430\u0446\u0430 \u043f\u0440\u0435\u0434\u0443\u043d\u0438\u0432\u0435\u0440\u0437\u0438\u0442\u0435\u0442\u0441\u043a\u043e\u0433 \u043e\u0431\u0440\u0430\u0437\u043e\u0432\u0430\u045a\u0430<\/em>.<\/p>\n<p>\u0414\u043e\u0431\u0438\u0442\u043d\u0438\u043a \u0441\u0430\u043c \u0434\u0432\u0435 \u0434\u0440\u0443\u0433\u0435 \u043d\u0430\u0433\u0440\u0430\u0434\u0435 \u043d\u0430<span>\u00a0<\/span><em>\u041c\u0435\u0452\u0443\u043d\u0430\u0440\u043e\u0434\u043d\u043e\u043c \u0444\u0435\u0441\u0442\u0438\u0432\u0430\u043b\u0443 \u043b\u0443\u0442\u043a\u0430\u0440\u0441\u0442\u0432\u0430 \u043e\u0441\u043d\u043e\u0432\u043d\u0438\u0445 \u0448\u043a\u043e\u043b\u0430<\/em><span>\u00a0<\/span>\u0437\u0430 \u0430\u0443\u0442\u043e\u0440\u0441\u043a\u0438 \u0442\u0435\u043a\u0441\u0442 \u0438 \u00a0\u0437\u0430 \u0430\u0443\u0442\u043e\u0440\u0441\u043a\u0443 \u043b\u0443\u0442\u043a\u0443. \u041d\u0430\u043a\u043e\u043d \u0447\u0435\u0433\u0430 \u0441\u0430\u043c \u0438\u043c\u0430\u043b\u0430 \u043f\u0440\u0438\u043b\u0438\u043a\u0443 \u0434\u0430 \u0431\u0443\u0434\u0435\u043c \u043f\u0440\u0435\u0434\u0441\u0435\u0434\u043d\u0438\u043a \u0436\u0438\u0440\u0438\u0458\u0430 \u043d\u0430<span>\u00a0<\/span><em>\u041c\u0435\u0452\u0443\u043d\u0430\u0440\u043e\u0434\u043d\u043e\u043c \u0444\u0435\u0441\u0442\u0438\u0432\u0430\u043b\u0443 \u043b\u0443\u0442\u043a\u0430\u0440\u0441\u0442\u0430\u0432\u0430 \u043e\u0441\u043d\u043e\u0432\u043d\u0438\u0445 \u0448\u043a\u043e\u043b\u0430<\/em>.<\/p>\n<p>\u0423 \u0413\u0438\u043c\u043d\u0430\u0437\u0438\u0458\u0443 \u201e\u0421\u0432\u0435\u0442\u043e\u0437\u0430\u0440 \u041c\u0430\u0440\u043a\u043e\u0432\u0438\u045b\u201c \u0437\u0430\u0434\u0443\u0436\u0435\u043d\u0430 \u0441\u0430\u043c \u0437\u0430 \u0434\u0440\u0430\u043c\u0441\u043a\u0443 \u0441\u0435\u043a\u0446\u0438\u0458\u0443. \u0412\u043e\u0434\u0438\u043b\u0430 \u0441\u0430\u043c \u043a\u0430\u043b\u0438\u0433\u0440\u0430\u0444\u0441\u043a\u0443 \u0441\u0435\u043a\u0446\u0438\u0458\u0443 \u0447\u0438\u0458\u0438 \u0441\u0443 \u0447\u043b\u0430\u043d\u043e\u0432\u0438 \u0431\u0438\u043b\u0438 \u0432\u0435\u043e\u043c\u0430 \u0443\u0441\u043f\u0435\u0448\u043d\u0438 \u043d\u0430 \u0440\u0435\u043f\u0443\u0431\u043b\u0438\u0447\u043a\u0438\u043c \u0438 \u043c\u0435\u0452\u0443\u043d\u0430\u0440\u043e\u0434\u043d\u0438\u043c \u0442\u0430\u043a\u043c\u0438\u0447\u0435\u045a\u0438\u043c\u0430.<\/p>\n<p>[\/et_pb_team_member][\/et_pb_column][\/et_pb_row][et_pb_row use_custom_gutter=&#8221;on&#8221; gutter_width=&#8221;2&#8243; custom_padding_last_edited=&#8221;on|phone&#8221; _builder_version=&#8221;4.4.8&#8243; width_tablet=&#8221;&#8221; width_phone=&#8221;90%&#8221; width_last_edited=&#8221;on|phone&#8221; custom_padding=&#8221;27px|30px||30px|false|true&#8221; custom_padding_tablet=&#8221;&#8221; custom_padding_phone=&#8221;10px|10px|10px|10px|false|true&#8221; border_width_all=&#8221;1px&#8221; border_color_all=&#8221;rgba(0,0,0,0.3)&#8221;][et_pb_column type=&#8221;4_4&#8243; _builder_version=&#8221;4.4.2&#8243;][et_pb_team_member name=&#8221;\u0417\u043e\u0440\u0438\u0446\u0430 \u041d\u0438\u043a\u043e\u043b\u0435\u0442\u0438\u045b&#8221; position=&#8221;\u043d\u0430\u0441\u0442\u0430\u0432\u043d\u0438\u043a \u0440\u0430\u0447\u0443\u043d\u0430\u0440\u0441\u0442\u0432\u0430 \u0438 \u0438\u043d\u0444\u043e\u0440\u043c\u0430\u0442\u0438\u043a\u0435&#8221; image_url=&#8221;https:\/\/s-markovic.edu.rs\/hu\/wp-content\/uploads\/sites\/2\/2020\/06\/Nikoleti\u0107-Zorica.jpg&#8221; _builder_version=&#8221;4.4.8&#8243;]<\/p>\n<p>\u041d\u0430\u0441\u0442\u0430\u0432\u043d\u0438\u043a \u0440\u0430\u0447\u0443\u043d\u0430\u0440\u0441\u0442\u0432\u0430 \u0438 \u0438\u043d\u0444\u043e\u0440\u043c\u0430\u0442\u0438\u043a\u0435 \u0443 \u0413\u0438\u043c\u043d\u0430\u0437\u0438\u0458\u0438 \u201e\u0421\u0432\u0435\u0442\u043e\u0437\u0430\u0440 \u041c\u0430\u0440\u043a\u043e\u0432\u0438\u045b\u201c \u043e\u0434 1989.\u0433\u043e\u0434\u0438\u043d\u0435.<\/p>\n<p>\u041f\u0435\u0434\u0430\u0433\u043e\u0448\u043a\u0438 \u0441\u0430\u0432\u0435\u0442\u043d\u0438\u043a \u043e\u0434 12.03.2019. \u0433\u043e\u0434\u0438\u043d\u0435<\/p>\n<p>\u041f\u0440\u043e\u0446\u0435\u0441 \u043a\u0440\u043e\u0437 \u043a\u043e\u0458\u0438 \u0441\u0430\u043c \u043f\u0440\u043e\u043b\u0430\u0437\u0438\u043b\u0430 \u0442\u043e\u043a\u043e\u043c \u0441\u0442\u0438\u0446\u0430\u045a\u0430 \u0437\u0432\u0430\u045a\u0430 \u043f\u0435\u0434\u0430\u0433\u043e\u0448\u043a\u043e\u0433 \u0441\u0430\u0432\u0435\u0442\u043d\u0438\u043a\u0430 \u0458\u0435 \u0431\u0438\u043e \u0432\u0435\u043e\u043c\u0430 \u0437\u0430\u0445\u0442\u0435\u0432\u0430\u043d, \u0437\u0430 \u043c\u0435\u043d\u0435 \u0458\u0435 \u0431\u0438\u043e \u0438\u0437\u0430\u0437\u043e\u0432 (\u0441\u043c\u0430\u0442\u0440\u0430\u043b\u0430 \u0441\u0430\u043c \u0434\u0430 \u0438\u0441\u043f\u0443\u045a\u0430\u0432\u0430\u043c \u043f\u043e\u0442\u0440\u0435\u0431\u043d\u0435 \u043f\u0440\u0435\u0434\u0443\u0441\u043b\u043e\u0432\u0435) \u0438 \u043d\u0430\u0458\u0432\u0435\u045b\u0435 \u043f\u0440\u043e\u0444\u0435\u0441\u0438\u043e\u043d\u0430\u043b\u043d\u043e \u0438\u0441\u043a\u0443\u0441\u0442\u0432\u043e \u0434\u043e \u0442\u0430\u0434\u0430. \u040a\u0435\u043c\u0443 \u0458\u0435 \u043f\u0440\u0435\u0442\u0445\u043e\u0434\u0438\u043b\u043e \u0441\u043a\u043e\u0440\u043e \u0442\u0440\u0438\u0434\u0435\u0441\u0435\u0442\u043e\u0433\u043e\u0434\u0438\u0448\u045a\u0435\u00a0 \u0440\u0430\u0434\u043d\u043e \u0438\u0441\u043a\u0443\u0441\u0442\u0432\u043e \u0443 \u0413\u0438\u043c\u043d\u0430\u0437\u0438\u0458\u0438 \u201e\u0421\u0432\u0435\u0442\u043e\u0437\u0430\u0440 \u041c\u0430\u0440\u043a\u043e\u0432\u0438\u045b\u201c \u0443 \u041d\u043e\u0432\u043e\u043c \u0421\u0430\u0434\u0443. \u0411\u0440\u043e\u0458\u043d\u0438 \u0441\u0435\u043c\u0438\u043d\u0430\u0440\u0438, \u0441\u0442\u0440\u0443\u0447\u043d\u0430 \u043f\u0440\u0435\u0434\u0430\u0432\u0430\u045a\u0430, \u043a\u043e\u043d\u0444\u0435\u0440\u0435\u043d\u0446\u0438\u0458\u0435, \u0442\u0430\u043a\u043c\u0438\u0447\u0435\u045a\u0430, \u043f\u0440\u043e\u0458\u0435\u043a\u0442\u0438, \u043c\u0430\u043d\u0438\u0444\u0435\u0441\u0442\u0430\u0446\u0438\u0458\u0435, \u0441\u0430\u0440\u0430\u0434\u045a\u0435, \u0438\u0441\u0442\u0440\u0430\u0436\u0438\u0432\u0430\u045a\u0430, \u043e\u0441\u0430\u043c \u0433\u043e\u0434\u0438\u043d\u0430 \u0440\u0430\u0434\u0430 \u043a\u0430\u043e \u043f\u043e\u043c\u043e\u045b\u043d\u0438\u043a \u0434\u0438\u0440\u0435\u043a\u0442\u043e\u0440\u0430 \u0437\u0430 \u043d\u0430\u0441\u0442\u0430\u0432\u0443, \u043f\u0435\u0442 \u043f\u0443\u0442\u0430 \u043c\u0435\u043d\u0442\u043e\u0440 \u043c\u043b\u0430\u0434\u0438\u043c \u043a\u043e\u043b\u0435\u0433\u0435\u043c\u0430, \u043f\u0435\u0442 \u0433\u0435\u043d\u0435\u0440\u0430\u0446\u0438\u0458\u0430 \u0441\u0442\u0430\u0440\u0435\u0448\u0438\u043d\u0441\u0442\u0432\u0430. \u041f\u0443\u043d\u043e \u0440\u0430\u0434\u0430, \u043b\u0435\u043f\u0438\u0445 \u0442\u0440\u0435\u043d\u0443\u0442\u0430\u043a\u0430, \u0443\u0441\u043f\u0435\u0448\u043d\u0438\u0445 \u043c\u043b\u0430\u0434\u0438\u0445 \u0459\u0443\u0434\u0438&#8230;<\/p>\n<p>\u0412\u0435\u043b\u0438\u043a\u0443 \u043f\u043e\u0434\u0440\u0448\u043a\u0443 \u0441\u0430\u043c \u0434\u043e\u0431\u0438\u043b\u0430 \u043e\u0434 \u0434\u0438\u0440\u0435\u043a\u0442\u043e\u0440\u043a\u0435, \u0422\u0430\u0442\u0458\u0430\u043d\u0435 \u0412\u0443\u043a\u0430\u0434\u0438\u043d\u043e\u0432\u0438\u045b, \u0441\u0432\u043e\u0458\u0438\u0445 \u043a\u043e\u043b\u0435\u0433\u0430, \u043a\u0430\u043e \u0438 \u043e\u0434 \u0443\u0447\u0435\u043d\u0438\u043a\u0430.<\/p>\n<p>\u041f\u043e\u0441\u0435\u0431\u043d\u043e \u0438\u0441\u043a\u0443\u0441\u0442\u0432\u043e \u0458\u0435 \u0431\u0438\u043b\u0430 \u0441\u0430\u0440\u0430\u0434\u045a\u0430 \u0441\u0430 \u043f\u0440\u043e\u0441\u0432\u0435\u0442\u043d\u043e\u043c \u0441\u0430\u0432\u0435\u0442\u043d\u0438\u0446\u043e\u043c. \u0421\u0432\u0435 \u0442\u043e \u043c\u0435 \u0458\u0435 \u043a\u0430\u043e \u043d\u0430\u0441\u0442\u0430\u0432\u043d\u0438\u043a\u0430 \u043e\u0441\u043d\u0430\u0436\u0438\u043b\u043e. \u0421\u0445\u0432\u0430\u0442\u0438\u043b\u0430 \u0441\u0430\u043c \u0441\u0443\u0448\u0442\u0438\u043d\u0443 \u0441\u0432\u043e\u0433\u0430 \u043f\u043e\u0437\u0438\u0432\u0430 \u0438 \u0448\u0442\u0430 \u0441\u0443 \u043f\u0440\u0438\u043e\u0440\u0438\u0442\u0435\u0442\u0438. \u0414\u0430\u043d\u0430\u0441 \u043e \u0441\u0432\u0430\u043a\u043e\u0458 \u043d\u0430\u0441\u0442\u0430\u0432\u043d\u043e\u0458 \u0442\u0435\u043c\u0438 \u043f\u0443\u043d\u043e \u0440\u0430\u0437\u043c\u0438\u0448\u0459\u0430\u043c \u0438 \u0442\u0440\u0443\u0434\u0438\u043c \u0441\u0435 \u0434\u0430 \u0458\u0435 \u0440\u0435\u0430\u043b\u0438\u0437\u0443\u0458\u0435\u043c \u043a\u0430 \u0438\u0441\u0445\u043e\u0434\u0438\u043c\u0430 \u0443\u0447\u0435\u045a\u0430 \u0438 \u0440\u0430\u0437\u0432\u043e\u0458\u0443 \u043a\u043e\u043c\u043f\u0435\u0442\u0435\u043d\u0446\u0438\u0458\u0430 \u0443\u0447\u0435\u043d\u0438\u043a\u0430. \u0423\u043a\u0459\u0443\u0447\u0443\u0458\u0435\u043c \u0443\u0447\u0435\u043d\u0438\u043a\u0435 \u043d\u0430 \u0440\u0430\u0437\u043b\u0438\u0447\u0438\u0442\u0435 \u043d\u0430\u0447\u0438\u043d\u0435: \u043a\u0440\u043e\u0437 \u043f\u0440\u043e\u0458\u0435\u043a\u0442\u043d\u0443, \u0441\u0430\u0440\u0430\u0434\u043d\u0438\u0447\u043a\u0443, \u043e\u043d-\u043b\u0430\u0458\u043d \u043d\u0430\u0441\u0442\u0430\u0432\u0443, \u043e\u0434 \u043a\u043e\u0458\u0438\u0445 \u0441 \u043e\u0431\u0437\u0438\u0440\u043e\u043c \u043d\u0430 \u043f\u0440\u0435\u0434\u043c\u0435\u0442 \u043a\u043e\u0458\u0438 \u043f\u0440\u0435\u0434\u0430\u0458\u0435\u043c \u043c\u043e\u0433\u0443 \u0434\u043e\u0441\u0442\u0430 \u0434\u0430 \u0441\u0430\u0437\u043d\u0430\u043c \u0438 \u043d\u0430\u0443\u0447\u0438\u043c. \u0421\u043c\u0430\u0442\u0440\u0430\u043c \u0434\u0430 \u0441\u0432\u043e\u0458 \u043f\u043e\u0441\u0430\u043e \u0434\u0430\u043d\u0430\u0441 \u043e\u0431\u0430\u0432\u0459\u0430\u043c \u0434\u043e\u0431\u0440\u043e, \u043d\u0430\u0441\u0442\u0430\u0432\u0438\u045b\u0443 \u0442\u0430\u043a\u043e, \u0430 \u043d\u0430\u043f\u0440\u0435\u0434\u043e\u0432\u0430\u045a\u0435 \u0443 \u0437\u0432\u0430\u045a\u0443 \u043c\u0435 \u043d\u0430 \u0442\u043e \u0438 \u043e\u0431\u0430\u0432\u0435\u0437\u0443\u0458\u0435.<\/p>\n<p>[\/et_pb_team_member][\/et_pb_column][\/et_pb_row][\/et_pb_section]<\/p>\n","protected":false},"excerpt":{"rendered":"<p>Tan\u00e1raink szakmai fejl\u0151d\u00e9se \u0414\u043e\u043a\u0442\u043e\u0440 \u0441\u0430\u043c \u043a\u045a\u0438\u0436\u0435\u0432\u043d\u0438\u0445 \u043d\u0430\u0443\u043a\u0430, \u0441\u0430\u0432\u0435\u0442\u043d\u0438\u043a-\u0441\u043f\u043e\u0459\u043d\u0438 \u0441\u0430\u0440\u0430\u0434\u043d\u0438\u043a \u041c\u0438\u043d\u0438\u0441\u0442\u0430\u0440\u0441\u0442\u0432\u0430 \u043f\u0440\u043e\u0441\u0432\u0435\u0442\u0435, \u043d\u0430\u0443\u043a\u0435 \u0438 \u0442\u0435\u0445\u043d\u043e\u043b\u043e\u0448\u043a\u043e\u0433 \u0440\u0430\u0437\u0432\u043e\u0458\u0430, \u0441\u043f\u043e\u0459\u043d\u0438 \u0441\u0430\u0440\u0430\u0434\u043d\u0438\u043a\u0430 \u0417\u0430\u0432\u043e\u0434\u0430 \u0437\u0430 \u0432\u0440\u0435\u0434\u043d\u043e\u0432\u0430\u045a\u0435 \u043a\u0432\u0430\u043b\u0438\u0442\u0435\u0442\u0430 \u043e\u0431\u0440\u0430\u0437\u043e\u0432\u0430\u045a\u0430 \u0438 \u0432\u0430\u0441\u043f\u0438\u0442\u0430\u045a\u0430,\u00a0 \u0441\u0430\u043c\u043e\u0441\u0442\u0430\u043b\u043d\u0438 \u043f\u0435\u0434\u0430\u0433\u0448\u043a\u0438 \u0441\u0430\u0432\u0435\u0442\u043d\u0438\u043a. \u0410\u0443\u0442\u043e\u0440 \u0441\u0430\u043c \u0432\u0438\u0448\u0435 \u0441\u0442\u0440\u0443\u0447\u043d\u0438\u0445 \u0438 \u043d\u0430\u0443\u0447\u043d\u0438\u0445 \u0440\u0430\u0434\u043e\u0432\u0430. \u0410\u0443\u0442\u043e\u0440 \u0441\u0430\u043c \u043f\u0440\u0438\u0440\u0443\u0447\u043d\u0438\u043a\u0430 \u0437\u0430 \u0443\u0447\u0438\u0442\u0435\u0459\u0435 \u0438 \u043d\u0430\u0441\u0442\u0430\u0432\u043d\u0438\u043a\u0435\u00a0\u0428\u043a\u043e\u043b\u0441\u043a\u0430 \u0441\u0446\u0435\u043d\u0430 (\u0434\u0440\u0430\u043c\u0441\u043a\u0430, \u043b\u0443\u0442\u043a\u0430\u0440\u0441\u043a\u0430, \u043d\u043e\u0432\u0438\u043d\u0430\u0440\u0441\u043a\u0430, \u043b\u0438\u0442\u0435\u0440\u0430\u0440\u043d\u0430 \u0438 \u0440\u0435\u0446\u0438\u0442\u0430\u0442\u043e\u0440\u0441\u043a\u0430 \u0441\u0435\u043a\u0446\u0438\u0458\u0430), \u043f\u0440\u0438\u0440\u0443\u0447\u043d\u0438\u043a\u0430 \u0437\u0430 \u0443\u0447\u0438\u0442\u0435\u0459\u0435 \u0438 \u043d\u0430\u0441\u0442\u0430\u0432\u043d\u0438\u043a\u0435. \u041a\u043e\u0430\u0443\u0442\u043e\u0440 [&hellip;]<\/p>\n","protected":false},"author":1,"featured_media":1815,"parent":0,"menu_order":0,"comment_status":"closed","ping_status":"closed","template":"","meta":{"_et_pb_use_builder":"on","_et_pb_old_content":"","_et_gb_content_width":"","footnotes":""},"class_list":["post-1846","page","type-page","status-publish","has-post-thumbnail","hentry"],"_links":{"self":[{"href":"https:\/\/s-markovic.edu.rs\/hu\/wp-json\/wp\/v2\/pages\/1846","targetHints":{"allow":["GET"]}}],"collection":[{"href":"https:\/\/s-markovic.edu.rs\/hu\/wp-json\/wp\/v2\/pages"}],"about":[{"href":"https:\/\/s-markovic.edu.rs\/hu\/wp-json\/wp\/v2\/types\/page"}],"author":[{"embeddable":true,"href":"https:\/\/s-markovic.edu.rs\/hu\/wp-json\/wp\/v2\/users\/1"}],"replies":[{"embeddable":true,"href":"https:\/\/s-markovic.edu.rs\/hu\/wp-json\/wp\/v2\/comments?post=1846"}],"version-history":[{"count":5,"href":"https:\/\/s-markovic.edu.rs\/hu\/wp-json\/wp\/v2\/pages\/1846\/revisions"}],"predecessor-version":[{"id":2131,"href":"https:\/\/s-markovic.edu.rs\/hu\/wp-json\/wp\/v2\/pages\/1846\/revisions\/2131"}],"wp:featuredmedia":[{"embeddable":true,"href":"https:\/\/s-markovic.edu.rs\/hu\/wp-json\/wp\/v2\/media\/1815"}],"wp:attachment":[{"href":"https:\/\/s-markovic.edu.rs\/hu\/wp-json\/wp\/v2\/media?parent=1846"}],"curies":[{"name":"wp","href":"https:\/\/api.w.org\/{rel}","templated":true}]}}