{"id":1693,"date":"2020-06-15T23:07:55","date_gmt":"2020-06-15T23:07:55","guid":{"rendered":"https:\/\/s-markovic.edu.rs\/hu\/?page_id=1693"},"modified":"2022-03-10T16:45:47","modified_gmt":"2022-03-10T16:45:47","slug":"magyar-nyelvu-munkakozossegi","status":"publish","type":"page","link":"https:\/\/s-markovic.edu.rs\/hu\/magyar-nyelvu-munkakozossegi\/","title":{"rendered":"Magyar nyelv\u0171 munkak\u00f6z\u00f6ss\u00e9gi"},"content":{"rendered":"<p>[et_pb_section fb_built=&#8221;1&#8243; custom_padding_last_edited=&#8221;on|phone&#8221; _builder_version=&#8221;4.4.2&#8243; background_color=&#8221;#f4f0d7&#8243; custom_padding=&#8221;10px||17px|||&#8221; custom_padding_tablet=&#8221;&#8221; custom_padding_phone=&#8221;0px||8px||false|false&#8221; bottom_divider_style=&#8221;asymmetric4&#8243; bottom_divider_color=&#8221;#6a353b&#8221; bottom_divider_height=&#8221;30px&#8221; global_colors_info=&#8221;{}&#8221;][et_pb_row custom_padding_last_edited=&#8221;on|phone&#8221; _builder_version=&#8221;4.4.2&#8243; background_enable_color=&#8221;off&#8221; width=&#8221;92%&#8221; width_last_edited=&#8221;off|desktop&#8221; custom_padding=&#8221;12px|10px|12px|10px|true|true&#8221; custom_padding_tablet=&#8221;&#8221; custom_padding_phone=&#8221;20px||20px||true|true&#8221; border_color_bottom=&#8221;#bc5e00&#8243; border_style_bottom=&#8221;dashed&#8221; global_colors_info=&#8221;{}&#8221;][et_pb_column type=&#8221;4_4&#8243; _builder_version=&#8221;4.4.0&#8243; global_colors_info=&#8221;{}&#8221;][et_pb_text _builder_version=&#8221;4.4.8&#8243; text_font=&#8221;|700|||||||&#8221; text_text_color=&#8221;#00142d&#8221; text_font_size=&#8221;45px&#8221; text_line_height=&#8221;1em&#8221; text_orientation=&#8221;center&#8221; text_font_size_tablet=&#8221;&#8221; text_font_size_phone=&#8221;30px&#8221; text_font_size_last_edited=&#8221;on|phone&#8221; global_colors_info=&#8221;{}&#8221;]<\/p>\n<p>Magyar nyelv\u0171 munkak\u00f6z\u00f6ss\u00e9gi<\/p>\n<p>[\/et_pb_text][\/et_pb_column][\/et_pb_row][\/et_pb_section][et_pb_section fb_built=&#8221;1&#8243; _builder_version=&#8221;4.4.2&#8243; background_color=&#8221;#f4f0d7&#8243; custom_padding=&#8221;34px||6px|||&#8221; global_colors_info=&#8221;{}&#8221;][et_pb_row custom_padding_last_edited=&#8221;on|phone&#8221; _builder_version=&#8221;4.4.2&#8243; width_tablet=&#8221;&#8221; width_phone=&#8221;90%&#8221; width_last_edited=&#8221;on|phone&#8221; custom_padding=&#8221;27px|30px|16px|30px|false|true&#8221; custom_padding_tablet=&#8221;&#8221; custom_padding_phone=&#8221;10px|10px|10px|10px|false|true&#8221; border_width_all=&#8221;1px&#8221; border_color_all=&#8221;rgba(0,0,0,0.3)&#8221; global_colors_info=&#8221;{}&#8221;][et_pb_column type=&#8221;4_4&#8243; _builder_version=&#8221;4.4.2&#8243; global_colors_info=&#8221;{}&#8221;][et_pb_text _builder_version=&#8221;4.13.0&#8243; text_font=&#8221;||||||||&#8221; text_text_color=&#8221;#00142d&#8221; hover_enabled=&#8221;0&#8243; global_colors_info=&#8221;{}&#8221; sticky_enabled=&#8221;0&#8243;]<\/p>\n<table style=\"border-color: #00142d; background-color: #fff;\" border=\"2\">\n<tbody>\n<tr>\n<td rowspan=\"17\" style=\"width: 371px;\"><strong>\u0410\u043a\u0442\u0438\u0432 \u043d\u0430\u0441\u0442\u0430\u0432\u043d\u0438\u043a\u0430 \u043d\u0430 \u043c\u0430\u0452\u0430\u0440\u0441\u043a\u043e\u043c \u0458\u0435\u0437\u0438\u043a\u0443<\/strong><\/td>\n<td style=\"width: 92.9531px;\">\u0415\u0434\u0438\u0442 \u041a\u043e\u0432\u0430\u0447 &#8211; \u0428\u043c\u0438\u0442<\/td>\n<td style=\"width: 161px;\">\u043d\u0430\u0441\u0442. \u043c\u0430\u0452\u0430\u0440\u0441\u043a\u043e\u0433 \u0458\u0435\u0437\u0438\u043a\u0430 \u0438 \u043a\u045a\u0438\u0436\u0435\u0432\u043d\u043e\u0441\u0442\u0438, \u043f\u0440\u0435\u0434\u0441\u0435\u0434\u043d\u0438\u043a<\/td>\n<\/tr>\n<tr>\n<td style=\"width: 92.9531px;\">\u0410\u0440\u043e\u043d \u0413\u0435\u0431\u0435\u0440<\/td>\n<td style=\"width: 161px;\">\u043d\u0430\u0441\u0442.\u0435\u043d\u0433\u043b\u0435\u0441\u043a\u043e\u0433 \u0458\u0435\u0437\u0438\u043a\u0430<\/td>\n<\/tr>\n<tr>\n<td style=\"width: 92.9531px;\">\u0410\u0433\u043e\u0442\u0430 \u0426\u0438\u043a\u043e\u0440\u0430<\/td>\n<td style=\"width: 161px;\">\u043d\u0430\u0441\u0442. \u043d\u0435\u043c\u0430\u0447\u043a\u043e\u0433 \u0458\u0435\u0437\u0438\u043a\u0430<\/td>\n<\/tr>\n<tr>\n<td style=\"width: 92.9531px;\">\u041e\u0442\u043e \u0427\u043e\u043b\u0430\u043a<\/td>\n<td style=\"width: 161px;\">\u043d\u0430\u0441\u0442. \u043b\u0430\u0442\u0438\u043d\u0441\u043a\u043e\u0433 \u0438 \u0444\u0440\u0430\u043d\u0446. \u0458\u0435\u0437\u0438\u043a\u0430<\/td>\n<\/tr>\n<tr>\n<td style=\"width: 92.9531px;\">\u0422\u0435\u0440\u0435\u0437\u0430 \u041f\u0435\u0440\u0438\u0448\u0438\u045b \u0413\u0430\u0448\u043f\u0430\u0440<\/td>\n<td style=\"width: 161px;\">\u043d\u0430\u0441\u0442. \u043f\u0441\u0438\u0445\u043e\u043b\u043e\u0433\u0438\u0458\u0435 \u0438 \u0433\u0440\u0430\u0452.\u0432\u0430\u0441\u043f.<\/td>\n<\/tr>\n<tr>\n<td style=\"width: 92.9531px;\">\u0410\u043d\u0438\u043a\u043e \u041f\u0430\u0442\u0430\u0440\u0438\u0446\u0430<\/td>\n<td style=\"width: 161px;\">\u043d\u0430\u0441\u0442. \u0441\u043e\u0446\u0438\u043e\u043b\u043e\u0433\u0438\u0458\u0435 \u0438 \u0443\u0441\u0442\u0430\u0432\u0430 \u0438 \u043f\u0440\u0430\u0432\u0430 \u0433\u0440\u0430\u0452.<\/td>\n<\/tr>\n<tr>\n<td style=\"width: 92.9531px;\">\u0410\u0440\u043f\u0430\u0434 \u041f\u0430\u0447\u0430<\/td>\n<td style=\"width: 161px;\">\u043d\u0430\u0441\u0442.\u0438\u0441\u0442\u043e\u0440\u0438\u0458\u0435<\/td>\n<\/tr>\n<tr>\n<td style=\"width: 92.9531px;\">\u041c\u043e\u043d\u0438\u043a\u0430 \u0412\u0430\u0440\u0433\u0430<\/td>\n<td style=\"width: 161px;\">\u043d\u0430\u0441\u0442. \u0433\u0435\u043e\u0433\u0440\u0430\u0444\u0438\u0458\u0435<\/td>\n<\/tr>\n<tr>\n<td style=\"width: 92.9531px;\">\u0425\u0435\u043b\u0435\u043d\u0430 \u0413\u0435\u0440\u0433\u0435\u0459<\/td>\n<td style=\"width: 161px;\">\u043d\u0430\u0441\u0442.\u0431\u0438\u043e\u043b\u043e\u0433\u0438\u0458\u0435<\/td>\n<\/tr>\n<tr>\n<td style=\"width: 92.9531px;\">\u0420\u0435\u0431\u0435\u043a\u0430 \u0427\u043e\u0440\u0431\u0430<\/td>\n<td style=\"width: 161px;\">\u043d\u0430\u0441\u0442.\u043c\u0430\u0442\u0435\u043c\u0430\u0442\u0438\u043a\u0435<\/td>\n<\/tr>\n<tr>\n<td style=\"width: 92.9531px;\">\u0420\u043e\u0431\u0435\u0440\u0442 \u041c\u043e\u043b\u043d\u0430\u0440<\/td>\n<td style=\"width: 161px;\">\u043d\u0430\u0441\u0442.\u0444\u0438\u0437\u0438\u043a\u0435<\/td>\n<\/tr>\n<tr>\n<td style=\"width: 92.9531px;\">\u0410\u043d\u0438\u043a\u043e \u0424\u0435\u0445\u0435\u0440<\/td>\n<td style=\"width: 161px;\">\u043d\u0430\u0441\u0442.\u0445\u0435\u043c\u0438\u0458\u0435<\/td>\n<\/tr>\n<tr>\n<td style=\"width: 92.9531px;\">\u041a\u043b\u0430\u0440\u0430 \u0412\u0435\u043b\u0438\u0448\u0435\u043a<\/td>\n<td style=\"width: 161px;\">\u043d\u0430\u0441\u0442.\u0440\u0430\u0447. \u0438 \u0438\u043d\u0444\u043e.<\/td>\n<\/tr>\n<tr>\n<td style=\"width: 92.9531px;\">\u0402\u0435\u043d\u0452\u0438\u043a\u0430 \u0420\u0430\u0446<\/td>\n<td style=\"width: 161px;\">\u043d\u0430\u0441\u0442.\u043b\u0438\u043a\u043e\u0432\u043d\u0435 \u0443\u043c.<\/td>\n<\/tr>\n<tr>\n<td style=\"width: 92.9531px;\">\u0415\u0432\u0430 \u0412\u0438\u0434\u0435\u0446<\/td>\n<td style=\"width: 161px;\">\u043d\u0430\u0441\u0442.\u043c\u0443\u0437.\u0443\u043c.<\/td>\n<\/tr>\n<tr>\n<td style=\"width: 92.9531px;\">\u041e\u043b\u0433\u0430 \u041a\u0430\u043c\u0435\u043d\u043a\u043e\u0432\u0438\u045b<\/td>\n<td style=\"width: 161px;\">\u043d\u0430\u0441\u0442.\u0444\u0438\u0437\u0438\u0447\u043a\u043e\u0433 \u0432\u0430\u0441\u043f.<\/td>\n<\/tr>\n<tr>\n<td style=\"width: 92.9531px;\">\u0414\u0430\u0432\u0438\u0434 \u0421\u0430\u0432\u0438\u045b<\/td>\n<td style=\"width: 161px;\">\u043d\u0430\u0441\u0442.\u0444\u0438\u043b\u043e\u0437\u043e\u0444\u0438\u0458\u0435<\/td>\n<\/tr>\n<tr>\n<td style=\"width: 371px;\"><strong>\u00a0<\/strong><\/td>\n<td style=\"width: 92.9531px;\">\u0415\u0432\u0430 \u0410\u0434\u0430\u043c<\/td>\n<td style=\"width: 161px;\">\u043d\u0430\u0441\u0442.\u0432\u0435\u0440\u043e\u043d\u0430\u0443\u043a\u0435<\/td>\n<\/tr>\n<\/tbody>\n<\/table>\n<p>[\/et_pb_text][\/et_pb_column][\/et_pb_row][\/et_pb_section][et_pb_section fb_built=&#8221;1&#8243; _builder_version=&#8221;4.4.2&#8243; background_color=&#8221;#f4f0d7&#8243; custom_padding=&#8221;0px||0px|||&#8221; global_colors_info=&#8221;{}&#8221;][et_pb_row use_custom_gutter=&#8221;on&#8221; gutter_width=&#8221;2&#8243; _builder_version=&#8221;4.4.8&#8243; width_tablet=&#8221;&#8221; width_phone=&#8221;90%&#8221; width_last_edited=&#8221;on|phone&#8221; custom_padding=&#8221;19px||0px|||&#8221; global_colors_info=&#8221;{}&#8221;][et_pb_column type=&#8221;4_4&#8243; _builder_version=&#8221;4.4.2&#8243; global_colors_info=&#8221;{}&#8221;][et_pb_text _builder_version=&#8221;4.4.8&#8243; global_colors_info=&#8221;{}&#8221;]<\/p>\n<h2>\u0414\u0435\u0448\u0430\u0432\u0430\u045a\u0430\u00a0<\/h2>\n<p>[\/et_pb_text][et_pb_blog fullwidth=&#8221;off&#8221; posts_number=&#8221;9&#8243; include_categories=&#8221;93&#8243; show_categories=&#8221;off&#8221; show_excerpt=&#8221;off&#8221; masonry_tile_background_color=&#8221;#f4f0d7&#8243; _builder_version=&#8221;4.4.8&#8243; meta_text_color=&#8221;#6a353b&#8221; background_color=&#8221;#f4f0d7&#8243; border_radii=&#8221;on|10px|10px|10px|10px&#8221; border_width_top=&#8221;10px&#8221; border_color_top=&#8221;#6a353b&#8221; border_width_bottom=&#8221;10px&#8221; border_color_bottom=&#8221;#dddddd&#8221; border_style_bottom=&#8221;ridge&#8221; box_shadow_style=&#8221;preset2&#8243; global_colors_info=&#8221;{}&#8221; header_text_color__hover_enabled=&#8221;off|hover&#8221; header_text_color__hover=&#8221;#6a353b&#8221; custom_margin__hover_enabled=&#8221;on|hover&#8221; custom_margin__hover=&#8221;||||false|false&#8221; border_color_top__hover_enabled=&#8221;on|desktop&#8221; border_width_top__hover_enabled=&#8221;on|hover&#8221; border_width_bottom__hover_enabled=&#8221;on|desktop&#8221; border_width_bottom__hover=&#8221;10px&#8221; border_color_bottom__hover_enabled=&#8221;on|hover&#8221; border_color_bottom__hover=&#8221;#6a353b&#8221; border_color_top__hover=&#8221;#6a353b&#8221; border_width_top__hover=&#8221;10px&#8221;][\/et_pb_blog][\/et_pb_column][\/et_pb_row][\/et_pb_section]<\/p>\n","protected":false},"excerpt":{"rendered":"<p>Magyar nyelv\u0171 munkak\u00f6z\u00f6ss\u00e9gi \u0410\u043a\u0442\u0438\u0432 \u043d\u0430\u0441\u0442\u0430\u0432\u043d\u0438\u043a\u0430 \u043d\u0430 \u043c\u0430\u0452\u0430\u0440\u0441\u043a\u043e\u043c \u0458\u0435\u0437\u0438\u043a\u0443 \u0415\u0434\u0438\u0442 \u041a\u043e\u0432\u0430\u0447 &#8211; \u0428\u043c\u0438\u0442 \u043d\u0430\u0441\u0442. \u043c\u0430\u0452\u0430\u0440\u0441\u043a\u043e\u0433 \u0458\u0435\u0437\u0438\u043a\u0430 \u0438 \u043a\u045a\u0438\u0436\u0435\u0432\u043d\u043e\u0441\u0442\u0438, \u043f\u0440\u0435\u0434\u0441\u0435\u0434\u043d\u0438\u043a \u0410\u0440\u043e\u043d \u0413\u0435\u0431\u0435\u0440 \u043d\u0430\u0441\u0442.\u0435\u043d\u0433\u043b\u0435\u0441\u043a\u043e\u0433 \u0458\u0435\u0437\u0438\u043a\u0430 \u0410\u0433\u043e\u0442\u0430 \u0426\u0438\u043a\u043e\u0440\u0430 \u043d\u0430\u0441\u0442. \u043d\u0435\u043c\u0430\u0447\u043a\u043e\u0433 \u0458\u0435\u0437\u0438\u043a\u0430 \u041e\u0442\u043e \u0427\u043e\u043b\u0430\u043a \u043d\u0430\u0441\u0442. \u043b\u0430\u0442\u0438\u043d\u0441\u043a\u043e\u0433 \u0438 \u0444\u0440\u0430\u043d\u0446. \u0458\u0435\u0437\u0438\u043a\u0430 \u0422\u0435\u0440\u0435\u0437\u0430 \u041f\u0435\u0440\u0438\u0448\u0438\u045b \u0413\u0430\u0448\u043f\u0430\u0440 \u043d\u0430\u0441\u0442. \u043f\u0441\u0438\u0445\u043e\u043b\u043e\u0433\u0438\u0458\u0435 \u0438 \u0433\u0440\u0430\u0452.\u0432\u0430\u0441\u043f. \u0410\u043d\u0438\u043a\u043e \u041f\u0430\u0442\u0430\u0440\u0438\u0446\u0430 \u043d\u0430\u0441\u0442. \u0441\u043e\u0446\u0438\u043e\u043b\u043e\u0433\u0438\u0458\u0435 \u0438 \u0443\u0441\u0442\u0430\u0432\u0430 \u0438 \u043f\u0440\u0430\u0432\u0430 \u0433\u0440\u0430\u0452. \u0410\u0440\u043f\u0430\u0434 \u041f\u0430\u0447\u0430 \u043d\u0430\u0441\u0442.\u0438\u0441\u0442\u043e\u0440\u0438\u0458\u0435 \u041c\u043e\u043d\u0438\u043a\u0430 \u0412\u0430\u0440\u0433\u0430 [&hellip;]<\/p>\n","protected":false},"author":1,"featured_media":0,"parent":0,"menu_order":0,"comment_status":"closed","ping_status":"closed","template":"","meta":{"_et_pb_use_builder":"on","_et_pb_old_content":"","_et_gb_content_width":"","footnotes":""},"class_list":["post-1693","page","type-page","status-publish","hentry"],"_links":{"self":[{"href":"https:\/\/s-markovic.edu.rs\/hu\/wp-json\/wp\/v2\/pages\/1693","targetHints":{"allow":["GET"]}}],"collection":[{"href":"https:\/\/s-markovic.edu.rs\/hu\/wp-json\/wp\/v2\/pages"}],"about":[{"href":"https:\/\/s-markovic.edu.rs\/hu\/wp-json\/wp\/v2\/types\/page"}],"author":[{"embeddable":true,"href":"https:\/\/s-markovic.edu.rs\/hu\/wp-json\/wp\/v2\/users\/1"}],"replies":[{"embeddable":true,"href":"https:\/\/s-markovic.edu.rs\/hu\/wp-json\/wp\/v2\/comments?post=1693"}],"version-history":[{"count":8,"href":"https:\/\/s-markovic.edu.rs\/hu\/wp-json\/wp\/v2\/pages\/1693\/revisions"}],"predecessor-version":[{"id":2541,"href":"https:\/\/s-markovic.edu.rs\/hu\/wp-json\/wp\/v2\/pages\/1693\/revisions\/2541"}],"wp:attachment":[{"href":"https:\/\/s-markovic.edu.rs\/hu\/wp-json\/wp\/v2\/media?parent=1693"}],"curies":[{"name":"wp","href":"https:\/\/api.w.org\/{rel}","templated":true}]}}