{"id":1342,"date":"2020-06-08T22:16:36","date_gmt":"2020-06-08T22:16:36","guid":{"rendered":"https:\/\/s-markovic.edu.rs\/hu\/?page_id=1342"},"modified":"2020-07-06T10:07:44","modified_gmt":"2020-07-06T10:07:44","slug":"a-gimnazium-ma","status":"publish","type":"page","link":"https:\/\/s-markovic.edu.rs\/hu\/a-gimnazium-ma\/","title":{"rendered":"A gimn\u00e1zium ma"},"content":{"rendered":"<p>[et_pb_section fb_built=&#8221;1&#8243; custom_padding_last_edited=&#8221;on|phone&#8221; _builder_version=&#8221;4.4.2&#8243; background_color=&#8221;#f4f0d7&#8243; custom_padding=&#8221;10px||17px|||&#8221; custom_padding_tablet=&#8221;&#8221; custom_padding_phone=&#8221;0px||8px||false|false&#8221; bottom_divider_style=&#8221;asymmetric4&#8243; bottom_divider_color=&#8221;#6a353b&#8221; bottom_divider_height=&#8221;30px&#8221;][et_pb_row custom_padding_last_edited=&#8221;on|phone&#8221; _builder_version=&#8221;4.4.2&#8243; background_enable_color=&#8221;off&#8221; width=&#8221;92%&#8221; width_last_edited=&#8221;off|desktop&#8221; custom_padding=&#8221;12px|10px|12px|10px|true|true&#8221; custom_padding_tablet=&#8221;&#8221; custom_padding_phone=&#8221;20px||20px||true|true&#8221; border_color_bottom=&#8221;#bc5e00&#8243; border_style_bottom=&#8221;dashed&#8221;][et_pb_column type=&#8221;4_4&#8243; _builder_version=&#8221;4.4.0&#8243;][et_pb_text _builder_version=&#8221;4.4.8&#8243; text_font=&#8221;|700|||||||&#8221; text_text_color=&#8221;#00142d&#8221; text_font_size=&#8221;45px&#8221; text_line_height=&#8221;1em&#8221; text_orientation=&#8221;center&#8221; text_font_size_tablet=&#8221;&#8221; text_font_size_phone=&#8221;30px&#8221; text_font_size_last_edited=&#8221;on|phone&#8221;]<\/p>\n<p>A gimn\u00e1zium ma<\/p>\n<p>[\/et_pb_text][\/et_pb_column][\/et_pb_row][\/et_pb_section][et_pb_section fb_built=&#8221;1&#8243; _builder_version=&#8221;4.4.2&#8243; background_color=&#8221;#f4f0d7&#8243; custom_padding=&#8221;34px||4px|||&#8221;][et_pb_row custom_padding_last_edited=&#8221;on|phone&#8221; _builder_version=&#8221;4.4.2&#8243; width_tablet=&#8221;&#8221; width_phone=&#8221;90%&#8221; width_last_edited=&#8221;on|phone&#8221; custom_padding=&#8221;27px|30px||30px|false|true&#8221; custom_padding_tablet=&#8221;&#8221; custom_padding_phone=&#8221;10px|10px|10px|10px|false|true&#8221; border_width_all=&#8221;1px&#8221; border_color_all=&#8221;rgba(0,0,0,0.3)&#8221;][et_pb_column type=&#8221;4_4&#8243; _builder_version=&#8221;4.4.2&#8243;][et_pb_text _builder_version=&#8221;4.4.9&#8243; text_font=&#8221;||||||||&#8221; text_text_color=&#8221;#00142d&#8221; header_6_font=&#8221;|800|||on||||&#8221; header_6_text_color=&#8221;#6a353b&#8221; header_6_font_size=&#8221;12px&#8221; header_6_line_height=&#8221;1.7em&#8221; hover_enabled=&#8221;0&#8243;]<\/p>\n<h6 style=\"text-align: right;\">\u041c\u0438\u0441\u0438\u0458\u0430 \u0413\u0438\u043c\u043d\u0430\u0437\u0438\u0458\u0435<\/h6>\n<p><span style=\"color: #800000;\"><strong>\u00dajvid\u00e9k \u00f3v\u00e1ros\u00e1ban<\/strong><\/span> helyezkedik el a Svetozar Markovi\u0107 Gimn\u00e1zium, az egyik legismertebb iskolai \u00e9p\u00fcletben \u2013 kult\u00far\u00e1lis m\u0171eml\u00e9k, amit 1895-ben a historizmus st\u00edlus\u00e1ban \u00e9p\u00edtettek. Az \u00edzl\u00e9sesen berendezett \u00e9s korszer\u0171 termekben foly\u00f3 tan\u00edt\u00e1s \u00e9s szakk\u00f6ri foglalkoz\u00e1s arra ir\u00e1nyul, hogy minden tanul\u00f3nak \u00e1tfog\u00f3 \u00e9s harmonikus, intellektu\u00e1lis, \u00e9rzelmi \u00e9s szoci\u00e1lis fejl\u0151d\u00e9st ny\u00fajtson.<\/p>\n<p>A Svetozar Markovi\u0107 Gimn\u00e1zium <span style=\"color: #800000;\"><strong>\u00e1ltal\u00e1nos t\u00edpus\u00fa<\/strong><\/span>, a tan\u00edt\u00e1s<span style=\"color: #800000;\"><strong> nyolc tagozaton szerb nyelven<\/strong><\/span> \u00e9s <span style=\"color: #800000;\">e<\/span><strong><span style=\"color: #800000;\">gy tagozaton magyar nyelve<\/span>n<\/strong> t\u00f6rt\u00e9nik.<\/p>\n<p>Az Iskolai program tartalmass\u00e1g\u00e1val, gazdags\u00e1g\u00e1val \u00e9s saj\u00e1toss\u00e1gaival a tanul\u00f3k optim\u00e1lis fejl\u0151d\u00e9s\u00e9t szolg\u00e1lja. <span style=\"color: #800000;\"><strong>A tanul\u00f3i kompetenci\u00e1inak, mind a tant\u00e1rgyi, mind pedig a tant\u00e1rgyk\u00f6zi k\u00e9szs\u00e9geknek a fejleszt\u00e9se, a kreativit\u00e1s \u00e9s a kutat\u00f3i munkaszellem els\u0151bbs\u00e9get \u00e9lvez a feladatok c\u00e9ljai k\u00f6z\u00f6tt.<\/strong> <\/span>Az iskol\u00e1ban a tanul\u00e1shoz, a munk\u00e1hoz \u00e9s az egy\u00fcttm\u0171k\u00f6d\u00e9shez kiemelked\u0151en \u00f6szt\u00f6nz\u0151, kellemes \u00e9s harmonikus l\u00e9gk\u00f6r alakult ki.<\/p>\n<p><span style=\"color: #800000;\"><strong>C\u00e9lunk<\/strong><\/span>, hogy az oktat\u00f3i \u00e9s nevel\u0151i munka sor\u00e1n a tanul\u00f3kn\u00e1l fejlessz\u00fck a felel\u0151ss\u00e9gtudatot, \u00f6szt\u00f6n\u00f6zz\u00fck a kreativit\u00e1st, a kezdem\u00e9nyez\u00e9st \u00e9s kialak\u00edtsuk az \u00f6nbizalmat. Az iskol\u00e1ban minden tanul\u00f3 sz\u00e1m\u00e1ra megadatik a lehet\u0151s\u00e9g arra, hogy felismerje a saj\u00e1t addig ismeretlen k\u00e9pess\u00e9geit, a tehets\u00e9g\u00e9t, \u00e9s arra, hogy a tov\u00e1bbtanul\u00e1s\u00e1hoz megalapozottan \u00e1ltal\u00e1nos m\u0171velts\u00e9get \u00e9s kult\u00far\u00e1t saj\u00e1t\u00edtson el.<\/p>\n<p>Az iskola szellemis\u00e9g\u00e9hez hozz\u00e1tartozik az <span style=\"color: #800000;\"><strong>interkulturalit\u00e1s<\/strong><\/span>, a szolidarit\u00e1s \u00e9s bar\u00e1ts\u00e1g kiemelt foka. Igen magasfok\u00fa a felz\u00e1rk\u00f3ztat\u00f3 (inkluz\u00edv) hozz\u00e1\u00e1ll\u00e1s is.<\/p>\n<p>A reform folyamat\u00e1ba iskol\u00e1nk teljes kapacit\u00e1s\u00e1val bekapcsol\u00f3dott, sz\u00e1mos projektben r\u00e9sztvett, az<span style=\"color: #800000;\"> <strong>iskolai munka standardjainak teljes\u00edt\u00e9s\u00e9t 100%-osra \u00e9rt\u00e9kelt\u00e9k <\/strong><\/span>\u00e9s a legmagasabb oszt\u00e1lyzattal min\u0151s\u00edtett\u00e9k az orsz\u00e1gos k\u00fcls\u0151 \u00e9rt\u00e9kel\u00e9s folyamat\u00e1ban, 2013-ban.<\/p>\n<p>A London School of Economics (LSE) kimutat\u00e1s\u00e1ban a r\u00e9gi\u00f3 49 konkurens iskol\u00e1ja k\u00f6z\u00f6tt a legmagasabb inkl\u00fazi\u00f3s indexek (4,09) kapta iskol\u00e1nk, ami csak egyike annak a k\u00fcldet\u00e9si elemeknek, amik gimn\u00e1ziumunkat jellemzi a Vajdas\u00e1gi Auton\u00f3m Tartom\u00e1nyban \u00e9s a Szerb K\u00f6zt\u00e1rsas\u00e1gban. Saj\u00e1tunk az is, hogy a Magyar Nemzeti Tan\u00e1cs iskol\u00e1nkat <span style=\"color: #800000;\"><strong>a kiemelt jelent\u0151s\u00e9g\u0171 k\u00f6z\u00e9piskolai oktat\u00e1si int\u00e9zm\u00e9nyek<\/strong> <\/span>sor\u00e1ba felvette.<\/p>\n<p>A <span style=\"color: #800000;\"><strong>projektoktat\u00e1s<\/strong> <\/span>iskol\u00e1nkban sz\u00e1mos helyi k\u00f6z\u00f6ss\u00e9gi int\u00e9zm\u00e9nnyel egy\u00fcttm\u0171k\u00f6dve val\u00f3sul meg. A gimn\u00e1zium nemzetk\u00f6zi jelleg\u0171 nagybefektet\u00e9si projektumokban is r\u00e9sztvesz, amelyek tan\u00e1raink sz\u00e1m\u00e1ra sz\u00e1mos szakmai tov\u00e1bbk\u00e9pz\u00e9sre \u00e9s -fejl\u0151d\u00e9sre adnak lehet\u0151s\u00e9get, de az inform\u00e1ci\u00f3s-kommunik\u00e1ci\u00f3s technol\u00f3giai k\u00e9szs\u00e9geik ter\u00fclet\u00e9t is fejleszthetik.<\/p>\n<p>A n\u00e9gy\u00e9ves oktat\u00e1s sor\u00e1n az \u00e9rdekl\u0151d\u0151<span style=\"color: #800000;\"> <strong>tanul\u00f3k t\u00f6bb szakk\u00f6ri aktivit\u00e1sb\u00f3l is v\u00e1laszthatnak<\/strong><\/span>, \u00e9s bekapcsol\u00f3dhatnak azok munk\u00e1j\u00e1ba a tan\u00edt\u00e1si nyelv\u00fckt\u0151l f\u00fcggetlen\u00fcl: K\u00f3rus \u00e9s zenekar, Dr\u00e1mai (szerb\u00fcl), \u00dajs\u00e1g\u00edr\u00f3i (mindk\u00e9t nyelven), T\u00f6rt\u00e9nelem-f\u00f6ldrajz, Dr\u00e1mai szakk\u00f6r francia nyelven, K\u00f6nyvt\u00e1rosi, Szaval\u00f3i, Sz\u00f3noki, sportszakk\u00f6r\u00f6k (kos\u00e1rlabda, r\u00f6plabda, asztalitenisz, gimnasztika, atl\u00e9tika, futball&#8230;), informatikai stb.<\/p>\n<p>Iskolai rendezv\u00e9nyeink lassan t\u00f6bb mint k\u00e9t \u00e9vtizedesek: Iskolanap, Szent Sz\u00e1va \u00fcnnepe, Sz\u00f3nokverseny, Iskolai sz\u00ednj\u00e1tsz\u00e1s, Genius-kutat\u00f3i di\u00e1kkonferencia, illetve a Pr\u00f3zafesten val\u00f3 r\u00e9szv\u00e9tel.<\/p>\n<p>Tanul\u00f3ink az iskol\u00e1nkban tehetik le n\u00e9met nyelvb\u0151l a <span style=\"color: #800000;\"><strong>DSD vizsg\u00e1t<\/strong><\/span> a Goethe Int\u00e9zet \u00e9s n\u00e9met nagyk\u00f6vets\u00e9ggel val\u00f3 egy\u00fcttm\u0171k\u00f6d\u00e9s\u00fcnknek k\u00f6sz\u00f6nhet\u0151en.<\/p>\n<p><span style=\"color: #800000;\"><strong>Di\u00e1kparlament\u00fcnk<\/strong><\/span> akt\u00edvan dolgozik \u00e9s munk\u00e1ja r\u00e9v\u00e9n tanul\u00f3ink hozz\u00e1j\u00e1rulnak az iskolai \u00e9let min\u0151s\u00e9g\u00e9hez \u00e9s annak \u00e1ltal\u00e1nos l\u00e9gk\u00f6r\u00e9hez.<\/p>\n<p>A program szerint k\u00f6telez\u0151en oktatott nyelvek mellett \u2013 angol, francia, n\u00e9met \u00e9s orosz \u2013 tanul\u00f3ink fakultat\u00edv oktat\u00e1s keret\u00e9ben k\u00ednai \u00e9s koreai nyelvet is tanulhatnak.<\/p>\n<p>Iskol\u00e1nk t\u00f6bb \u00e9ve <span style=\"color: #800000;\"><strong>egy\u00fcttm\u0171k\u00f6dik<\/strong> <\/span>a szegedi E\u00f6tv\u00f6s J\u00f3zsef Gimn\u00e1ziummal, a kranji Franceta Pre\u0161ern Gimn\u00e1ziummal \u00e9s a budapesti Nikola Tesla Gimn\u00e1ziummal.<\/p>\n<p><span style=\"color: #800000;\"><strong>Az iskola felszerelts\u00e9ge<\/strong><\/span>: a gimn\u00e1zium huszonk\u00e9t tanteremmel \u00e9s szakanteremmel, egy tornateremmel \u00e9s egy sportp\u00e1ly\u00e1val rendelkezik, min\u0151s\u00e9ges internetkapcsolat \u00e1ll rendelkez\u00e9s\u00fcnkre az AMRES h\u00e1l\u00f3zaton kereszt\u00fcl, amely a a tan\u00edt\u00e1si c\u00e9lt szolg\u00e1lja a tantermekben, a mintegy 20.000-es k\u00f6nyv\u00e1llom\u00e1ny\u00fa k\u00f6nyt\u00e1runkban 4000 magyar nyelv\u0171 k\u00f6nyv is tal\u00e1lhat\u00f3, a d\u00edszterm\u00fcnk ad helyet az iskolai rendezv\u00e9nyeknek, illetve itt zajlik a szakk\u00f6ri foglalkoz\u00e1sok egy r\u00e9sze, az alagsori helyis\u00e9g\u00fcnkben a p\u00f3toktat\u00e1s \u00e9s emelt szint\u0171 oktat\u00e1s, tov\u00e1bb\u00e1 szakk\u00f6ri foglalkoz\u00e1sok folynak.<\/p>\n<p>A Svetozar Markovi\u0107 Gimn\u00e1zium <span style=\"color: #800000;\"><strong>mai k\u00e9pe<\/strong> <\/span>1963 \u00f3ta folyamatosan alakul, \u00e9s ehhez a k\u00e9phez hozz\u00e1j\u00e1rultak az iskola mindenkori tanul\u00f3i \u00e9s mindenkori tan\u00e1rai. Ebben a folyamatban m\u00e9gis k\u00fcl\u00f6n szerepet v\u00e1llaltak magukra azok a vezet\u0151 emberek, akik kezdett\u0151l fogva a legink\u00e1bb feleltek az int\u00e9zm\u00e9ny arculat\u00e1\u00e9rt. Az alap\u00edt\u00e1st\u00f3l sz\u00e1m\u00edtva m\u00e1ig nyolc igazgat\u00f3ja volt az iskol\u00e1nak: Svetozar Gruji\u0107 (1963\u20131964) szerb-horv\u00e1t nyelv tan\u00e1r, Milan Vrani\u0107 (1964\u20131971) t\u00f6rt\u00e9nelem tan\u00e1r, Bogdan Vlajkovi\u0107 (1972\u20131978) f\u00f6ldrajz tan\u00e1r, Branislav \u0106erani\u0107 (1979\u20131983) matematika tan\u00e1r, Du\u0161anka Siva\u010dki (1983\u20131990) t\u00f6rt\u00e9nelem tan\u00e1r, Radomir Marovi\u0107 (1990\u20132001) matematika tan\u00e1r, Olga Krsti\u0107\u2013\u0160e\u0161el\u0458a (2001\u20132006) fizika tan\u00e1r, \u00e9s 2006 szeptembere \u00f3ta Tatjana Vukadinovi\u0107 okleveles filoz\u00f3fus.<\/p>\n<p><span style=\"color: #800000;\"><strong>Sokoldal\u00fa tev\u00e9kenys\u00e9g\u00fcnk, amely sz\u00e1mos ter\u00fcleten \u00f6szt\u00f6nz\u0151, t\u00e1mogat\u00f3 \u00e9s tiszteli a tanul\u00f3k szem\u00e9lyisg\u00e9fejl\u0151d\u00e9s\u00e9t, eredm\u00e9nyess\u00e9, kiv\u00e1l\u00f3 k\u00e9pess\u00e9g\u0171v\u00e9 \u00e9s az egyetemi oktat\u00e1sra felk\u00e9sz\u00fcltt\u00e9 teszi tanul\u00f3inkat, legyen sz\u00f3 b\u00e1rmilyen tov\u00e1bbtanul\u00e1si form\u00e1r\u00f3l \u00e9s ter\u00fcletr\u0151l ak\u00e1r itthon, ak\u00e1r a vil\u00e1g m\u00e1s egyetem\u00e9n.<\/strong><\/span><\/p>\n<p>[\/et_pb_text][\/et_pb_column][\/et_pb_row][\/et_pb_section]<\/p>\n","protected":false},"excerpt":{"rendered":"<p>A gimn\u00e1zium ma\u041c\u0438\u0441\u0438\u0458\u0430 \u0413\u0438\u043c\u043d\u0430\u0437\u0438\u0458\u0435 \u00dajvid\u00e9k \u00f3v\u00e1ros\u00e1ban helyezkedik el a Svetozar Markovi\u0107 Gimn\u00e1zium, az egyik legismertebb iskolai \u00e9p\u00fcletben \u2013 kult\u00far\u00e1lis m\u0171eml\u00e9k, amit 1895-ben a historizmus st\u00edlus\u00e1ban \u00e9p\u00edtettek. Az \u00edzl\u00e9sesen berendezett \u00e9s korszer\u0171 termekben foly\u00f3 tan\u00edt\u00e1s \u00e9s szakk\u00f6ri foglalkoz\u00e1s arra ir\u00e1nyul, hogy minden tanul\u00f3nak \u00e1tfog\u00f3 \u00e9s harmonikus, intellektu\u00e1lis, \u00e9rzelmi \u00e9s szoci\u00e1lis fejl\u0151d\u00e9st ny\u00fajtson. A Svetozar Markovi\u0107 Gimn\u00e1zium [&hellip;]<\/p>\n","protected":false},"author":1,"featured_media":13,"parent":0,"menu_order":0,"comment_status":"closed","ping_status":"closed","template":"","meta":{"_et_pb_use_builder":"on","_et_pb_old_content":"","_et_gb_content_width":"","footnotes":""},"class_list":["post-1342","page","type-page","status-publish","has-post-thumbnail","hentry"],"_links":{"self":[{"href":"https:\/\/s-markovic.edu.rs\/hu\/wp-json\/wp\/v2\/pages\/1342","targetHints":{"allow":["GET"]}}],"collection":[{"href":"https:\/\/s-markovic.edu.rs\/hu\/wp-json\/wp\/v2\/pages"}],"about":[{"href":"https:\/\/s-markovic.edu.rs\/hu\/wp-json\/wp\/v2\/types\/page"}],"author":[{"embeddable":true,"href":"https:\/\/s-markovic.edu.rs\/hu\/wp-json\/wp\/v2\/users\/1"}],"replies":[{"embeddable":true,"href":"https:\/\/s-markovic.edu.rs\/hu\/wp-json\/wp\/v2\/comments?post=1342"}],"version-history":[{"count":7,"href":"https:\/\/s-markovic.edu.rs\/hu\/wp-json\/wp\/v2\/pages\/1342\/revisions"}],"predecessor-version":[{"id":2360,"href":"https:\/\/s-markovic.edu.rs\/hu\/wp-json\/wp\/v2\/pages\/1342\/revisions\/2360"}],"wp:featuredmedia":[{"embeddable":true,"href":"https:\/\/s-markovic.edu.rs\/hu\/wp-json\/wp\/v2\/media\/13"}],"wp:attachment":[{"href":"https:\/\/s-markovic.edu.rs\/hu\/wp-json\/wp\/v2\/media?parent=1342"}],"curies":[{"name":"wp","href":"https:\/\/api.w.org\/{rel}","templated":true}]}}