{"id":1322,"date":"2020-06-07T00:24:42","date_gmt":"2020-06-07T00:24:42","guid":{"rendered":"https:\/\/s-markovic.edu.rs\/hu\/?page_id=1322"},"modified":"2020-06-28T23:18:39","modified_gmt":"2020-06-28T23:18:39","slug":"tantestuleti-tanacs-tantargyi-szaktanacsok","status":"publish","type":"page","link":"https:\/\/s-markovic.edu.rs\/hu\/tantestuleti-tanacs-tantargyi-szaktanacsok\/","title":{"rendered":"Tantest\u00fcleti tan\u00e1cs &#8211; tant\u00e1rgyi szaktan\u00e1csok"},"content":{"rendered":"<p>[et_pb_section fb_built=&#8221;1&#8243; custom_padding_last_edited=&#8221;on|phone&#8221; _builder_version=&#8221;4.4.2&#8243; background_color=&#8221;#f4f0d7&#8243; custom_padding=&#8221;10px||17px|||&#8221; custom_padding_tablet=&#8221;&#8221; custom_padding_phone=&#8221;0px||8px||false|false&#8221; bottom_divider_style=&#8221;asymmetric4&#8243; bottom_divider_color=&#8221;#6a353b&#8221; bottom_divider_height=&#8221;30px&#8221;][et_pb_row custom_padding_last_edited=&#8221;on|phone&#8221; _builder_version=&#8221;4.4.2&#8243; background_enable_color=&#8221;off&#8221; width=&#8221;92%&#8221; width_last_edited=&#8221;off|desktop&#8221; custom_padding=&#8221;12px|10px|12px|10px|true|true&#8221; custom_padding_tablet=&#8221;&#8221; custom_padding_phone=&#8221;20px||20px||true|true&#8221; border_color_bottom=&#8221;#bc5e00&#8243; border_style_bottom=&#8221;dashed&#8221;][et_pb_column type=&#8221;4_4&#8243; _builder_version=&#8221;4.4.0&#8243;][et_pb_text _builder_version=&#8221;4.4.8&#8243; text_font=&#8221;|700|||||||&#8221; text_text_color=&#8221;#00142d&#8221; text_font_size=&#8221;45px&#8221; text_line_height=&#8221;1em&#8221; text_orientation=&#8221;center&#8221; hover_enabled=&#8221;0&#8243; text_font_size_tablet=&#8221;&#8221; text_font_size_phone=&#8221;30px&#8221; text_font_size_last_edited=&#8221;on|phone&#8221;]<\/p>\n<p>Tantest\u00fcleti tan\u00e1cs &#8211; tant\u00e1rgyi szaktan\u00e1csok<\/p>\n<p>[\/et_pb_text][\/et_pb_column][\/et_pb_row][\/et_pb_section][et_pb_section fb_built=&#8221;1&#8243; _builder_version=&#8221;4.4.2&#8243; background_color=&#8221;#f4f0d7&#8243; custom_padding=&#8221;34px||15px|||&#8221;][et_pb_row custom_padding_last_edited=&#8221;on|phone&#8221; _builder_version=&#8221;4.4.2&#8243; width_tablet=&#8221;&#8221; width_phone=&#8221;90%&#8221; width_last_edited=&#8221;on|phone&#8221; custom_padding=&#8221;27px|30px||30px|false|true&#8221; custom_padding_tablet=&#8221;&#8221; custom_padding_phone=&#8221;10px|10px|10px|10px|false|true&#8221; border_width_all=&#8221;1px&#8221; border_color_all=&#8221;rgba(0,0,0,0.3)&#8221;][et_pb_column type=&#8221;4_4&#8243; _builder_version=&#8221;4.4.2&#8243;][et_pb_text _builder_version=&#8221;4.4.8&#8243; text_font=&#8221;||||||||&#8221; text_text_color=&#8221;#00142d&#8221; header_4_text_color=&#8221;#6a353b&#8221; header_4_font_size=&#8221;20px&#8221; header_4_line_height=&#8221;1.3em&#8221;]<\/p>\n<h4>\u041d\u0430\u0441\u0442\u0430\u0432\u043d\u0438\u0447\u043a\u043e \u0432\u0435\u045b\u0435<\/h4>\n<p>\u0420\u0430\u0434 \u041d\u0430\u0441\u0442\u0430\u0432\u043d\u0438\u0447\u043a\u043e\u0433 \u0432\u0435\u045b\u0430 \u043e\u0434\u0432\u0438\u0458\u0430 \u0441\u0435 \u043a\u0440\u043e\u0437 \u0440\u0435\u0434\u043e\u0432\u043d\u0435 \u0441\u0435\u0434\u043d\u0438\u0446\u0435 \u043d\u0430 \u043f\u043e\u0447\u0435\u0442\u043a\u0443 \u0448\u043a\u043e\u0441\u043b\u043a\u0435 \u0433\u043e\u0434\u0438\u043d\u0435, \u043d\u0430 \u043a\u0440\u0430\u0458\u0443 \u043a\u043b\u0430\u0441\u0438\u0444\u0438\u043e\u043a\u0430\u0446\u0438\u043e\u043d\u0438\u0445 \u043f\u0435\u0440\u0438\u043e\u0434\u0430 \u0438 \u043f\u0440\u0435\u043c\u0430 \u0442\u0435\u043a\u0443\u045b\u0438\u043c \u043f\u043e\u0442\u0440\u0435\u0431\u0430\u043c\u0430 \u043f\u043e\u0441\u043b\u043e\u0432\u0430 \u043d\u0430 \u0431\u0430\u0437\u0438 \u043d\u043e\u0440\u043c\u0430\u0442\u0438\u0432\u043d\u0438\u0445 \u0430\u043a\u0430\u0442\u0430 \u0438 \u043f\u0435\u0434\u0430\u0433\u043e\u0448\u043a\u0438\u0445 \u0437\u0430\u0442\u0435\u0432\u0430.<\/p>\n<table style=\"border-color: #000; background-color: #ffffff;\" border=\"1\">\n<tbody>\n<tr>\n<td width=\"320\">\n<p><strong>\u0421\u0430\u0434\u0440\u0436\u0430\u0458:<\/strong><\/p>\n<\/td>\n<td width=\"186\">\n<p><strong>\u041d\u043e\u0441\u0438\u043e\u0446 \u0440\u0435\u0430\u043b\u0438\u0437\u0430\u0446\u0438\u0458\u0435<\/strong><\/p>\n<\/td>\n<td width=\"97\">\n<p><strong>\u0412\u0440\u0435\u043c\u0435<\/strong><\/p>\n<\/td>\n<\/tr>\n<tr>\n<td width=\"320\">\n<p>\u0421\u041d\u0412 &#8211; \u043f\u043e\u0434\u0435\u043b\u0430 \u0437\u0430\u0434\u0443\u0436\u0435\u045a\u0430,<\/p>\n<p>\u0430\u043d\u0430\u043b\u0438\u0437\u0430 \u043a\u0430\u0434\u0440\u043e\u0432\u0441\u043a\u0438\u0445 \u043f\u0438\u0442\u0430\u045a\u0430,<\/p>\n<p>\u043e\u043f\u0435\u0440\u0430\u0442\u0438\u0432\u043d\u0438 \u043f\u043b\u0430\u043d\u043e\u0432\u0438 \u0440\u0430\u0434\u0430,<\/p>\n<p>\u0443\u0441\u0432\u0430\u0458\u0430\u045a\u0435 \u0413\u043e\u0434\u0438\u0448\u045a\u0435\u0433 \u0438\u0437\u0432\u0435\u0448\u0442\u0430\u0458\u0430 \u0437\u0430 2018\/19.<\/p>\n<p>\u0443\u0441\u0432\u0430\u0458\u0430\u045a\u0435 \u0413\u043e\u0434\u0438\u0448\u045a\u0435\u0433 \u043f\u043b\u0430\u043d\u0430 \u0440\u0430\u0434\u0430 \u0437\u0430 2019\/20.<\/p>\n<p>\u0443\u0441\u0432\u0430\u0458\u0430\u045a\u0435 \u043a\u0430\u043b\u0435\u043d\u0434\u0430\u0440\u0430 \u0442\u0430\u043a\u043c\u0438\u0447\u0435\u045a\u0430,<\/p>\n<p>\u0434\u043e\u0434\u0435\u0459\u0438\u0432\u0430\u045a\u0435 \u043e\u0434\u0435\u0459\u0435\u043d\u0441\u043a\u043e\u0433 \u0441\u0442\u0430\u0440\u0435\u0448\u0438\u043d\u0441\u0442\u0432\u0430<\/p>\n<\/td>\n<td width=\"186\">\n<p>\u0434\u0438\u0440\u0435\u043a\u0442\u043e\u0440 <br \/> \u043f\u043e\u043c\u043e\u045b\u043d\u0438\u0446\u0438 \u0434\u0438\u0440\u0435\u043a\u0442\u043e\u0440\u0430<br \/> \u043f\u0435\u0434\u0430\u0433\u043e\u0433<br \/> \u0441\u0442\u0440\u0443\u0447\u043d\u0430 \u0432\u0435\u045b\u0430<\/p>\n<\/td>\n<td width=\"97\">\n<p>\u0441\u0435\u043f\u0442\u0435\u043c\u0431\u0430\u0440<\/p>\n<\/td>\n<\/tr>\n<tr>\n<td width=\"320\">\n<p>\u0421\u041d\u0412 &#8211; \u0432\u0435\u0440\u0438\u0444\u0438\u043a\u0430\u0446\u0438\u0458\u0430 \u0443\u0441\u043f\u0435\u0445\u0430 \u0443\u0447\u0435\u043d\u0438\u043a\u0430 \u043d\u0430 \u043a\u0440\u0430\u0458\u0443 \u043f\u0440\u0432\u043e\u0433 \u043a\u043b\u0430\u0441\u0438\u0444\u0438\u043a\u0430\u0446\u0438\u043e\u043d\u043e\u0433 \u043f\u0435\u0440\u0438\u043e\u0434\u0430,<\/p>\n<p>\u043e\u0446\u0435\u043d\u0430 \u0443\u0441\u043f\u0435\u0448\u043d\u043e\u0441\u0442\u0438 \u0438 \u043a\u0432\u0430\u043b\u0438\u0442\u0435\u0442\u0430 \u0440\u0430\u0434\u0430<\/p>\n<\/td>\n<td width=\"186\">\n<p>\u0434\u0438\u0440\u0435\u043a\u0442\u043e\u0440<br \/> \u043f\u043e\u043c. \u0434\u0438\u0440\u0435\u043a\u0442\u043e\u0440\u0430<br \/> \u043e\u0434\u0435\u0459. \u0441\u0430\u0442\u0440\u0435\u0448\u0438\u043d\u0435, \u043f\u0435\u0434\u0430\u0433\u043e\u0433<\/p>\n<\/td>\n<td width=\"97\">\n<p>\u043d\u043e\u0432\u0435\u043c\u0431\u0430\u0440<\/p>\n<\/td>\n<\/tr>\n<tr>\n<td width=\"320\">\n<p>\u0421\u041d\u0412 &#8211; \u0443\u0441\u043f\u0435\u0445 \u0443\u0447\u0435\u043d\u0438\u043a\u0430 \u043d\u0430 \u043a\u0440\u0430\u0458\u0443 \u043f\u0440\u0432\u043e\u0433 \u043f\u043e\u043b\u0443\u0433\u043e\u0434\u0438\u0448\u0442\u0430,<\/p>\n<p>\u0432\u0430\u0441\u043f\u0438\u0442\u043do- \u0434\u0438\u0441\u0446\u0438\u043f\u043b\u0438\u043d\u0441\u043a\u043e \u043c\u0435\u0440\u0435,<\/p>\n<p>\u043e\u0446\u0435\u043d\u0430 \u0440\u0435\u0430\u043b\u0438\u0437\u0430\u0446\u0438\u0458\u0435 \u043d\u0430\u0441\u0442\u0430\u0432\u043d\u0438\u0445 \u0438 \u0432\u0430\u043d\u043d\u0430\u0441\u0442\u0430\u0432\u043d\u0438\u0445 \u0430\u043a\u0442\u0438\u0432\u043d\u043e\u0441\u0442\u0438, \u0443\u0441\u0432\u0430\u0458\u0430\u045a\u0435 \u043c\u0430\u0442\u0443\u0440\u0441\u043a\u0438\u0445 \u0442\u0435\u043c\u0430<\/p>\n<\/td>\n<td width=\"186\">\n<p>\u0434\u0438\u0440\u0435\u043a\u0442\u043e\u0440<br \/> \u043f\u043e\u043c\u043e\u045b\u043d\u0438\u0446\u0438 \u0434\u0438\u0440\u0435\u043a\u0442\u043e\u0440\u0430<br \/> \u043e\u0434\u0435\u0459\u0435\u043d\u0441\u043a\u0435 \u0441\u0442\u0430\u0440\u0435\u0448\u0438\u043d\u0435<br \/> \u0441\u0442\u0440\u0443\u0447\u043d\u0438 \u0430\u043a\u0442\u0438\u0432\u0438, \u043f\u0435\u0434\u0430\u0433\u043e\u0433<\/p>\n<\/td>\n<td width=\"97\">\n<p>\u0434\u0435\u0446\u0435\u043c\u0431\u0430\u0440<\/p>\n<\/td>\n<\/tr>\n<tr>\n<td width=\"320\">\n<p>\u0421\u041d\u0412 &#8211; \u0430\u0436\u0443\u0440\u0438\u0440\u0430\u045a\u0435 \u043f\u0435\u0434\u0430\u0433\u043e\u0448\u043a\u0435 \u0430\u0434\u043c\u0438\u043d\u0438\u0441\u0442\u0440\u0430\u0446\u0438\u0458\u0435,<\/p>\n<p>\u0440\u0430\u0434 \u043d\u0430 \u043e\u0440\u0433\u0430\u043d\u0438\u0437\u043e\u0432\u0430\u045a\u0443 \u043d\u0430\u0441\u0442\u0430\u0432\u0435 \u0443 \u0434\u0440\u0443\u0433\u043e\u043c \u043f\u043e\u043b\u0443\u0433\u043e\u0434\u0438\u0448\u0442\u0443, \u043f\u0440\u043e\u0433\u0440\u0430\u043c \u043f\u0440\u043e\u0441\u043b\u0430\u0432\u0435 \u0448\u043a\u043e\u043b\u0441\u043a\u0435 \u0441\u043b\u0430\u0432\u0435 \u0414\u0430\u043d\u0430 \u0421\u0432\u0435\u0442\u043e\u0433 \u0421\u0430\u0432\u0435<\/p>\n<\/td>\n<td width=\"186\">\n<p>\u0434\u0438\u0440\u0435\u043a\u0442\u043e\u0440<br \/> \u043f\u043e\u043c\u043e\u045b\u043d\u0438\u0446\u0438 \u0434\u0438\u0440\u0435\u043a\u0442\u043e\u0440\u0430<br \/> \u043f\u0435\u0434\u0430\u0433\u043e\u0433, \u043f\u0441\u0438\u0445\u043e\u043b\u043e\u0433<\/p>\n<\/td>\n<td width=\"97\">\n<p>\u0458\u0430\u043d\u0443\u0430\u0440<\/p>\n<\/td>\n<\/tr>\n<tr>\n<td width=\"320\">\n<p>\u0421\u041d\u0412 &#8211; \u0438\u043d\u0442\u0435\u0437\u0438\u0432\u0438\u0440\u0430\u045a\u0435 \u0440\u0430\u0434\u0430 \u0441\u043b\u043e\u0431\u043e\u0434\u043d\u0438\u0445 \u0430\u043a\u0442\u0438\u0432\u043d\u043e\u0441\u0442\u0438,<\/p>\n<p>\u043e\u0440\u0433\u0430\u043d\u0438\u0437\u0430\u0446\u0438\u0458\u0430 \u043f\u0440\u043e\u0441\u043b\u0430\u0432\u0435 \u0414\u0430\u043d\u0430 \u0448\u043a\u043e\u043b\u0435<\/p>\n<\/td>\n<td width=\"186\">\n<p>\u0434\u0438\u0440\u0435\u043a\u0442\u043e\u0440, \u043f\u043e\u043c\u043e\u045b\u043d\u0438\u0446\u0438 \u0434\u0438\u0440\u0435\u043a\u0442\u043e\u0440\u0430, \u0441\u0442\u0440\u0443\u0447\u043d\u0438 \u0430\u043a\u0442\u0438\u0432\u0438<\/p>\n<\/td>\n<td width=\"97\">\n<p>\u0444\u0435\u0431\u0440\u0443\u0430\u0440<\/p>\n<\/td>\n<\/tr>\n<tr>\n<td width=\"320\">\n<p>\u0421\u041d\u0412 &#8211; \u0440\u0435\u0430\u043b\u0438\u0437\u0430\u0446\u0438\u0458\u0430 \u0434\u043e\u0434\u0430\u0442\u043d\u0435 \u043d\u0430\u0441\u0442\u0430\u0432\u0435, \u0430\u043d\u0430\u043b\u0438\u0437\u0430 \u0443\u0441\u043f\u0435\u0445\u0430 \u0443\u0447\u0435\u043d\u0438\u043a\u0430 \u043d\u0430 \u0442\u0440\u0435\u045b\u0435\u043c \u043a\u043b\u0430\u0441\u0438\u0444\u0438\u043a\u0430\u0446\u0438\u043e\u043d\u043e\u043c \u043f\u0435\u0440\u0438\u043e\u0434\u0443.<\/p>\n<\/td>\n<td width=\"186\">\n<p>\u0434\u0438\u0440\u0435\u043a\u0442\u043e\u0440<br \/> \u043f\u043e\u043c\u043e\u045b\u043d\u0438\u0446\u0438 \u0434\u0438\u0440\u0435\u043a\u0442\u043e\u0440\u0430<\/p>\n<\/td>\n<td width=\"97\">\n<p>\u0430\u043f\u0440\u0438\u043b<\/p>\n<\/td>\n<\/tr>\n<tr>\n<td width=\"320\">\n<p>\u0421\u041d\u0412 &#8211; \u0432\u0435\u0440\u0438\u0444\u0438\u043a\u0430\u0446\u0438\u0458\u0430 \u0443\u0441\u043f\u0435\u0445\u0430 \u0443\u0447\u0435\u043d\u0438\u043a\u0430 IV \u0440\u0430\u0437\u0440\u0435\u0434\u0430, \u043e\u0440\u0433\u0430\u043d\u0438\u0437\u0430\u0446\u0438\u0458\u0430 \u043c\u0430\u0442\u0443\u0440\u0441\u043a\u0438\u0445 \u0438\u0441\u043f\u0438\u0442\u0430,<\/p>\n<p>\u0434\u043e\u0433\u043e\u0432\u043e\u0440 \u043e \u0438\u0441\u043f\u0440\u0430\u045b\u0430\u0458\u0443 \u043c\u0430\u0442\u0443\u0440\u0430\u043d\u0430\u0442\u0430,<\/p>\n<p>\u043f\u043e\u0445\u0432\u0430\u043b\u0435 \u0438 \u043d\u0430\u0433\u0440\u0430\u0434\u0435 \u0437\u0430 \u0443\u0447\u0435\u043d\u0438\u043a\u0435 (\u0432\u0443\u043a\u043e\u0432\u0446\u0438 \u0433\u0435\u043d\u0435\u0440\u0430\u0446\u0438\u0458\u0435 \u0438 \u0452\u0430\u043a \u0433\u0435\u043d\u0435\u0440\u0430\u0446\u0438\u0458\u0435)<\/p>\n<\/td>\n<td width=\"186\">\n<p>\u0434\u0438\u0440\u0435\u043a\u0442\u043e\u0440<br \/> \u043f\u043e\u043c\u043e\u045b\u043d\u0438\u0446\u0438 \u0434\u0438\u0440\u0435\u043a\u0442\u043e\u0440\u0430, <br \/> \u043e\u0434\u0435\u0459\u0435\u043d\u0441\u043a\u0435 \u0441\u0442\u0430\u0440\u0435\u0448\u0438\u043d\u0435<br \/> \u043f\u0435\u0434\u0430\u0433\u043e\u0433, \u043f\u0441\u0438\u0445\u043e\u043b\u043e\u0433<\/p>\n<\/td>\n<td width=\"97\">\n<p>\u043c\u0430\u0458<\/p>\n<\/td>\n<\/tr>\n<tr>\n<td width=\"320\">\n<p>\u0421\u041d\u0412 &#8211; \u0432\u0435\u0440\u0438\u0444\u0438\u043a\u0430\u0446\u0438\u0458\u0430 \u0443\u0441\u043f\u0435\u0445\u0430 \u0443\u0447\u0435\u043d\u0438\u043a\u0430 I, II, III \u0440\u0430\u0437\u0440\u0435\u0434\u0430, \u0443\u0441\u0432\u0430\u0458\u0430\u045a\u0435 \u0440\u0435\u0437\u0443\u043b\u0442\u0430\u0442\u0430 \u0440\u0430\u0437\u0440\u0435\u0434\u043d\u0438\u0445,<\/p>\n<p>\u043f\u043e\u043f\u0440\u0430\u0432\u043d\u0438\u0445 \u0438 \u043c\u0430\u0442\u0443\u0440\u0441\u043a\u0438\u0445 \u0438\u0441\u043f\u0438\u0442\u0430<\/p>\n<\/td>\n<td width=\"186\">\n<p>\u0434\u0438\u0440\u0435\u043a\u0442\u043e\u0440, \u043f\u043e\u043c\u043e\u045b\u043d\u0438\u0446\u0438 \u0434\u0438\u0440\u0435\u043a\u0442\u043e\u0440\u0430,\u043e\u0434\u0435\u0459\u0435\u043d\u0441\u043a\u0435 \u0441\u0442\u0430\u0440\u0435\u0448\u0438\u043d\u0435, \u043f\u0435\u0434\u0430\u0433\u043e\u0433, \u043f\u0441\u0438\u0445\u043e\u043b\u043e\u0433<\/p>\n<\/td>\n<td width=\"97\">\n<p>\u0458\u0443\u043d<\/p>\n<\/td>\n<\/tr>\n<tr>\n<td width=\"320\">\n<p>\u0421\u041d\u0412 &#8211; \u0441\u0443\u043c\u0438\u0440\u0430\u045a\u0435 \u0438 \u043e\u0446\u0435\u043d\u0430 \u043a\u0432\u0430\u043b\u0438\u0442\u0435\u0442\u0430 \u0440\u0430\u0434\u0430,<\/p>\n<p>\u043e\u0441\u0432\u0440\u0442 \u043d\u0430 \u0458\u0443\u043d\u0441\u043a\u0438 \u0443\u043f\u0438\u0441\u043d\u0438 \u0440\u043e\u043a,<\/p>\n<p>\u043f\u0440\u0435\u0434\u0430\u0458\u0430 \u0438\u0437\u0432\u0435\u0448\u0442\u0430\u0458\u0430 \u043e \u0440\u0430\u0434\u0443 \u0443 \u0448\u043a\u043e\u043b\u0441\u043a\u043e\u0458 2019\/20. \u0433\u043e\u0434<\/p>\n<\/td>\n<td width=\"186\">\n<p>\u0434\u0438\u0440\u0435\u043a\u0442\u043e\u0440, \u043f\u043e\u043c\u043e\u045b\u043d\u0438\u0446\u0438 \u0434\u0438\u0440\u0435\u043a\u0442\u043e\u0440\u0430,\u043e\u0434\u0435\u0459\u0435\u043d\u0441\u043a\u0435 \u0441\u0442\u0430\u0440\u0435\u0448\u0438\u043d\u0435, \u043f\u0435\u0434\u0430\u0433\u043e\u0433, \u043f\u0441\u0438\u0445\u043e\u043b\u043e\u0433<\/p>\n<\/td>\n<td width=\"97\">\n<p>\u0458\u0443\u043b<\/p>\n<\/td>\n<\/tr>\n<tr>\n<td width=\"320\">\n<p>\u0421\u041d\u0412 &#8211; \u0418\u0437\u0432\u0435\u0448\u0442\u0430\u0458 \u043e \u043e\u0434\u0440\u0436\u0430\u043d\u0438\u043c,<\/p>\n<p>\u043f\u043e\u043f\u0440\u0430\u0432\u043d\u0438\u043c \u0438 \u043c\u0430\u0442\u0443\u0440\u0441\u043a\u0438\u043c \u0438\u0441\u043f\u0438\u0442\u0438\u043c\u0430,<\/p>\n<p>\u0440\u0430\u0434\u043d\u0438 \u0434\u043e\u0433\u043e\u0432\u043e\u0440\u0438,<\/p>\n<p>\u043f\u043e\u0434\u0435\u043b\u0430 \u0447\u0430\u0441\u043e\u0432\u0430,<\/p>\n<p>\u043f\u0440\u0435\u0434\u0430\u0458\u0430 \u043f\u0440\u0438\u043b\u043e\u0433\u0430 \u0437\u0430 \u0438\u0437\u0440\u0430\u0434\u0443 \u0433\u043e\u0434\u0438\u0448\u045a\u0435\u0433 \u043f\u0440\u043e\u0433\u0440\u0430\u043c\u0430 \u0440\u0430\u0434\u0430 \u0437\u0430 \u0448\u043a\u043e\u043b\u0441\u043a\u0443 2020\/21.<\/p>\n<\/td>\n<td width=\"186\">\n<p>\u0434\u0438\u0440\u0435\u043a\u0442\u043e\u0440, \u043f\u043e\u043c\u043e\u045b\u043d\u0438\u0446\u0438 \u0434\u0438\u0440\u0435\u043a\u0442\u043e\u0440\u0430,<br \/> \u043e\u0434\u0435\u0459\u0435\u043d\u0441\u043a\u0435 \u0441\u0442\u0430\u0440\u0435\u0448\u0438\u043d\u0435, \u043f\u0435\u0434\u0430\u0433\u043e\u0433, \u043f\u0441\u0438\u0445\u043e\u043b\u043e\u0433<\/p>\n<\/td>\n<td width=\"97\">\n<p>\u0430\u0432\u0433\u0443\u0441\u0442<\/p>\n<\/td>\n<\/tr>\n<\/tbody>\n<\/table>\n<p>&#8212;<\/p>\n<p><span style=\"color: #6a353b; font-size: 20px;\">\u0420\u0430\u0434 \u0441\u0442\u0440\u0443\u0447\u043d\u043e\u0433 \u0432\u0435\u045b\u0430<\/span><\/p>\n<p>\u0420\u0430\u0434 \u0441\u0442\u0440\u0443\u0447\u043d\u043e\u0433 \u0432\u0435\u045b\u0430 \u043e\u0440\u0433\u0430\u043d\u0438\u0437\u0443\u0458\u0435 \u043f\u0440\u0435\u0434\u0441\u0435\u0434\u043d\u0438\u043a \u0441\u0442\u0440\u0443\u0447\u043d\u043e\u0433 \u0432\u0435\u045b\u0430 \u0443 \u0441\u0430\u0440\u0430\u0434\u045a\u0438 \u0441\u0430 \u043f\u0435\u0434\u0430\u0433\u043e\u0448\u043a\u043e-\u043f\u0441\u0438\u0445\u043e\u043b\u043e\u0448\u043a\u043e\u043c \u0441\u043b\u0443\u0436\u0431\u043e\u043c, \u0434\u0438\u0440\u0435\u043a\u0442\u043e\u0440\u043e\u043c \u0438 \u043f\u043e\u043c\u043e\u045b\u043d\u0438\u043a\u043e\u043c \u0434\u0438\u0440\u0435\u043a\u0442\u043e\u0440\u0430.<\/p>\n<p>\u041f\u0440\u0435\u0434\u0441\u0435\u0434\u043d\u0438\u043a \u0441\u0442\u0440\u0443\u0447\u043d\u043e\u0433 \u0432\u0435\u045b\u0430 \u0431\u0438\u0440\u0430 \u0441\u0435 \u0437\u0430 \u0441\u0432\u0430\u043a\u0443 \u0448\u043a\u043e\u043b\u0441\u043a\u0443 \u0433\u043e\u0434\u0438\u043d\u0443 \u0438 \u045a\u0435\u0433\u043e\u0432 \u0440\u0430\u0434 \u0443\u043b\u0430\u0437\u0438 \u0443 \u043f\u0435\u0434\u0430\u0433\u043e\u0448\u043a\u0443 \u043d\u043e\u0440\u043c\u0443 \u0447\u0430\u0441\u043e\u0432\u0430.<\/p>\n<p><span style=\"color: #003366;\"><strong>\u041f\u0440\u0435\u0434\u0441\u0435\u0434\u043d\u0438\u043a \u0441\u0442\u0440\u0443\u0447\u043d\u043e\u0433 \u0432\u0435\u045b\u0430:<\/strong><\/span><\/p>\n<ul>\n<li>\u2013 \u0437\u0430\u043a\u0430\u0437\u0443\u0458\u0435 \u0438 \u0432\u043e\u0434\u0438 \u0441\u0430\u0441\u0442\u0430\u043d\u043a\u0435,<\/li>\n<li>\u2013 \u043f\u043e\u0441\u043b\u0435 \u0441\u0432\u0430\u043a\u043e\u0433 \u0441\u0430\u0441\u0442\u0430\u043d\u043a\u0430 \u0434\u043e\u0441\u0442\u0430\u0432\u0459\u0430 \u0437\u0430\u043f\u0438\u0441\u043d\u0438\u043a \u0434\u0438\u0440\u0435\u043a\u0442\u043e\u0440\u0443 \u0438 \u043f\u043e\u043c\u043e\u045b\u043d\u0438\u043a\u0443 \u0434\u0438\u0440\u0435\u043a\u0442\u043e\u0440\u0430 \u0448\u043a\u043e\u043b\u0435,<\/li>\n<li>\u2013 \u043d\u0430 \u043a\u0440\u0430\u0458\u0443 \u0448\u043a\u043e\u043b\u0441\u043a\u0435 \u0433\u043e\u0434\u0438\u043d\u0435 \u043f\u0440\u0435\u0434\u0430\u0458\u0435 \u0438\u0437\u0432\u0435\u0448\u0442\u0430\u0458 \u043e \u0440\u0430\u0434\u0443 \u0441\u0442\u0440\u0443\u0447\u043d\u043e\u0433 \u0432\u0435\u045b\u0430,<\/li>\n<li>\u2013 \u0443 \u0441\u0430\u0440\u0430\u0434\u045a\u0438 \u0441\u0430 \u0447\u043b\u0430\u043d\u043e\u0432\u0438\u043c\u0430 \u0441\u0442\u0440\u0443\u0447\u043d\u043e\u0433 \u0432\u0435\u045b\u0430 \u043f\u0440\u0438\u043f\u0440\u0435\u043c\u0430 \u043f\u043b\u0430\u043d \u0433\u043e\u0434\u0438\u0448\u045a\u0435\u0433 \u043f\u0440\u043e\u0433\u0440\u0430\u043c\u0430 \u0440\u0430\u0434\u0430 \u0437\u0430 \u0441\u043b\u0435\u0434\u0435\u045b\u0443 \u0448\u043a\u043e\u043b\u0441\u043a\u0443 \u0433\u043e\u0434\u0438\u043d\u0443.<\/li>\n<\/ul>\n<p>\u0421\u0442\u0440\u0443\u0447\u043d\u043e \u0435\u0432\u0430\u043b\u0443\u0438\u0440\u0430 \u0440\u0430\u0434 \u0437\u0430 \u043f\u0440\u0435\u0442\u0445\u043e\u0434\u043d\u0443 \u0448\u043a\u043e\u043b\u0441\u043a\u0443 \u0433\u043e\u0434\u0438\u043d\u0443 \u0438 \u043f\u0440\u043e\u0446\u0435\u045a\u0443\u0458\u0435 \u043f\u043e\u0437\u0438\u0442\u0438\u0432\u043d\u0435 \u0430\u0441\u043f\u0435\u043a\u0442\u0435 \u0438 \u0440\u0435\u0437\u0443\u043b\u0442\u0430\u0442\u0435 , \u0443\u0437 \u043e\u0441\u0432\u0440\u0442 \u043d\u0430 \u043f\u043e\u0459\u0430 \u043f\u043e\u0433\u043e\u0434\u043d\u0430 \u0437\u0430 \u0443\u043d\u0430\u043f\u0440\u0435\u0452\u0438\u0432\u0430\u045a\u0435.<\/p>\n<p><strong><span style=\"color: #003366;\">\u0420\u0435\u0434\u043e\u0432\u043d\u0435 \u0442\u0435\u043c\u0435 \u0441\u0442\u0440\u0443\u0447\u043d\u043e\u0433 \u0432\u0435\u045b\u0430 \u0441\u0443:<\/span><\/strong><\/p>\n<ul>\n<li>\u2013 \u0441\u0442\u0440\u0443\u0447\u043d\u043e \u0443\u0441\u0430\u0432\u0440\u0448\u0430\u0432\u0430\u045a\u0435 \u0438 \u043f\u043b\u0430\u043d\u0438\u0440\u0430\u045a\u0435 \u0441\u0435\u043c\u0438\u043d\u0430\u0440\u0430 \u043d\u0430 \u043e\u0441\u043d\u043e\u0432\u0443 \u041a\u0430\u0442\u0430\u043b\u043e\u0433\u0430 \u043f\u0440\u043e\u0433\u0440\u0430\u043c\u0430 \u0441\u0442\u0440\u0443\u0447\u043d\u043e\u0433 \u0443\u0441\u0430\u0432\u0440\u0448\u0430\u0432\u0430\u045a\u0430<\/li>\n<li>\u2013 \u0430\u0436\u0443\u0440\u0438\u0440\u0430\u045a\u0435 \u043f\u043e\u0434\u0430\u0442\u0430\u043a\u0430 \u043e \u0430\u043a\u0442\u0438\u0432\u043d\u043e\u0441\u0442\u0438\u043c\u0430 \u0441\u0442\u0440\u0443\u0447\u043d\u043e\u0433 \u0432\u0435\u045b\u0430 \u043d\u0430 \u0448\u043a\u043e\u043b\u0441\u043a\u043e\u043c \u0441\u0430\u0458\u0442\u0443<\/li>\n<li>\u2013 \u0443\u0441\u0430\u0433\u043b\u0430\u0448\u0430\u0432\u0430\u045a\u0435 \u043a\u0440\u0438\u0442\u0435\u0440\u0438\u0458\u0443\u043c\u0430 \u043e\u0446\u0435\u045a\u0438\u0432\u0430\u045a\u0430<\/li>\n<li>\u2013 \u0440\u0430\u0437\u043c\u0435\u043d\u0430 \u0438\u0441\u043a\u0443\u0441\u0442\u0430\u0432\u0430 \u0443 \u0440\u0435\u0430\u043b\u0438\u0437\u0430\u0446\u0438\u0458\u0438 \u043d\u0430\u0441\u0442\u0430\u0432\u0435<\/li>\n<li>\u2013 \u043f\u0440\u0435\u0434\u043b\u0430\u0433\u0430\u045a\u0435 \u0442\u0435\u043c\u0430 \u0437\u0430 \u043c\u0430\u0442\u0443\u0440\u0441\u043a\u0438 \u0438\u0441\u043f\u0438\u0442<\/li>\n<li>\u2013 \u043e\u043f\u0440\u0435\u043c\u0430\u045a\u0435 \u043a\u0430\u0431\u0438\u043d\u0435\u0442\u0430\/\u0443\u0440\u0435\u0452\u0435\u045a\u0435 \u043f\u0440\u043e\u0441\u0442\u043e\u0440\u0430 \u0443 \u043a\u043e\u0458\u0435\u043c \u0441\u0435 \u043e\u0434\u0432\u0438\u0458\u0430 \u043d\u0430\u0441\u0442\u0430\u0432\u0430<\/li>\n<li>\u2013 \u043d\u0430\u0431\u0430\u0432\u043a\u0430 \u0441\u0442\u0440\u0443\u0447\u043d\u0435 \u043b\u0438\u0442\u0435\u0440\u0430\u0442\u0443\u0440\u0435\/ \u0447\u0430\u0441\u043e\u043f\u0438\u0441\u0430, \u043f\u0435\u0440\u0438\u043e\u0434\u0438\u043a\u0435, \u0440\u0435\u043a\u0432\u0438\u0437\u0438\u0442\u0430 \u0437\u0430 \u0438\u0437\u0432\u043e\u0452\u0435\u045a\u0435 \u043d\u0430\u0441\u0442\u0430\u0432\u0435<\/li>\n<li>\u2013 \u0434\u043e\u0433\u043e\u0432\u043e\u0440 \u043e \u043f\u0440\u0438\u043f\u0440\u0435\u043c\u0438 \u0443\u0447\u0435\u043d\u0438\u043a\u0430 \u0437\u0430 \u0442\u0430\u043a\u043c\u0438\u0447\u0435\u045a\u0430<\/li>\n<li>\u2013 \u0438\u0437\u0432\u043e\u0452\u0435\u045a\u0435 \u0432\u0430\u043d\u043d\u0430\u0441\u0442\u0430\u0432\u043d\u0438\u0445 \u0430\u043a\u0442\u0438\u0432\u043d\u043e\u0441\u0442\u0438 \u0438 \u0443\u0441\u0430\u0433\u043b\u0430\u0448\u0430\u0432\u0430\u045a\u0435 \u043e \u043f\u043e\u0434\u0435\u043b\u0438 \u0437\u0430\u0434\u0443\u0436\u0435\u045a\u0430<\/li>\n<li>\u2013 \u0443\u0447\u0435\u0448\u045b\u0435 \u0443 \u043f\u0440\u043e\u0458\u0435\u043a\u0442\u0438\u043c\u0430<\/li>\n<\/ul>\n<p>\u0414\u0438\u043d\u0430\u043c\u0438\u043a\u0430 \u0441\u0430\u0441\u0442\u0430\u043d\u0430\u043a\u0430 \u0447\u043b\u0430\u043d\u043e\u0432\u0430 \u0441\u0442\u0440\u0443\u0447\u043d\u043e\u0433 \u0432\u0435\u045b\u0430 \u0458\u0435 \u0441\u043b\u0435\u0434\u0435\u045b\u0430: \u043e\u0447\u0435\u043a\u0443\u0458\u0435 \u0441\u0435 \u043e\u0434\u0440\u0436\u0430\u0432\u0430\u045a\u0435 \u043c\u0438\u043d\u0438\u043c\u0443\u043c \u0458\u0435\u0434\u0430\u043d\u043f\u0443\u0442 \u0443 \u043a\u0432\u0430\u0440\u0442\u0430\u043b\u0443 \u0438 \u0434\u0432\u0430 \u043f\u0443\u0442\u0430 \u043d\u0430 \u043a\u0440\u0430\u0458\u0443 \u0448\u043a\u043e\u043b\u0441\u043a\u0435 \u0433\u043e\u0434\u0438\u043d\u0435 \u043f\u043e\u0432\u043e\u0434\u043e\u043c \u043f\u0438\u0441\u0430\u045a\u0430 \u0433\u043e\u0434\u0438\u0448\u045a\u0435\u0433 \u0438\u0437\u0432\u0435\u0448\u0442\u0430\u0458\u0430 \u0438 \u043f\u043b\u0430\u043d\u0430 \u0440\u0430\u0434\u0430.<\/p>\n<p>[\/et_pb_text][\/et_pb_column][\/et_pb_row][\/et_pb_section]<\/p>\n","protected":false},"excerpt":{"rendered":"<p>Tantest\u00fcleti tan\u00e1cs &#8211; tant\u00e1rgyi szaktan\u00e1csok \u041d\u0430\u0441\u0442\u0430\u0432\u043d\u0438\u0447\u043a\u043e \u0432\u0435\u045b\u0435 \u0420\u0430\u0434 \u041d\u0430\u0441\u0442\u0430\u0432\u043d\u0438\u0447\u043a\u043e\u0433 \u0432\u0435\u045b\u0430 \u043e\u0434\u0432\u0438\u0458\u0430 \u0441\u0435 \u043a\u0440\u043e\u0437 \u0440\u0435\u0434\u043e\u0432\u043d\u0435 \u0441\u0435\u0434\u043d\u0438\u0446\u0435 \u043d\u0430 \u043f\u043e\u0447\u0435\u0442\u043a\u0443 \u0448\u043a\u043e\u0441\u043b\u043a\u0435 \u0433\u043e\u0434\u0438\u043d\u0435, \u043d\u0430 \u043a\u0440\u0430\u0458\u0443 \u043a\u043b\u0430\u0441\u0438\u0444\u0438\u043e\u043a\u0430\u0446\u0438\u043e\u043d\u0438\u0445 \u043f\u0435\u0440\u0438\u043e\u0434\u0430 \u0438 \u043f\u0440\u0435\u043c\u0430 \u0442\u0435\u043a\u0443\u045b\u0438\u043c \u043f\u043e\u0442\u0440\u0435\u0431\u0430\u043c\u0430 \u043f\u043e\u0441\u043b\u043e\u0432\u0430 \u043d\u0430 \u0431\u0430\u0437\u0438 \u043d\u043e\u0440\u043c\u0430\u0442\u0438\u0432\u043d\u0438\u0445 \u0430\u043a\u0430\u0442\u0430 \u0438 \u043f\u0435\u0434\u0430\u0433\u043e\u0448\u043a\u0438\u0445 \u0437\u0430\u0442\u0435\u0432\u0430. \u0421\u0430\u0434\u0440\u0436\u0430\u0458: \u041d\u043e\u0441\u0438\u043e\u0446 \u0440\u0435\u0430\u043b\u0438\u0437\u0430\u0446\u0438\u0458\u0435 \u0412\u0440\u0435\u043c\u0435 \u0421\u041d\u0412 &#8211; \u043f\u043e\u0434\u0435\u043b\u0430 \u0437\u0430\u0434\u0443\u0436\u0435\u045a\u0430, \u0430\u043d\u0430\u043b\u0438\u0437\u0430 \u043a\u0430\u0434\u0440\u043e\u0432\u0441\u043a\u0438\u0445 \u043f\u0438\u0442\u0430\u045a\u0430, \u043e\u043f\u0435\u0440\u0430\u0442\u0438\u0432\u043d\u0438 \u043f\u043b\u0430\u043d\u043e\u0432\u0438 \u0440\u0430\u0434\u0430, \u0443\u0441\u0432\u0430\u0458\u0430\u045a\u0435 \u0413\u043e\u0434\u0438\u0448\u045a\u0435\u0433 \u0438\u0437\u0432\u0435\u0448\u0442\u0430\u0458\u0430 \u0437\u0430 2018\/19. \u0443\u0441\u0432\u0430\u0458\u0430\u045a\u0435 [&hellip;]<\/p>\n","protected":false},"author":1,"featured_media":504,"parent":0,"menu_order":0,"comment_status":"closed","ping_status":"closed","template":"","meta":{"_et_pb_use_builder":"on","_et_pb_old_content":"","_et_gb_content_width":"","footnotes":""},"class_list":["post-1322","page","type-page","status-publish","has-post-thumbnail","hentry"],"_links":{"self":[{"href":"https:\/\/s-markovic.edu.rs\/hu\/wp-json\/wp\/v2\/pages\/1322","targetHints":{"allow":["GET"]}}],"collection":[{"href":"https:\/\/s-markovic.edu.rs\/hu\/wp-json\/wp\/v2\/pages"}],"about":[{"href":"https:\/\/s-markovic.edu.rs\/hu\/wp-json\/wp\/v2\/types\/page"}],"author":[{"embeddable":true,"href":"https:\/\/s-markovic.edu.rs\/hu\/wp-json\/wp\/v2\/users\/1"}],"replies":[{"embeddable":true,"href":"https:\/\/s-markovic.edu.rs\/hu\/wp-json\/wp\/v2\/comments?post=1322"}],"version-history":[{"count":10,"href":"https:\/\/s-markovic.edu.rs\/hu\/wp-json\/wp\/v2\/pages\/1322\/revisions"}],"predecessor-version":[{"id":2178,"href":"https:\/\/s-markovic.edu.rs\/hu\/wp-json\/wp\/v2\/pages\/1322\/revisions\/2178"}],"wp:featuredmedia":[{"embeddable":true,"href":"https:\/\/s-markovic.edu.rs\/hu\/wp-json\/wp\/v2\/media\/504"}],"wp:attachment":[{"href":"https:\/\/s-markovic.edu.rs\/hu\/wp-json\/wp\/v2\/media?parent=1322"}],"curies":[{"name":"wp","href":"https:\/\/api.w.org\/{rel}","templated":true}]}}