{"id":1257,"date":"2020-06-06T22:28:18","date_gmt":"2020-06-06T22:28:18","guid":{"rendered":"https:\/\/s-markovic.edu.rs\/hu\/?page_id=1257"},"modified":"2020-07-06T22:18:43","modified_gmt":"2020-07-06T22:18:43","slug":"az-iskola-oltozkodesi-szabalyai","status":"publish","type":"page","link":"https:\/\/s-markovic.edu.rs\/hu\/az-iskola-oltozkodesi-szabalyai\/","title":{"rendered":"Az iskola \u00f6lt\u00f6zk\u00f6d\u00e9si szab\u00e1lyai"},"content":{"rendered":"<p>[et_pb_section fb_built=&#8221;1&#8243; custom_padding_last_edited=&#8221;on|phone&#8221; _builder_version=&#8221;4.4.2&#8243; background_color=&#8221;#f4f0d7&#8243; custom_padding=&#8221;10px||17px|||&#8221; custom_padding_tablet=&#8221;&#8221; custom_padding_phone=&#8221;0px||8px||false|false&#8221; bottom_divider_style=&#8221;asymmetric4&#8243; bottom_divider_color=&#8221;#6a353b&#8221; bottom_divider_height=&#8221;30px&#8221;][et_pb_row custom_padding_last_edited=&#8221;on|phone&#8221; _builder_version=&#8221;4.4.2&#8243; background_enable_color=&#8221;off&#8221; width=&#8221;92%&#8221; width_last_edited=&#8221;off|desktop&#8221; custom_padding=&#8221;12px|10px|12px|10px|true|true&#8221; custom_padding_tablet=&#8221;&#8221; custom_padding_phone=&#8221;20px||20px||true|true&#8221; border_color_bottom=&#8221;#bc5e00&#8243; border_style_bottom=&#8221;dashed&#8221;][et_pb_column type=&#8221;4_4&#8243; _builder_version=&#8221;4.4.0&#8243;][et_pb_text _builder_version=&#8221;4.4.9&#8243; text_font=&#8221;|700|||||||&#8221; text_text_color=&#8221;#00142d&#8221; text_font_size=&#8221;45px&#8221; text_line_height=&#8221;1em&#8221; text_orientation=&#8221;center&#8221; hover_enabled=&#8221;0&#8243; text_font_size_tablet=&#8221;&#8221; text_font_size_phone=&#8221;30px&#8221; text_font_size_last_edited=&#8221;on|phone&#8221;]<\/p>\n<p>Az iskola \u00f6lt\u00f6zk\u00f6d\u00e9si szab\u00e1lyai\u200b<\/p>\n<p>[\/et_pb_text][\/et_pb_column][\/et_pb_row][\/et_pb_section][et_pb_section fb_built=&#8221;1&#8243; _builder_version=&#8221;4.4.2&#8243; background_color=&#8221;#f4f0d7&#8243; custom_padding=&#8221;34px||18px|||&#8221;][et_pb_row custom_padding_last_edited=&#8221;on|phone&#8221; _builder_version=&#8221;4.4.2&#8243; width_tablet=&#8221;&#8221; width_phone=&#8221;90%&#8221; width_last_edited=&#8221;on|phone&#8221; custom_padding=&#8221;27px|30px||30px|false|true&#8221; custom_padding_tablet=&#8221;&#8221; custom_padding_phone=&#8221;10px|10px|10px|10px|false|true&#8221; border_width_all=&#8221;1px&#8221; border_color_all=&#8221;rgba(0,0,0,0.3)&#8221;][et_pb_column type=&#8221;4_4&#8243; _builder_version=&#8221;4.4.2&#8243;][et_pb_text _builder_version=&#8221;4.4.8&#8243; text_font=&#8221;||||||||&#8221; text_text_color=&#8221;#00142d&#8221;]<\/p>\n<p>\u0423\u0447\u0435\u043d\u0438\u0446\u0438 \u0438 \u0437\u0430\u043f\u043e\u0441\u043b\u0435\u043d\u0438 \u0443 \u0448\u043a\u043e\u043b\u0443 \u0434\u043e\u043b\u0430\u0437\u0435 \u0443 \u0441\u0432\u043e\u0458\u043e\u0458 \u0443\u043e\u0431\u0438\u0447\u0430\u0458\u0435\u043d\u043e\u0458 \u0433\u0430\u0440\u0434\u0435\u0440\u043e\u0431\u0438.<\/p>\n<p>\u0417\u0430\u043f\u043e\u0441\u043b\u0435\u043d\u0438 \u0441\u0432\u043e\u0458\u0438\u043c \u0438\u0437\u0433\u043b\u0435\u0434\u043e\u043c \u0438 \u043f\u043e\u043d\u0430\u0448\u0430\u045a\u0435\u043c \u043d\u0430 \u0434\u0438\u0440\u0435\u043a\u0442\u0430\u043d \u043d\u0430\u0447\u0438\u043d \u0434\u043e\u043f\u0440\u0438\u043d\u043e\u0441\u0435 \u0443\u0433\u043b\u0435\u0434\u0443 \u0448\u043a\u043e\u043b\u0435 \u0438 \u043e\u0447\u0443\u0432\u0430\u045a\u0443 \u045a\u0435\u043d\u0438\u0445 \u0432\u0440\u0435\u0434\u043d\u043e\u0441\u0442\u0438. \u041f\u0440\u0438\u043a\u043b\u0430\u0434\u043d\u0438\u043c \u043e\u0434\u0435\u0432\u0430\u045a\u0435\u043c \u043f\u0440\u0443\u0436\u0430\u0458\u0443 \u043c\u043e\u0434\u0435\u043b \u043e\u0434\u0435\u0432\u0430\u045a\u0430 \u0443\u0447\u0435\u043d\u0438\u0446\u0438\u043c\u0430.<\/p>\n<p>\u041e\u0431\u0430\u0432\u0435\u0437\u0430 \u0458\u0435 \u043d\u0430\u0441\u0442\u0430\u0432\u043d\u0438\u043a\u0430 \u0438 \u0443\u0447\u0435\u043d\u0438\u043a\u0430 , \u043a\u0430\u043e \u0438 \u043e\u0441\u0442\u0430\u043b\u0438\u0445 \u0437\u0430\u043f\u043e\u0441\u043b\u0435\u043d\u0438\u0445 \u0434\u0430 \u0443 \u0448\u043a\u043e\u043b\u0443 \u0434\u043e\u043b\u0430\u0437\u0435 \u043f\u0440\u0438\u043a\u043b\u0430\u0434\u043d\u043e \u043e\u0434\u0435\u0432\u0435\u043d\u0438 \u0438 \u043f\u0440\u0438\u0441\u0442\u043e\u0458\u043d\u043e\u0433 \u0438\u0437\u0433\u043b\u0435\u0434\u0430.<\/p>\n<p>\u041f\u043e\u0434 \u043d\u0435\u043f\u0440\u0438\u043c\u0435\u0440\u0435\u043d\u0438\u043c \u0438\u0437\u0433\u043b\u0435\u0434\u043e\u043c \u043f\u043e\u0434\u0440\u0430\u0437\u0443\u043c\u0435\u0432\u0430 \u0441\u0435 \u043d\u043e\u0448\u0435\u045a\u0435:<\/p>\n<p>\u043c\u0430\u0458\u0438\u0446\u0430 \u0441\u0430 \u0431\u0440\u0435\u0442\u0435\u043b\u0430\u043c\u0430; \u043c\u0430\u0458\u0438\u0446\u0430 \u0431\u0435\u0437 \u0440\u0443\u043a\u0430\u0432\u0430, \u0443\u043a\u043e\u043b\u0438\u043a\u043e \u043d\u0438\u0441\u0443 \u043f\u0440\u0435\u043a\u0440\u0438\u0432\u0435\u043d\u0435 \u043a\u043e\u0448\u0443\u0459\u043e\u043c, \u0431\u043b\u0435\u0458\u0437\u0435\u0440\u043e\u043c \u0438\u043b\u0438 \u045f\u0435\u043c\u043f\u0435\u0440\u043e\u043c; \u043c\u0430\u0458\u0438\u0446\u0435 \u0441\u0430 \u0434\u0443\u0431\u043e\u043a\u0438\u043c \u0434\u0435\u043a\u043e\u043b\u0442\u0435\u043e\u043c; \u043c\u0430\u0458\u0438\u0446\u0430 \u043a\u043e\u0458\u0435 \u043d\u0435 \u043f\u043e\u043a\u0440\u0438\u0432\u0430\u0458\u0443 \u0441\u0442\u043e\u043c\u0430\u043a \u0438 \u043b\u0435\u0452\u0430; \u0448\u043e\u0440\u0442\u0441\u0430; \u0431\u0435\u0440\u043c\u0443\u0434\u0430 \u0438 \u043f\u0430\u043d\u0442\u0430\u043b\u043e\u043d\u0430, \u0434\u0443\u0436\u0438\u043d\u0435 \u0438\u0437\u043d\u0430\u0434 \u043a\u043e\u043b\u0435\u043d\u0430; \u043c\u0438\u043d\u0438 \u0441\u0443\u043a\u045a\u0438; \u0445\u0435\u043b\u0430\u043d\u043a\u0438 ( \u0443\u043a\u043e\u043b\u0438\u043a\u043e \u043d\u0438\u0441\u0443 \u043f\u0440\u0435\u043a\u0440\u0438\u0432\u0435\u043d\u0435 \u0434\u0443\u0436\u043e\u043c \u0442\u0443\u043d\u0438\u043a\u043e\u043c); \u043f\u0430\u043f\u0443\u0447\u0430; \u043e\u0431\u0443\u045b\u0435 \u0441\u0430 \u043f\u0440\u0435\u0432\u0438\u0441\u043e\u043a\u0438\u043c \u043f\u043e\u0442\u043f\u0435\u0442\u0438\u0446\u0430\u043c\u0430; \u043a\u0430\u043f\u0430, \u043a\u0430\u0447\u043a\u0435\u0442\u0430 \u0438 \u043a\u0430\u043f\u0443\u0459\u0430\u0447\u0430 \u0443 \u0448\u043a\u043e\u043b\u0441\u043a\u043e\u0458 \u0437\u0433\u0440\u0430\u0434\u0438; \u043e\u0434\u0435\u045b\u0435 \u0441\u0430 \u043d\u0430\u0432\u0438\u0458\u0430\u0447\u043a\u0438\u043c \u043e\u0431\u0435\u043b\u0435\u0436\u0458\u0438\u043c\u0430; \u043e\u0434\u0435\u045b\u0435 \u0441\u0430 \u0443\u0432\u0440\u0435\u0434\u0459\u0438\u0432\u0438\u043c \u043d\u0430\u0442\u043f\u0438\u0441\u0438\u043c\u0430 \u0438\u043b\u0438 \u0441\u043b\u0438\u043a\u0430\u043c\u0430, \u043f\u0440\u043e\u0432\u0438\u0434\u043d\u0435 \u0438\u043b\u0438 \u0442\u0435\u0441\u043d\u0435 \u043e\u0434\u0435\u045b\u0435.<\/p>\n<p>\u041d\u0435\u043f\u043e\u0448\u0442\u043e\u0432\u0430\u045a\u0435 \u043f\u0440\u0430\u0432\u0438\u043b\u0430 \u043e \u043e\u0434\u0435\u0432\u0430\u045a\u0443 \u0437\u0430 \u0437\u0430\u043f\u043e\u0441\u043b\u0435\u043d\u0435 \u043f\u0440\u0435\u0434\u0441\u0442\u0430\u0432\u0459\u0430 \u0447\u0438\u045a\u0435\u045a\u0435 \u043b\u0430\u043a\u0448\u0435 \u043f\u043e\u0432\u0440\u0435\u0434\u0435 \u0440\u0430\u0434\u043d\u0435 \u043e\u0431\u0430\u0432\u0435\u0437\u0435, \u0430 \u0437\u0430 \u0443\u0447\u0435\u043d\u0438\u043a\u0435 \u043b\u0430\u043a\u0448\u0443 \u043f\u043e\u0432\u0440\u0435\u0434\u0443 \u043e\u0431\u0430\u0432\u0435\u0437\u0430 \u0443\u0447\u0435\u043d\u0438\u043a\u0430.<\/p>\n<p>\u0423\u0447\u0435\u043d\u0438\u0446\u0438 \u043a\u043e\u0458\u0438 \u0441\u0435 \u043d\u0435 \u0431\u0443\u0434\u0443 \u043f\u0440\u0438\u0434\u0440\u0436\u0430\u0432\u0430\u043b\u0438 \u043f\u0440\u0430\u0432\u0438\u043b\u0430 \u043e \u043e\u0434\u0435\u0432\u0430\u045a\u0443 \u0431\u0438\u045b\u0435 \u0443\u0434\u0430\u0459\u0435\u043d\u0438 \u0441\u0430 \u043d\u0430\u0441\u0442\u0430\u0432\u0435 \u0438 \u043f\u043e\u0441\u043b\u0430\u0442\u0438 \u043a\u0443\u045b\u0438 \u0434\u0430 \u0441\u0435 \u0430\u0434\u0435\u043a\u0432\u0430\u0442\u043d\u043e \u043e\u0431\u0443\u043a\u0443, \u0430 \u0438\u0437\u043e\u0441\u0442\u0430\u043d\u0430\u043a \u0443 \u0442\u0435 \u0441\u0432\u0440\u0445\u0435 \u045b\u0435 \u0431\u0438\u0442\u0438 \u0435\u0432\u0438\u0434\u0435\u043d\u0442\u0438\u0440\u0430\u043d \u043a\u0430\u043e \u043d\u0435\u043e\u043f\u0440\u0430\u0432\u0434\u0430\u043d.<\/p>\n<p>[\/et_pb_text][\/et_pb_column][\/et_pb_row][\/et_pb_section]<\/p>\n","protected":false},"excerpt":{"rendered":"<p>Az iskola \u00f6lt\u00f6zk\u00f6d\u00e9si szab\u00e1lyai\u200b \u0423\u0447\u0435\u043d\u0438\u0446\u0438 \u0438 \u0437\u0430\u043f\u043e\u0441\u043b\u0435\u043d\u0438 \u0443 \u0448\u043a\u043e\u043b\u0443 \u0434\u043e\u043b\u0430\u0437\u0435 \u0443 \u0441\u0432\u043e\u0458\u043e\u0458 \u0443\u043e\u0431\u0438\u0447\u0430\u0458\u0435\u043d\u043e\u0458 \u0433\u0430\u0440\u0434\u0435\u0440\u043e\u0431\u0438. \u0417\u0430\u043f\u043e\u0441\u043b\u0435\u043d\u0438 \u0441\u0432\u043e\u0458\u0438\u043c \u0438\u0437\u0433\u043b\u0435\u0434\u043e\u043c \u0438 \u043f\u043e\u043d\u0430\u0448\u0430\u045a\u0435\u043c \u043d\u0430 \u0434\u0438\u0440\u0435\u043a\u0442\u0430\u043d \u043d\u0430\u0447\u0438\u043d \u0434\u043e\u043f\u0440\u0438\u043d\u043e\u0441\u0435 \u0443\u0433\u043b\u0435\u0434\u0443 \u0448\u043a\u043e\u043b\u0435 \u0438 \u043e\u0447\u0443\u0432\u0430\u045a\u0443 \u045a\u0435\u043d\u0438\u0445 \u0432\u0440\u0435\u0434\u043d\u043e\u0441\u0442\u0438. \u041f\u0440\u0438\u043a\u043b\u0430\u0434\u043d\u0438\u043c \u043e\u0434\u0435\u0432\u0430\u045a\u0435\u043c \u043f\u0440\u0443\u0436\u0430\u0458\u0443 \u043c\u043e\u0434\u0435\u043b \u043e\u0434\u0435\u0432\u0430\u045a\u0430 \u0443\u0447\u0435\u043d\u0438\u0446\u0438\u043c\u0430. \u041e\u0431\u0430\u0432\u0435\u0437\u0430 \u0458\u0435 \u043d\u0430\u0441\u0442\u0430\u0432\u043d\u0438\u043a\u0430 \u0438 \u0443\u0447\u0435\u043d\u0438\u043a\u0430 , \u043a\u0430\u043e \u0438 \u043e\u0441\u0442\u0430\u043b\u0438\u0445 \u0437\u0430\u043f\u043e\u0441\u043b\u0435\u043d\u0438\u0445 \u0434\u0430 \u0443 \u0448\u043a\u043e\u043b\u0443 \u0434\u043e\u043b\u0430\u0437\u0435 \u043f\u0440\u0438\u043a\u043b\u0430\u0434\u043d\u043e \u043e\u0434\u0435\u0432\u0435\u043d\u0438 \u0438 \u043f\u0440\u0438\u0441\u0442\u043e\u0458\u043d\u043e\u0433 \u0438\u0437\u0433\u043b\u0435\u0434\u0430. \u041f\u043e\u0434 [&hellip;]<\/p>\n","protected":false},"author":1,"featured_media":1264,"parent":0,"menu_order":0,"comment_status":"closed","ping_status":"closed","template":"","meta":{"_et_pb_use_builder":"on","_et_pb_old_content":"","_et_gb_content_width":"","footnotes":""},"class_list":["post-1257","page","type-page","status-publish","has-post-thumbnail","hentry"],"_links":{"self":[{"href":"https:\/\/s-markovic.edu.rs\/hu\/wp-json\/wp\/v2\/pages\/1257","targetHints":{"allow":["GET"]}}],"collection":[{"href":"https:\/\/s-markovic.edu.rs\/hu\/wp-json\/wp\/v2\/pages"}],"about":[{"href":"https:\/\/s-markovic.edu.rs\/hu\/wp-json\/wp\/v2\/types\/page"}],"author":[{"embeddable":true,"href":"https:\/\/s-markovic.edu.rs\/hu\/wp-json\/wp\/v2\/users\/1"}],"replies":[{"embeddable":true,"href":"https:\/\/s-markovic.edu.rs\/hu\/wp-json\/wp\/v2\/comments?post=1257"}],"version-history":[{"count":8,"href":"https:\/\/s-markovic.edu.rs\/hu\/wp-json\/wp\/v2\/pages\/1257\/revisions"}],"predecessor-version":[{"id":2379,"href":"https:\/\/s-markovic.edu.rs\/hu\/wp-json\/wp\/v2\/pages\/1257\/revisions\/2379"}],"wp:featuredmedia":[{"embeddable":true,"href":"https:\/\/s-markovic.edu.rs\/hu\/wp-json\/wp\/v2\/media\/1264"}],"wp:attachment":[{"href":"https:\/\/s-markovic.edu.rs\/hu\/wp-json\/wp\/v2\/media?parent=1257"}],"curies":[{"name":"wp","href":"https:\/\/api.w.org\/{rel}","templated":true}]}}