{"id":1248,"date":"2020-06-06T22:01:02","date_gmt":"2020-06-06T22:01:02","guid":{"rendered":"https:\/\/s-markovic.edu.rs\/hu\/?page_id=1248"},"modified":"2020-06-26T07:41:53","modified_gmt":"2020-06-26T07:41:53","slug":"pedagogiai-pszichologiai-szakszolgalat","status":"publish","type":"page","link":"https:\/\/s-markovic.edu.rs\/hu\/pedagogiai-pszichologiai-szakszolgalat\/","title":{"rendered":"Pedag\u00f3giai-pszichol\u00f3giai szakszolg\u00e1lat"},"content":{"rendered":"<p>[et_pb_section fb_built=&#8221;1&#8243; custom_padding_last_edited=&#8221;on|phone&#8221; _builder_version=&#8221;4.4.2&#8243; background_color=&#8221;#f4f0d7&#8243; custom_padding=&#8221;10px||17px|||&#8221; custom_padding_tablet=&#8221;&#8221; custom_padding_phone=&#8221;0px||8px||false|false&#8221; bottom_divider_style=&#8221;asymmetric4&#8243; bottom_divider_color=&#8221;#6a353b&#8221; bottom_divider_height=&#8221;30px&#8221;][et_pb_row custom_padding_last_edited=&#8221;on|phone&#8221; _builder_version=&#8221;4.4.2&#8243; background_enable_color=&#8221;off&#8221; width=&#8221;92%&#8221; width_last_edited=&#8221;off|desktop&#8221; custom_padding=&#8221;12px|10px|12px|10px|true|true&#8221; custom_padding_tablet=&#8221;&#8221; custom_padding_phone=&#8221;20px||20px||true|true&#8221; border_color_bottom=&#8221;#bc5e00&#8243; border_style_bottom=&#8221;dashed&#8221;][et_pb_column type=&#8221;4_4&#8243; _builder_version=&#8221;4.4.0&#8243;][et_pb_text _builder_version=&#8221;4.4.8&#8243; text_font=&#8221;|700|||||||&#8221; text_text_color=&#8221;#00142d&#8221; text_font_size=&#8221;45px&#8221; text_line_height=&#8221;1em&#8221; text_orientation=&#8221;center&#8221; text_font_size_tablet=&#8221;&#8221; text_font_size_phone=&#8221;30px&#8221; text_font_size_last_edited=&#8221;on|phone&#8221;]<\/p>\n<p>Pedag\u00f3giai-pszichol\u00f3giai szakszolg\u00e1lat<\/p>\n<p>[\/et_pb_text][\/et_pb_column][\/et_pb_row][\/et_pb_section][et_pb_section fb_built=&#8221;1&#8243; _builder_version=&#8221;4.4.2&#8243; background_color=&#8221;#f4f0d7&#8243; custom_padding=&#8221;34px||0px|||&#8221;][et_pb_row use_custom_gutter=&#8221;on&#8221; gutter_width=&#8221;2&#8243; custom_padding_last_edited=&#8221;on|phone&#8221; _builder_version=&#8221;4.4.8&#8243; width_tablet=&#8221;&#8221; width_phone=&#8221;90%&#8221; width_last_edited=&#8221;on|phone&#8221; custom_padding=&#8221;27px|30px||30px|false|true&#8221; custom_padding_tablet=&#8221;&#8221; custom_padding_phone=&#8221;10px|10px|10px|10px|false|true&#8221; border_width_all=&#8221;1px&#8221; border_color_all=&#8221;rgba(0,0,0,0.3)&#8221;][et_pb_column type=&#8221;4_4&#8243; _builder_version=&#8221;4.4.2&#8243;][et_pb_image src=&#8221;https:\/\/s-markovic.edu.rs\/hu\/wp-content\/uploads\/sites\/2\/2020\/06\/PEPSI-gimnazija-svetozar-markovic.jpg&#8221; title_text=&#8221;PEPSI gimnazija svetozar markovic&#8221; _builder_version=&#8221;4.4.8&#8243;][\/et_pb_image][\/et_pb_column][\/et_pb_row][et_pb_row column_structure=&#8221;1_4,1_4,1_4,1_4&#8243; use_custom_gutter=&#8221;on&#8221; gutter_width=&#8221;2&#8243; custom_padding_last_edited=&#8221;on|phone&#8221; _builder_version=&#8221;4.4.8&#8243; width_tablet=&#8221;&#8221; width_phone=&#8221;90%&#8221; width_last_edited=&#8221;on|phone&#8221; custom_padding=&#8221;27px|30px||30px|false|true&#8221; custom_padding_tablet=&#8221;&#8221; custom_padding_phone=&#8221;10px|10px|10px|10px|false|true&#8221; border_width_all=&#8221;1px&#8221; border_color_all=&#8221;rgba(0,0,0,0.3)&#8221;][et_pb_column type=&#8221;1_4&#8243; _builder_version=&#8221;4.4.2&#8243;][et_pb_blurb title=&#8221;\u0409\u0438\u0459\u0430\u043d\u0430 \u0410\u0440\u0430\u0452\u0430\u043d\u0441\u043a\u0438-\u0420\u0430\u0458\u043a\u043e\u0432&#8221; use_icon=&#8221;on&#8221; font_icon=&#8221;%%258%%&#8221; icon_color=&#8221;#6a353b&#8221; icon_placement=&#8221;left&#8221; _builder_version=&#8221;4.4.8&#8243; header_text_align=&#8221;left&#8221; header_text_color=&#8221;#00142d&#8221; header_font_size=&#8221;15px&#8221; body_text_align=&#8221;left&#8221; body_text_color=&#8221;#6a353b&#8221; body_line_height=&#8221;1em&#8221;]<\/p>\n<p>\u043f\u0441\u0438\u0445\u043e\u043b\u043e\u0433<\/p>\n<p>[\/et_pb_blurb][\/et_pb_column][et_pb_column type=&#8221;1_4&#8243; _builder_version=&#8221;4.4.2&#8243;][et_pb_blurb title=&#8221;\u0414\u0440\u0430\u0433\u0430\u043d\u0430 \u0411\u0430\u0458\u0430\u0442\u043e\u0432\u0438\u045b&#8221; use_icon=&#8221;on&#8221; font_icon=&#8221;%%258%%&#8221; icon_color=&#8221;#6a353b&#8221; icon_placement=&#8221;left&#8221; _builder_version=&#8221;4.4.8&#8243; header_text_align=&#8221;left&#8221; header_text_color=&#8221;#00142d&#8221; header_font_size=&#8221;15px&#8221; body_text_align=&#8221;left&#8221; body_text_color=&#8221;#6a353b&#8221; body_line_height=&#8221;1em&#8221;]<\/p>\n<p>\u043f\u0435\u0434\u0430\u0433\u043e\u0433<\/p>\n<p>[\/et_pb_blurb][\/et_pb_column][et_pb_column type=&#8221;1_4&#8243; _builder_version=&#8221;4.4.2&#8243;][et_pb_blurb title=&#8221;\u0408\u043e\u0432\u0430\u043d\u0430 \u0408\u043e\u0446\u0438\u045b&#8221; use_icon=&#8221;on&#8221; font_icon=&#8221;%%258%%&#8221; icon_color=&#8221;#6a353b&#8221; icon_placement=&#8221;left&#8221; _builder_version=&#8221;4.4.8&#8243; header_text_align=&#8221;left&#8221; header_text_color=&#8221;#00142d&#8221; header_font_size=&#8221;15px&#8221; body_text_align=&#8221;left&#8221; body_text_color=&#8221;#6a353b&#8221; body_line_height=&#8221;1em&#8221;]<\/p>\n<p>\u043f\u0441\u0438\u0445\u043e\u043b\u043e\u0433<\/p>\n<p>[\/et_pb_blurb][\/et_pb_column][et_pb_column type=&#8221;1_4&#8243; _builder_version=&#8221;4.4.2&#8243;][et_pb_blurb title=&#8221;\u0422\u0435\u0440\u0435\u0437\u0430 \u041f\u0435\u0440\u0438\u0448\u0438\u045b-\u0413\u0430\u0448\u043f\u0430\u0440&#8221; use_icon=&#8221;on&#8221; font_icon=&#8221;%%258%%&#8221; icon_color=&#8221;#6a353b&#8221; icon_placement=&#8221;left&#8221; _builder_version=&#8221;4.4.8&#8243; header_text_align=&#8221;left&#8221; header_text_color=&#8221;#00142d&#8221; header_font_size=&#8221;15px&#8221; body_text_align=&#8221;left&#8221; body_text_color=&#8221;#6a353b&#8221; body_line_height=&#8221;1em&#8221;]<\/p>\n<p>\u043f\u0441\u0438\u0445\u043e\u043b\u043e\u0433<\/p>\n<p>[\/et_pb_blurb][\/et_pb_column][\/et_pb_row][et_pb_row column_structure=&#8221;2_3,1_3&#8243; use_custom_gutter=&#8221;on&#8221; gutter_width=&#8221;2&#8243; custom_padding_last_edited=&#8221;on|phone&#8221; _builder_version=&#8221;4.4.8&#8243; width_tablet=&#8221;&#8221; width_phone=&#8221;90%&#8221; width_last_edited=&#8221;on|phone&#8221; custom_padding=&#8221;27px|30px|15px|30px|false|true&#8221; custom_padding_tablet=&#8221;&#8221; custom_padding_phone=&#8221;10px|10px|10px|10px|false|true&#8221; border_width_all=&#8221;1px&#8221; border_color_all=&#8221;rgba(0,0,0,0.3)&#8221;][et_pb_column type=&#8221;2_3&#8243; _builder_version=&#8221;4.4.2&#8243;][et_pb_text _builder_version=&#8221;4.4.8&#8243;]<\/p>\n<h4 style=\"text-align: center;\"><span style=\"color: #800000;\"><strong>\u041e\u0411\u0420\u0410\u040b\u0410\u040a\u0415 \u0423\u0427\u0415\u041d\u0418\u0426\u0418\u041c\u0410<\/strong><\/span><\/h4>\n<p>\u0414\u0440\u0430\u0433\u0438 \u0443\u0447\u0435\u043d\u0438\u0446\u0438 \u0438 \u0443\u0447\u0435\u043d\u0438\u0446\u0435,<\/p>\n<p>\u0423 \u0441\u043b\u0443\u0447\u0430\u0458\u0443 \u0434\u0430 \u0432\u0430\u043c \u0458\u0435 \u043f\u043e\u0442\u0440\u0435\u0431\u043d\u0430\u00a0 \u0434\u043e\u0434\u0430\u0442\u043d\u0430 \u043f\u043e\u0434\u0440\u0448\u043a\u0430 \u0443 \u0443\u0447\u0435\u045a\u0443, \u0441\u0430\u0432\u0435\u0442 \u0438 \u043f\u043e\u043c\u043e\u045b \u043f\u0435\u0434\u0430\u0433\u043e\u0433\u0430 \u0438 \u043f\u0441\u0438\u0445\u043e\u043b\u043e\u0433\u0430,\u00a0 \u0438\u043d\u0434\u0438\u0432\u0438\u0434\u0443\u0430\u043b\u043d\u0438 \u0441\u0430\u0432\u0435\u0442\u043e\u0434\u0430\u0432\u043d\u0438 \u0440\u0430\u0437\u0433\u043e\u0432\u043e\u0440 \u0441\u0430 \u0441\u0442\u0440\u0443\u0447\u043d\u0438\u043c \u043b\u0438\u0446\u0438\u043c\u0430 \u0438 \u0443\u043a\u043e\u043b\u0438\u043a\u043e \u0438\u043c\u0430\u0442\u0435 \u0437\u0430\u043d\u0438\u043c\u0459\u0438\u0432\u0435 \u0438 \u043a\u0440\u0435\u0430\u0442\u0438\u0432\u043d\u0435 \u0438\u0434\u0435\u0458\u0435 \u0443 \u043e\u0431\u043b\u0430\u0441\u0442\u0438 \u043e\u0447\u0443\u0432\u0430\u045a\u0430 \u043c\u0435\u043d\u0442\u0430\u043b\u043d\u043e\u0433 \u0437\u0434\u0440\u0430\u0432\u0459\u0430, \u043e\u0434\u0440\u0436\u0430\u0432\u0430\u045a\u0430 \u0440\u0430\u0434\u0438\u043e\u043d\u0438\u0446\u0430, \u0443\u043d\u0430\u043f\u0440\u0435\u0452\u0438\u0432\u0430\u045a\u0430 \u0440\u0430\u0434\u0430 \u0423\u0447\u0435\u043d\u0438\u0447\u043a\u043e\u0433 \u043f\u0430\u0440\u043b\u0430\u043c\u0435\u043d\u0442\u0430, \u043e\u0431\u0440\u0430\u0442\u0438\u0442\u0435 \u0441\u0435 \u043d\u0430 \u043c\u0435\u0458\u043b \u0430\u0434\u0440\u0435\u0441\u0443 \u043f\u0441\u0438\u0445\u043e\u043b\u043e\u0448\u043a\u043e-\u043f\u0435\u0434\u0430\u0433\u043e\u0448\u043a\u0435 \u0441\u043b\u0443\u0436\u0431\u0435 \u0433\u0438\u043c\u043d\u0430\u0437\u0438\u0458\u0435 <a href=\"mailto:pepsi.svetina@gmail.com\">pepsi.svetina@gmail.com<\/a>. \u0422\u0443 \u0441\u043c\u043e \u0434\u0430\u00a0 \u0432\u0430\u0441 \u043e\u0441\u043d\u0430\u0436\u0438\u043c\u043e, \u043f\u0440\u0443\u0436\u0438\u043c\u043e \u0432\u0430\u043c \u0430\u0434\u0435\u043a\u0432\u0430\u0442\u043d\u0443 \u043f\u043e\u043c\u043e\u045b \u0438 \u043f\u043e\u0434\u0440\u0448\u043a\u0443 \u0438 \u043f\u043e\u043c\u043e\u0433\u043d\u0435\u043c\u043e \u0443 \u0440\u0435\u0430\u043b\u0438\u0437\u0430\u0446\u0438\u0458\u0438 \u0432\u0430\u0448\u0438\u0445 \u0437\u0430\u043c\u0438\u0441\u043b\u0438 \u0438 \u0438\u0434\u0435\u0458\u0430.<\/p>\n<h4 style=\"text-align: center;\"><span style=\"color: #800000;\"><strong>\u041e\u0411\u0420\u0410\u040b\u0410\u040a\u0415 \u0420\u041e\u0414\u0418\u0422\u0415\u0409\u0418\u041c\u0410<\/strong><\/span><span style=\"font-size: 14px; text-align: left;\">\u00a0<\/span><\/h4>\n<p>\u041f\u043e\u0448\u0442\u043e\u0432\u0430\u043d\u0438 \u0440\u043e\u0434\u0438\u0442\u0435\u0459\u0438,<\/p>\n<p>\u0423\u043a\u043e\u043b\u0438\u043a\u043e \u0438\u043c\u0430\u0442\u0435 \u043f\u0440\u043e\u0431\u043b\u0435\u043c\u0435, \u043d\u0435\u0434\u043e\u0443\u043c\u0438\u0446\u0435, \u0434\u0438\u043b\u0435\u043c\u0435, \u043f\u0438\u0442\u0430\u045a\u0430 \u0443 \u043e\u0431\u043b\u0430\u0441\u0442\u0438 \u0432\u0430\u0441\u043f\u0438\u0442\u0430\u045a\u0430, \u043f\u0440\u043e\u0446\u0435\u0441\u0430 \u0443\u0447\u0435\u045a\u0430, \u043c\u0435\u043d\u0442\u0430\u043b\u043d\u043e\u0433 \u0437\u0434\u0440\u0430\u0432\u0459\u0430 \u0432\u0430\u0448\u0435 \u0434\u0435\u0446\u0435 \u0438 \u043f\u043e\u0442\u0440\u0435\u0431\u0430\u043d \u0432\u0430\u043c \u0458\u0435 \u0441\u0430\u0432\u0435\u0442 \u0438 \u0441\u043c\u0435\u0440\u043d\u0438\u0446\u0430 \u043f\u0441\u0438\u0445\u043e\u043b\u043e\u0433\u0430 \u0438 \u043f\u0435\u0434\u0430\u0433\u043e\u0433\u0430, \u043e\u0431\u0440\u0430\u0442\u0438\u0442\u0435 \u043d\u0430\u043c \u0441\u0435 \u043d\u0430 \u043c\u0435\u0458\u043b \u0430\u0434\u0440\u0435\u0441\u0443 \u043f\u0441\u0438\u0445\u043e\u043b\u043e\u0448\u043a\u043e-\u043f\u0435\u0434\u0430\u0433\u043e\u0448\u043a\u0435 \u0441\u043b\u0443\u0436\u0431\u0435 \u0433\u0438\u043c\u043d\u0430\u0437\u0438\u0458\u0435 <a href=\"mailto:pepsi.svetina@gmail.com\">pepsi.svetina@gmail.com<\/a>.\u00a0 \u0422\u0440\u0443\u0434\u0438\u045b\u0435\u043c\u043e \u0441\u0435 \u0434\u0430 \u0432\u0430\u043c \u043f\u0440\u0443\u0436\u0438\u043c\u043e \u0448\u0442\u043e \u0430\u0434\u0435\u043a\u0432\u0430\u0442\u043d\u0438\u0458\u0443 \u043f\u043e\u043c\u043e\u045b \u0438 \u043f\u043e\u0434\u0440\u0448\u043a\u0443!<\/p>\n<p style=\"text-align: left;\">\u0421\u0440\u0434\u0430\u0447\u043d\u043e,<\/p>\n<p style=\"text-align: left;\">\u041f\u0435\u0434\u0430\u0433\u043e\u0448\u043a\u043e &#8211; \u043f\u0441\u0438\u0445\u043e\u043b\u043e\u0448\u043a\u0430 \u0441\u043b\u0443\u0436\u0431\u0430<\/p>\n<p style=\"text-align: left;\">\n<p>[\/et_pb_text][\/et_pb_column][et_pb_column type=&#8221;1_3&#8243; _builder_version=&#8221;4.4.2&#8243;][et_pb_image src=&#8221;https:\/\/s-markovic.edu.rs\/hu\/wp-content\/uploads\/sites\/2\/2020\/06\/PEPSI-gimnazija-svetozar-markovic-2.jpg&#8221; title_text=&#8221;PEPSI gimnazija svetozar markovic 2&#8243; _builder_version=&#8221;4.4.8&#8243;][\/et_pb_image][\/et_pb_column][\/et_pb_row][\/et_pb_section]<\/p>\n","protected":false},"excerpt":{"rendered":"<p>Pedag\u00f3giai-pszichol\u00f3giai szakszolg\u00e1lat\u043f\u0441\u0438\u0445\u043e\u043b\u043e\u0433\u043f\u0435\u0434\u0430\u0433\u043e\u0433\u043f\u0441\u0438\u0445\u043e\u043b\u043e\u0433\u043f\u0441\u0438\u0445\u043e\u043b\u043e\u0433\u041e\u0411\u0420\u0410\u040b\u0410\u040a\u0415 \u0423\u0427\u0415\u041d\u0418\u0426\u0418\u041c\u0410 \u0414\u0440\u0430\u0433\u0438 \u0443\u0447\u0435\u043d\u0438\u0446\u0438 \u0438 \u0443\u0447\u0435\u043d\u0438\u0446\u0435, \u0423 \u0441\u043b\u0443\u0447\u0430\u0458\u0443 \u0434\u0430 \u0432\u0430\u043c \u0458\u0435 \u043f\u043e\u0442\u0440\u0435\u0431\u043d\u0430\u00a0 \u0434\u043e\u0434\u0430\u0442\u043d\u0430 \u043f\u043e\u0434\u0440\u0448\u043a\u0430 \u0443 \u0443\u0447\u0435\u045a\u0443, \u0441\u0430\u0432\u0435\u0442 \u0438 \u043f\u043e\u043c\u043e\u045b \u043f\u0435\u0434\u0430\u0433\u043e\u0433\u0430 \u0438 \u043f\u0441\u0438\u0445\u043e\u043b\u043e\u0433\u0430,\u00a0 \u0438\u043d\u0434\u0438\u0432\u0438\u0434\u0443\u0430\u043b\u043d\u0438 \u0441\u0430\u0432\u0435\u0442\u043e\u0434\u0430\u0432\u043d\u0438 \u0440\u0430\u0437\u0433\u043e\u0432\u043e\u0440 \u0441\u0430 \u0441\u0442\u0440\u0443\u0447\u043d\u0438\u043c \u043b\u0438\u0446\u0438\u043c\u0430 \u0438 \u0443\u043a\u043e\u043b\u0438\u043a\u043e \u0438\u043c\u0430\u0442\u0435 \u0437\u0430\u043d\u0438\u043c\u0459\u0438\u0432\u0435 \u0438 \u043a\u0440\u0435\u0430\u0442\u0438\u0432\u043d\u0435 \u0438\u0434\u0435\u0458\u0435 \u0443 \u043e\u0431\u043b\u0430\u0441\u0442\u0438 \u043e\u0447\u0443\u0432\u0430\u045a\u0430 \u043c\u0435\u043d\u0442\u0430\u043b\u043d\u043e\u0433 \u0437\u0434\u0440\u0430\u0432\u0459\u0430, \u043e\u0434\u0440\u0436\u0430\u0432\u0430\u045a\u0430 \u0440\u0430\u0434\u0438\u043e\u043d\u0438\u0446\u0430, \u0443\u043d\u0430\u043f\u0440\u0435\u0452\u0438\u0432\u0430\u045a\u0430 \u0440\u0430\u0434\u0430 \u0423\u0447\u0435\u043d\u0438\u0447\u043a\u043e\u0433 \u043f\u0430\u0440\u043b\u0430\u043c\u0435\u043d\u0442\u0430, \u043e\u0431\u0440\u0430\u0442\u0438\u0442\u0435 \u0441\u0435 \u043d\u0430 \u043c\u0435\u0458\u043b \u0430\u0434\u0440\u0435\u0441\u0443 \u043f\u0441\u0438\u0445\u043e\u043b\u043e\u0448\u043a\u043e-\u043f\u0435\u0434\u0430\u0433\u043e\u0448\u043a\u0435 \u0441\u043b\u0443\u0436\u0431\u0435 \u0433\u0438\u043c\u043d\u0430\u0437\u0438\u0458\u0435 [&hellip;]<\/p>\n","protected":false},"author":1,"featured_media":24,"parent":0,"menu_order":0,"comment_status":"closed","ping_status":"closed","template":"","meta":{"_et_pb_use_builder":"on","_et_pb_old_content":"","_et_gb_content_width":"","footnotes":""},"class_list":["post-1248","page","type-page","status-publish","has-post-thumbnail","hentry"],"_links":{"self":[{"href":"https:\/\/s-markovic.edu.rs\/hu\/wp-json\/wp\/v2\/pages\/1248","targetHints":{"allow":["GET"]}}],"collection":[{"href":"https:\/\/s-markovic.edu.rs\/hu\/wp-json\/wp\/v2\/pages"}],"about":[{"href":"https:\/\/s-markovic.edu.rs\/hu\/wp-json\/wp\/v2\/types\/page"}],"author":[{"embeddable":true,"href":"https:\/\/s-markovic.edu.rs\/hu\/wp-json\/wp\/v2\/users\/1"}],"replies":[{"embeddable":true,"href":"https:\/\/s-markovic.edu.rs\/hu\/wp-json\/wp\/v2\/comments?post=1248"}],"version-history":[{"count":10,"href":"https:\/\/s-markovic.edu.rs\/hu\/wp-json\/wp\/v2\/pages\/1248\/revisions"}],"predecessor-version":[{"id":2154,"href":"https:\/\/s-markovic.edu.rs\/hu\/wp-json\/wp\/v2\/pages\/1248\/revisions\/2154"}],"wp:featuredmedia":[{"embeddable":true,"href":"https:\/\/s-markovic.edu.rs\/hu\/wp-json\/wp\/v2\/media\/24"}],"wp:attachment":[{"href":"https:\/\/s-markovic.edu.rs\/hu\/wp-json\/wp\/v2\/media?parent=1248"}],"curies":[{"name":"wp","href":"https:\/\/api.w.org\/{rel}","templated":true}]}}