{"id":1029,"date":"2020-06-05T21:08:44","date_gmt":"2020-06-05T21:08:44","guid":{"rendered":"https:\/\/s-markovic.edu.rs\/hu\/?page_id=1029"},"modified":"2020-06-29T18:16:38","modified_gmt":"2020-06-29T18:16:38","slug":"konyvtarosi-szakkor","status":"publish","type":"page","link":"https:\/\/s-markovic.edu.rs\/hu\/konyvtarosi-szakkor\/","title":{"rendered":"K\u00f6nyvt\u00e1rosi szakk\u00f6r"},"content":{"rendered":"<p>[et_pb_section fb_built=&#8221;1&#8243; custom_padding_last_edited=&#8221;on|phone&#8221; _builder_version=&#8221;4.4.2&#8243; background_color=&#8221;#f4f0d7&#8243; custom_padding=&#8221;10px||17px|||&#8221; custom_padding_tablet=&#8221;&#8221; custom_padding_phone=&#8221;0px||8px||false|false&#8221; bottom_divider_style=&#8221;asymmetric4&#8243; bottom_divider_color=&#8221;#6a353b&#8221; bottom_divider_height=&#8221;30px&#8221;][et_pb_row custom_padding_last_edited=&#8221;on|phone&#8221; _builder_version=&#8221;4.4.2&#8243; background_enable_color=&#8221;off&#8221; width=&#8221;92%&#8221; width_last_edited=&#8221;off|desktop&#8221; custom_padding=&#8221;12px|10px|12px|10px|true|true&#8221; custom_padding_tablet=&#8221;&#8221; custom_padding_phone=&#8221;20px||20px||true|true&#8221; border_color_bottom=&#8221;#bc5e00&#8243; border_style_bottom=&#8221;dashed&#8221;][et_pb_column type=&#8221;4_4&#8243; _builder_version=&#8221;4.4.0&#8243;][et_pb_text _builder_version=&#8221;4.4.8&#8243; text_font=&#8221;|700|||||||&#8221; text_text_color=&#8221;#00142d&#8221; text_font_size=&#8221;45px&#8221; text_line_height=&#8221;1em&#8221; text_orientation=&#8221;center&#8221; hover_enabled=&#8221;0&#8243; text_font_size_tablet=&#8221;&#8221; text_font_size_phone=&#8221;30px&#8221; text_font_size_last_edited=&#8221;on|phone&#8221;]<\/p>\n<p class=\"entry-title\">K\u00f6nyvt\u00e1rosi szakk\u00f6r<\/p>\n<p>[\/et_pb_text][\/et_pb_column][\/et_pb_row][\/et_pb_section][et_pb_section fb_built=&#8221;1&#8243; _builder_version=&#8221;4.4.2&#8243; background_color=&#8221;#f4f0d7&#8243; custom_padding=&#8221;34px||0px|||&#8221;][et_pb_row custom_padding_last_edited=&#8221;on|phone&#8221; _builder_version=&#8221;4.4.2&#8243; width_tablet=&#8221;&#8221; width_phone=&#8221;90%&#8221; width_last_edited=&#8221;on|phone&#8221; custom_padding=&#8221;27px|30px|0px|30px|false|true&#8221; custom_padding_tablet=&#8221;&#8221; custom_padding_phone=&#8221;10px|10px|10px|10px|false|true&#8221; border_width_all=&#8221;1px&#8221; border_color_all=&#8221;rgba(0,0,0,0.3)&#8221;][et_pb_column type=&#8221;4_4&#8243; _builder_version=&#8221;4.4.2&#8243;][et_pb_text _builder_version=&#8221;4.4.8&#8243; text_font=&#8221;||||||||&#8221; text_text_color=&#8221;#00142d&#8221; header_4_text_color=&#8221;#6a353b&#8221; header_4_line_height=&#8221;1.4em&#8221; custom_margin=&#8221;||8px|||&#8221; header_4_text_shadow_style=&#8221;preset4&#8243;]<\/p>\n<p><img loading=\"lazy\" decoding=\"async\" src=\"https:\/\/s-markovic.edu.rs\/hu\/wp-content\/uploads\/sites\/2\/2020\/06\/biblioteka-gimnazija-svetozar-markovic-6.jpg\" width=\"2000\" height=\"1500\" alt=\"\" class=\"wp-image-820 alignnone size-full\" srcset=\"https:\/\/s-markovic.edu.rs\/hu\/wp-content\/uploads\/sites\/2\/2020\/06\/biblioteka-gimnazija-svetozar-markovic-6.jpg 2000w, https:\/\/s-markovic.edu.rs\/hu\/wp-content\/uploads\/sites\/2\/2020\/06\/biblioteka-gimnazija-svetozar-markovic-6-1280x960.jpg 1280w, https:\/\/s-markovic.edu.rs\/hu\/wp-content\/uploads\/sites\/2\/2020\/06\/biblioteka-gimnazija-svetozar-markovic-6-980x735.jpg 980w, https:\/\/s-markovic.edu.rs\/hu\/wp-content\/uploads\/sites\/2\/2020\/06\/biblioteka-gimnazija-svetozar-markovic-6-480x360.jpg 480w\" sizes=\"(min-width: 0px) and (max-width: 480px) 480px, (min-width: 481px) and (max-width: 980px) 980px, (min-width: 981px) and (max-width: 1280px) 1280px, (min-width: 1281px) 2000px, 100vw\" \/><\/p>\n<p>\u0411\u0438\u0431\u043b\u0438\u043e\u0442\u0435\u043a\u0430\u00a0\u043d\u0438\u0458\u0435 \u0441\u0430\u043c\u043e \u043c\u0435\u0441\u0442\u043e \u0433\u0434\u0435 \u0441\u0435 \u0438\u0441\u043a\u0459\u0443\u0447\u0438\u0432\u043e \u043f\u043e\u0437\u0430\u0458\u043c\u0459\u0443\u0458\u0435 \u043e\u0431\u0430\u0432\u0435\u0437\u043d\u0430 \u043b\u0435\u043a\u0442\u0438\u0440\u0430 \u0438\u043b\u0438 \u043a\u045a\u0438\u0433\u0435 \u043d\u0430\u043c\u0435\u045a\u0435\u043d\u0435 \u0447\u0438\u0442\u0430\u045a\u0443 \u0443 \u0441\u043b\u043e\u0431\u043e\u0434\u043d\u043e\u043c \u0432\u0440\u0435\u043c\u0435\u043d\u0443, \u0432\u0435\u045b \u0458\u0435 \u0438 \u0430\u043a\u0442\u0438\u0432\u0430\u043d \u0447\u0438\u043d\u0438\u043b\u0430\u0446 \u0443 \u043f\u0440\u043e\u0446\u0435\u0441\u0443\u00a0\u043e\u0431\u0440\u0430\u0437\u043e\u0432\u0430\u045a\u0430\u00a0\u0438 \u0432\u0430\u0441\u043f\u0438\u0442\u0430\u045a\u0430\u00a0\u0443\u0447\u0435\u043d\u0438\u043a\u0430 \u0443 \u0433\u0438\u043c\u043d\u0430\u0437\u0438\u0458\u0438.<br \/> \u0414\u0430 \u0431\u0438 \u0431\u0438\u0431\u043b\u0438\u043e\u0442\u0435\u043a\u0430 \u0458\u043e\u0448 \u0432\u0438\u0448\u0435 \u0431\u0438\u043b\u0430 \u0430\u043a\u0442\u0438\u0432\u043d\u0438 \u0447\u0438\u043d\u0438\u043b\u0430\u0446 \u0443 \u0436\u0438\u0432\u043e\u0442\u0443 \u0438 \u0440\u0430\u0434\u0443 \u045a\u0435\u043d\u0438\u0445 \u043a\u043e\u0440\u0438\u0441\u043d\u0438\u043a\u0430 \u043e\u0444\u043e\u0440\u043c\u0459\u0435\u043d\u0430 \u0458\u0435 \u0438 \u0431\u0438\u0431\u043b\u0438\u043e\u0442\u0435\u0447\u043a\u0430 \u0441\u0435\u043a\u0446\u0438\u0458\u0430<span style=\"color: #800000;\"><strong>\u00a0<em>\u041c\u043b\u0430\u0434\u0438 \u0431\u0438\u0431\u043b\u0438\u043e\u0442\u0435\u043a\u0430\u0440\u0438<\/em><\/strong><\/span>.\u00a0 \u041a\u0440\u043e\u0437 \u0441\u0435\u043a\u0446\u0438\u0458\u0443 \u0443\u0447\u0435\u043d\u0438\u0446\u0438 \u043f\u043e\u0440\u0435\u0434 \u0435\u0434\u0443\u043a\u0430\u0446\u0438\u0458\u0435 \u0438\u0437 \u043e\u0431\u043b\u0430\u0441\u0442\u0438 \u0431\u0438\u0431\u043b\u0438\u043e\u0442\u0435\u043a\u0430\u0440\u0441\u0442\u0432\u0430 \u0438 \u0431\u0438\u0431\u043b\u0438\u043e\u0442\u0435\u0447\u043a\u0435 \u0434\u0435\u043b\u0430\u0442\u043d\u043e\u0441\u0442\u0438 \u0443\u0458\u0435\u0434\u043d\u043e \u043f\u043e\u043f\u0443\u045a\u0430\u0432\u0430\u0458\u0443 \u0441\u0432\u043e\u0458\u0435 \u0432\u0440\u0435\u043c\u0435 \u043a\u0440\u0435\u0430\u0442\u0438\u0432\u043d\u0438\u043c \u0430\u043a\u0442\u0438\u0432\u043d\u043e\u0441\u0442\u0438\u043c\u0430, \u0434\u0440\u0443\u0436\u0435\u045a\u0435\u043c \u0438 \u0437\u0430\u0431\u0430\u0432\u043e\u043c. \u041e\u0432\u0430\u00a0\u0441\u0435\u043a\u0446\u0438\u0458\u0430 \u0458\u0435 \u043f\u043e\u0447\u0435\u043b\u0430 \u0441\u0430 \u0440\u0430\u0434\u043e\u043c \u0448\u043a\u043e\u043b\u0441\u043a\u0435 2010\/2011. \u0433\u043e\u0434\u0438\u043d\u0435, \u043f\u043e\u0434 \u043c\u0435\u043d\u0442\u043e\u0440\u0441\u0442\u0432\u043e\u043c \u0421\u0430\u043d\u0434\u0440\u0435 \u0410\u043d\u0442\u0438\u045b, \u043f\u0440\u043e\u0444. \u0441\u0440\u043f\u0441\u043a\u0435 \u043a\u045a\u0438\u0436\u0435\u0432\u043d\u043e\u0441\u0442\u0438 \u0438 \u0458\u0435\u0437\u0438\u043a\u0430, \u0438 \u043f\u043e \u0441\u0442\u0440\u0443\u0446\u0438 \u0431\u0438\u0431\u043b\u0438\u043e\u0442\u0435\u043a\u0430\u0440\u0430.<\/p>\n<p><strong><span style=\"color: #800000;\">\u0426\u0438\u0459\u0435\u0432\u0438 \u0440\u0430\u0434\u0430 \u043e\u0432\u0435 \u0441\u0435\u043a\u0446\u0438\u0458\u0435 \u0441\u0443:<\/span><\/strong><\/p>\n<p>&#8211;\u00a0\u0441\u0442\u0432\u0430\u0440\u0430\u045a\u0435 \u0430\u043a\u0442\u0438\u0432\u043d\u0435\u00a0\u0448\u043a\u043e\u043b\u0441\u043a\u0435\u00a0\u0431\u0438\u0431\u043b\u0438\u043e\u0442\u0435\u043a\u0435 \u043a\u0430\u043e \u0438\u043d\u0444\u043e-\u0446\u0435\u043d\u0442\u0440\u0430,<br \/> &#8211;\u00a0\u00a0\u0440\u0430\u0437\u0432\u0438\u0458\u0430\u045a\u0435 \u0459\u0443\u0431\u0430\u0432\u0438 \u043f\u0440\u0435\u043c\u0430 \u043a\u045a\u0438\u0437\u0438,\u00a0\u043f\u043e\u043f\u0443\u043b\u0430\u0440\u0438\u0441\u0430\u045a\u0435\u00a0\u043a\u045a\u0438\u0433\u0435 \u0438\u00a0\u0447\u0438\u0442\u0430\u045a\u0430,<br \/> &#8211;\u00a0\u0441\u0442\u0438\u0446\u0430\u045a\u0435 \u043e\u0441\u043d\u043e\u0432\u043d\u0438\u0445 \u0437\u043d\u0430\u045a\u0430 \u043e \u0440\u0430\u0434\u0443 \u0431\u0438\u0431\u043b\u0438\u043e\u0442\u0435\u043a\u0435,<br \/> &#8211;\u00a0\u0437\u0430\u0434\u043e\u0432\u043e\u0459\u0435\u045a\u0435 \u043e\u0431\u0440\u0430\u0437\u043e\u0432\u043d\u0438\u0445, \u043a\u0443\u043b\u0442\u0443\u0440\u043d\u0438\u0445 \u0438 \u0447\u0438\u0442\u0430\u043b\u0430\u0447\u043a\u0438\u0445 \u043f\u043e\u0442\u0440\u0435\u0431\u0430,<br \/> &#8211;\u00a0\u043e\u0431\u043e\u0433\u0430\u045b\u0438\u0432\u0430\u045a\u0435 \u0437\u043d\u0430\u045a\u0430 \u0443\u0447\u0435\u043d\u0438\u043a\u0430,<br \/> &#8211;\u00a0\u043f\u043e\u0434\u0441\u0442\u0438\u0446\u0430\u045a\u0435 \u043a\u0440\u0435\u0430\u0442\u0438\u0432\u043d\u043e\u0441\u0442\u0438 \u0438 \u0443\u0440\u0435\u0452\u0438\u0432\u0430\u045a\u0435 \u043f\u0440\u043e\u0441\u0442\u043e\u0440\u0430 \u0431\u0438\u0431\u043b\u0438\u043e\u0442\u0435\u043a\u0435.<\/p>\n<p>\u0427\u043b\u0430\u043d\u043e\u0432\u0438 \u0441\u0435\u043a\u0446\u0438\u0458\u0435 \u043f\u0440\u043e\u043c\u043e\u0432\u0438\u0448\u0443 \u043a\u045a\u0438\u0433\u0435 \u0438 \u0447\u0438\u0442\u0430\u045a\u0435, \u0441\u0440\u0435\u0452\u0443\u0458\u0443 \u043a\u045a\u0438\u0436\u043d\u0438 \u0444\u043e\u043d\u0434, \u0443\u043d\u0430\u043f\u0440\u0435\u0452\u0443\u0458\u0443 \u043a\u0432\u0430\u043b\u0438\u0442\u0435\u0442 \u0443\u0441\u043b\u0443\u0433\u0430, \u043f\u0440\u0430\u0442\u0435 \u043f\u043e\u0442\u0440\u0435\u0431\u0435 \u043a\u043e\u0440\u0438\u0441\u043d\u0438\u043a\u0430, \u043f\u0440\u0435\u0434\u0441\u0442\u0430\u0432\u0459\u0430\u0458\u0443 \u043d\u043e\u0432\u0430 \u0438\u0437\u0434\u0430\u045a\u0430 \u0434\u043e\u043c\u0430\u045b\u0438\u0445 \u0438 \u0441\u0442\u0440\u0430\u043d\u0438\u0445 \u0430\u0443\u0442\u043e\u0440\u0430, \u0438\u0437\u0440\u0430\u0452\u0443\u0458\u0443 \u043f\u0430\u043d\u043e \u043a\u0443\u043b\u0442\u0443\u0440\u043d\u0438\u0445 \u0434\u0435\u0448\u0430\u0432\u0430\u045a\u0430, \u043f\u0440\u0438\u0440\u0435\u0452\u0443\u0458\u0443 \u0438\u0437\u043b\u043e\u0436\u0431\u0435, \u043e\u0431\u0435\u043b\u0435\u0436\u0430\u0432\u0430\u0458\u0443 \u0458\u0443\u0431\u0438\u043b\u0435\u0458\u0435, \u0443\u0447\u0435\u0441\u0442\u0432\u0443\u0458\u0443 \u0443\u00a0\u043a\u0440\u0435\u0430\u0442\u0438\u0432\u043d\u0438\u043c \u0440\u0430\u0434\u0438\u043e\u043d\u0438\u0446\u0430\u043c\u0430, \u0441\u0430\u0440\u0430\u0452\u0443\u0458\u0443 \u0441\u0430 \u0434\u0440\u0443\u0433\u0438\u043c \u0441\u0435\u043a\u0446\u0438\u0458\u0430\u043c\u0430&#8230;<\/p>\n<p>\u0414\u0430\u043d\u0430\u0441 \u0441\u0435\u043a\u0446\u0438\u0458\u0430\u00a0<em>\u041c\u043b\u0430\u0434\u0438 \u0431\u0438\u0431\u043b\u0438\u043e\u0442\u0435\u043a\u0430\u0440\u0438<\/em>\u00a0\u0431\u0440\u043e\u0458\u0438 \u0443\u043a\u0443\u043f\u043d\u043e\u00a011 \u0447\u043b\u0430\u043d\u043e\u0432\u0430:<\/p>\n<ul>\n<li>\u041a\u0440\u0438\u0441\u0442\u0438\u043d\u0430 \u0418\u0432\u0430\u043d\u0447\u0435\u0432\u0438\u045b III8,<\/li>\n<li>\u041c\u0438\u043e\u043d\u0430 \u0422\u0435\u0448\u0430\u043d\u043e\u0432\u0438\u045b III8,<\/li>\n<li>\u0408\u0435\u043b\u0435\u043d\u0430 \u0411\u0438\u043b\u0438\u045b III7,<\/li>\n<li>\u041b\u0430\u043d\u0430 \u041b\u0430\u0437\u0430\u043d\u0441\u043a\u0438\u00a0III7,<\/li>\n<li>\u041c\u0438\u043b\u0430\u043d\u0430 \u041c\u0438\u043b\u043e\u0432\u0430\u0446 III3,<\/li>\n<li>\u0410\u043d\u0430\u0441\u0442\u0430\u0441\u0438\u0458\u0430 \u040b\u043e\u0440\u0430\u0446 III3,<\/li>\n<li>\u0410\u043d\u0452\u0435\u043b\u0430 \u041a\u0440\u0443\u043f\u0459\u0430\u043d\u0438\u043d III5,<\/li>\n<li>\u0408\u0435\u043b\u0435\u043d\u0430 \u0418\u043b\u0438\u045b III5<\/li>\n<li>\u0414\u0430\u043d\u0438\u0446\u0430 \u0417\u0435\u0446 III5,<\/li>\n<li>\u0418\u0432\u0430 \u041a\u043e\u0432\u0430\u0447\u0438\u045b I3,<\/li>\n<li>\u0418\u0432\u0430\u043d\u0430 \u041f\u0440\u045a\u0438\u045b I3.<\/li>\n<\/ul>\n<p>\u0411\u0440\u043e\u0458 \u0447\u043b\u0430\u043d\u043e\u0432\u0430 \u0458\u0435 \u0443 \u0441\u0442\u0430\u043b\u043d\u043e\u043c \u043f\u043e\u0440\u0430\u0441\u0442\u0443.<\/p>\n<p>\u0410\u043a\u043e \u0441\u0442\u0435 \u0438 \u0432\u0438 \u0459\u0443\u0431\u0438\u0442\u0435\u0459\u0438 \u043a\u045a\u0438\u0433\u0435, \u0447\u0438\u0442\u0430\u045a\u0430, \u0431\u0438\u0431\u043b\u0438\u043e\u0442\u0435\u043a\u0435, \u043a\u0440\u0435\u0430\u0442\u0438\u0432\u043d\u0438\u0445 \u0430\u043a\u0442\u0438\u0432\u043d\u043e\u0441\u0442\u0438, \u0443\u0447\u0435\u045a\u0430 \u0438 \u0437\u0430\u0431\u0430\u0432\u0435, \u043f\u0440\u0438\u0434\u0440\u0443\u0436\u0438\u0442\u0435 \u043d\u0430\u043c \u0441\u0435!<\/p>\n<p><img loading=\"lazy\" decoding=\"async\" src=\"https:\/\/s-markovic.edu.rs\/hu\/wp-content\/uploads\/sites\/2\/2020\/06\/biblioteka-gimnazija-svetozar-markovic-9-2.jpg\" width=\"600\" height=\"400\" alt=\"\" class=\"wp-image-825 alignnone size-full\" srcset=\"https:\/\/s-markovic.edu.rs\/hu\/wp-content\/uploads\/sites\/2\/2020\/06\/biblioteka-gimnazija-svetozar-markovic-9-2.jpg 600w, https:\/\/s-markovic.edu.rs\/hu\/wp-content\/uploads\/sites\/2\/2020\/06\/biblioteka-gimnazija-svetozar-markovic-9-2-480x320.jpg 480w\" sizes=\"(min-width: 0px) and (max-width: 480px) 480px, (min-width: 481px) 600px, 100vw\" \/><\/p>\n<p>&#8212;<\/p>\n<h4><strong>\u0410\u0440\u0445\u0438\u0432\u0430:<\/strong><\/h4>\n<ul>\n<li><a href=\"https:\/\/s-markovic.edu.rs\/hu\/wp-content\/uploads\/sites\/2\/2020\/06\/AKTIVNOSTI-BIBLIOTECKE-SEKCIJE-2016.2017-pdf.pdf\">\u0410\u043a\u0442\u0438\u0432\u043d\u043e\u0441\u0442\u0438 \u0431\u0438\u0431\u043b\u0438\u043e\u0442\u0435\u0447\u043a\u0435 \u0441\u0435\u043a\u0446\u0438\u0458\u0435 \u0443 2016\/2017. \u0433\u043e\u0434\u0438\u043d\u0438<\/a><\/li>\n<\/ul>\n<p>[\/et_pb_text][\/et_pb_column][\/et_pb_row][et_pb_row use_custom_gutter=&#8221;on&#8221; gutter_width=&#8221;2&#8243; _builder_version=&#8221;4.4.2&#8243; width_tablet=&#8221;&#8221; width_phone=&#8221;90%&#8221; width_last_edited=&#8221;on|phone&#8221; custom_padding=&#8221;||0px|||&#8221;][et_pb_column type=&#8221;4_4&#8243; _builder_version=&#8221;4.4.2&#8243;][et_pb_text _builder_version=&#8221;4.4.8&#8243;]<\/p>\n<h2>\u0414\u0435\u0448\u0430\u0432\u0430\u045a\u0430\u00a0<\/h2>\n<p>[\/et_pb_text][et_pb_blog fullwidth=&#8221;off&#8221; posts_number=&#8221;9&#8243; include_categories=&#8221;51&#8243; show_categories=&#8221;off&#8221; show_excerpt=&#8221;off&#8221; masonry_tile_background_color=&#8221;#f4f0d7&#8243; _builder_version=&#8221;4.4.8&#8243; meta_text_color=&#8221;#6a353b&#8221; background_color=&#8221;#f4f0d7&#8243; border_radii=&#8221;on|10px|10px|10px|10px&#8221; border_width_top=&#8221;10px&#8221; border_color_top=&#8221;#6a353b&#8221; border_width_bottom=&#8221;10px&#8221; border_color_bottom=&#8221;#dddddd&#8221; border_style_bottom=&#8221;ridge&#8221; box_shadow_style=&#8221;preset2&#8243; header_text_color__hover_enabled=&#8221;off|hover&#8221; header_text_color__hover=&#8221;#6a353b&#8221; custom_margin__hover_enabled=&#8221;on|hover&#8221; custom_margin__hover=&#8221;||||false|false&#8221; border_color_top__hover_enabled=&#8221;on|desktop&#8221; border_width_top__hover_enabled=&#8221;on|hover&#8221; border_width_bottom__hover_enabled=&#8221;on|desktop&#8221; border_width_bottom__hover=&#8221;10px&#8221; border_color_bottom__hover_enabled=&#8221;on|hover&#8221; border_color_bottom__hover=&#8221;#6a353b&#8221;][\/et_pb_blog][\/et_pb_column][\/et_pb_row][\/et_pb_section]<\/p>\n","protected":false},"excerpt":{"rendered":"<p>K\u00f6nyvt\u00e1rosi szakk\u00f6r \u0411\u0438\u0431\u043b\u0438\u043e\u0442\u0435\u043a\u0430\u00a0\u043d\u0438\u0458\u0435 \u0441\u0430\u043c\u043e \u043c\u0435\u0441\u0442\u043e \u0433\u0434\u0435 \u0441\u0435 \u0438\u0441\u043a\u0459\u0443\u0447\u0438\u0432\u043e \u043f\u043e\u0437\u0430\u0458\u043c\u0459\u0443\u0458\u0435 \u043e\u0431\u0430\u0432\u0435\u0437\u043d\u0430 \u043b\u0435\u043a\u0442\u0438\u0440\u0430 \u0438\u043b\u0438 \u043a\u045a\u0438\u0433\u0435 \u043d\u0430\u043c\u0435\u045a\u0435\u043d\u0435 \u0447\u0438\u0442\u0430\u045a\u0443 \u0443 \u0441\u043b\u043e\u0431\u043e\u0434\u043d\u043e\u043c \u0432\u0440\u0435\u043c\u0435\u043d\u0443, \u0432\u0435\u045b \u0458\u0435 \u0438 \u0430\u043a\u0442\u0438\u0432\u0430\u043d \u0447\u0438\u043d\u0438\u043b\u0430\u0446 \u0443 \u043f\u0440\u043e\u0446\u0435\u0441\u0443\u00a0\u043e\u0431\u0440\u0430\u0437\u043e\u0432\u0430\u045a\u0430\u00a0\u0438 \u0432\u0430\u0441\u043f\u0438\u0442\u0430\u045a\u0430\u00a0\u0443\u0447\u0435\u043d\u0438\u043a\u0430 \u0443 \u0433\u0438\u043c\u043d\u0430\u0437\u0438\u0458\u0438. \u0414\u0430 \u0431\u0438 \u0431\u0438\u0431\u043b\u0438\u043e\u0442\u0435\u043a\u0430 \u0458\u043e\u0448 \u0432\u0438\u0448\u0435 \u0431\u0438\u043b\u0430 \u0430\u043a\u0442\u0438\u0432\u043d\u0438 \u0447\u0438\u043d\u0438\u043b\u0430\u0446 \u0443 \u0436\u0438\u0432\u043e\u0442\u0443 \u0438 \u0440\u0430\u0434\u0443 \u045a\u0435\u043d\u0438\u0445 \u043a\u043e\u0440\u0438\u0441\u043d\u0438\u043a\u0430 \u043e\u0444\u043e\u0440\u043c\u0459\u0435\u043d\u0430 \u0458\u0435 \u0438 \u0431\u0438\u0431\u043b\u0438\u043e\u0442\u0435\u0447\u043a\u0430 \u0441\u0435\u043a\u0446\u0438\u0458\u0430\u00a0\u041c\u043b\u0430\u0434\u0438 \u0431\u0438\u0431\u043b\u0438\u043e\u0442\u0435\u043a\u0430\u0440\u0438.\u00a0 \u041a\u0440\u043e\u0437 \u0441\u0435\u043a\u0446\u0438\u0458\u0443 \u0443\u0447\u0435\u043d\u0438\u0446\u0438 \u043f\u043e\u0440\u0435\u0434 \u0435\u0434\u0443\u043a\u0430\u0446\u0438\u0458\u0435 \u0438\u0437 \u043e\u0431\u043b\u0430\u0441\u0442\u0438 [&hellip;]<\/p>\n","protected":false},"author":1,"featured_media":1011,"parent":0,"menu_order":0,"comment_status":"closed","ping_status":"closed","template":"","meta":{"_et_pb_use_builder":"on","_et_pb_old_content":"","_et_gb_content_width":"","footnotes":""},"class_list":["post-1029","page","type-page","status-publish","has-post-thumbnail","hentry"],"_links":{"self":[{"href":"https:\/\/s-markovic.edu.rs\/hu\/wp-json\/wp\/v2\/pages\/1029","targetHints":{"allow":["GET"]}}],"collection":[{"href":"https:\/\/s-markovic.edu.rs\/hu\/wp-json\/wp\/v2\/pages"}],"about":[{"href":"https:\/\/s-markovic.edu.rs\/hu\/wp-json\/wp\/v2\/types\/page"}],"author":[{"embeddable":true,"href":"https:\/\/s-markovic.edu.rs\/hu\/wp-json\/wp\/v2\/users\/1"}],"replies":[{"embeddable":true,"href":"https:\/\/s-markovic.edu.rs\/hu\/wp-json\/wp\/v2\/comments?post=1029"}],"version-history":[{"count":8,"href":"https:\/\/s-markovic.edu.rs\/hu\/wp-json\/wp\/v2\/pages\/1029\/revisions"}],"predecessor-version":[{"id":2283,"href":"https:\/\/s-markovic.edu.rs\/hu\/wp-json\/wp\/v2\/pages\/1029\/revisions\/2283"}],"wp:featuredmedia":[{"embeddable":true,"href":"https:\/\/s-markovic.edu.rs\/hu\/wp-json\/wp\/v2\/media\/1011"}],"wp:attachment":[{"href":"https:\/\/s-markovic.edu.rs\/hu\/wp-json\/wp\/v2\/media?parent=1029"}],"curies":[{"name":"wp","href":"https:\/\/api.w.org\/{rel}","templated":true}]}}